{"id":713279,"date":"2025-08-27T17:05:56","date_gmt":"2025-08-27T14:05:56","guid":{"rendered":"https:\/\/roveyayinevi.com.tr\/index.php\/urun\/dede-korkut-hikayeleri-kitab-i-dedem-korkut\/"},"modified":"2026-04-16T02:21:46","modified_gmt":"2026-04-15T23:21:46","slug":"dede-korkut-hikayeleri-kitab-i-dedem-korkut","status":"publish","type":"product","link":"https:\/\/roveyayinevi.com.tr\/index.php\/urun\/dede-korkut-hikayeleri-kitab-i-dedem-korkut\/","title":{"rendered":"Dede Korkut Hikayeleri &#8211; Kitab-\u0131 Dedem Korkut"},"content":{"rendered":"<p>Dede Korkut (tahmini olarak IX-XI. y\u00fczy\u0131l): O\u011fuzlar\u0131n Bayat boyundan, yar\u0131 efsanevi bir bilge ve kendi ad\u0131n\u0131 ta\u015f\u0131yan destans\u0131 hik\u00e2yelerin anlat\u0131c\u0131s\u0131d\u0131r. Hakk\u0131ndaki bilgiler b\u00fcy\u00fck \u00f6l\u00e7\u00fcde rivayetlere ve Dede Korkut Hik\u00e2yeleri\u2019nde yer alan ifadelere dayan\u0131r. Hik\u00e2yelerinde O\u011fuzlar\u0131n geleneklerini, ya\u015fant\u0131lar\u0131n\u0131 ve \u00e7e\u015fitli olaylar kar\u015f\u0131s\u0131ndaki tutumunu anlatan Dede Korkut ozanlar piri olarak nitelenmi\u015f, co\u015fkulu bir \u00fcslupla aktard\u0131\u011f\u0131 destanlar\u0131nda iyili\u011fi, do\u011frulu\u011fu ve erdemli olmay\u0131 \u00f6\u011f\u00fctlemi\u015ftir. S\u00f6zl\u00fc halk edebiyat\u0131n\u0131n \u00fcr\u00fcn\u00fc olan destanlar\u0131 y\u00fczy\u0131llar boyunca ya\u015fam\u0131\u015f, XV. y\u00fczy\u0131lda yaz\u0131ya ge\u00e7irilerek g\u00fcn\u00fcm\u00fcze ula\u015fm\u0131\u015ft\u0131r.<\/p>\n","protected":false},"excerpt":{"rendered":"<p>Dede Korkut (tahmini olarak IX-XI. y\u00fczy\u0131l): O\u011fuzlar\u0131n Bayat boyundan, yar\u0131 efsanevi bir bilge ve kendi ad\u0131n\u0131 ta\u015f\u0131yan destans\u0131 hik\u00e2yelerin anlat\u0131c\u0131s\u0131d\u0131r. Hakk\u0131ndaki bilgiler b\u00fcy\u00fck \u00f6l\u00e7\u00fcde rivayetlere ve<span class=\"excerpt-hellip\"> [\u2026]<\/span><\/p>\n","protected":false},"featured_media":0,"template":"","meta":{"_monsterinsights_skip_tracking":false,"_monsterinsights_sitenote_active":false,"_monsterinsights_sitenote_note":"","_monsterinsights_sitenote_category":0},"product_brand":[],"product_cat":[12291,13872],"product_tag":[],"class_list":{"0":"post-713279","1":"product","2":"type-product","3":"status-publish","5":"product_cat-edebiyat","6":"product_cat-klasikler","7":"pa_cilt-ciltsiz","8":"pa_tur-kitap","9":"pa_yayinevi-is-bankasi-kultur-yayinlari","10":"pa_yazar-kollektif","12":"first","13":"instock","14":"sale","15":"shipping-taxable","16":"purchasable","17":"product-type-simple"},"_links":{"self":[{"href":"https:\/\/roveyayinevi.com.tr\/index.php\/wp-json\/wp\/v2\/product\/713279","targetHints":{"allow":["GET"]}}],"collection":[{"href":"https:\/\/roveyayinevi.com.tr\/index.php\/wp-json\/wp\/v2\/product"}],"about":[{"href":"https:\/\/roveyayinevi.com.tr\/index.php\/wp-json\/wp\/v2\/types\/product"}],"wp:attachment":[{"href":"https:\/\/roveyayinevi.com.tr\/index.php\/wp-json\/wp\/v2\/media?parent=713279"}],"wp:term":[{"taxonomy":"product_brand","embeddable":true,"href":"https:\/\/roveyayinevi.com.tr\/index.php\/wp-json\/wp\/v2\/product_brand?post=713279"},{"taxonomy":"product_cat","embeddable":true,"href":"https:\/\/roveyayinevi.com.tr\/index.php\/wp-json\/wp\/v2\/product_cat?post=713279"},{"taxonomy":"product_tag","embeddable":true,"href":"https:\/\/roveyayinevi.com.tr\/index.php\/wp-json\/wp\/v2\/product_tag?post=713279"}],"curies":[{"name":"wp","href":"https:\/\/api.w.org\/{rel}","templated":true}]}}