{"id":713276,"date":"2025-08-27T17:05:53","date_gmt":"2025-08-27T14:05:53","guid":{"rendered":"https:\/\/roveyayinevi.com.tr\/index.php\/urun\/bazilari-uzaktan-sever\/"},"modified":"2026-04-11T13:41:20","modified_gmt":"2026-04-11T10:41:20","slug":"bazilari-uzaktan-sever","status":"publish","type":"product","link":"https:\/\/roveyayinevi.com.tr\/index.php\/urun\/bazilari-uzaktan-sever\/","title":{"rendered":"Baz\u0131lar\u0131 Uzaktan Sever"},"content":{"rendered":"<p>Benimle hi\u00e7 an\u0131lmayan bir hayatta nefes ald\u0131m. Benimle hi\u00e7 an\u0131lmayan yollarda yan\u0131mda biri varm\u0131\u015f gibi y\u00fcr\u00fcd\u00fcm. \u015eark\u0131lar se\u00e7tim onun i\u00e7in. Elini tuttum. Elbette mutluluklardan da bahsetmeyi \u00e7ok isterdim. Fakat benim gibiler, yani ac\u0131s\u0131na kimseyi inand\u0131ramayanlar, mutlu olman\u0131n yolunu \u00e7oktan unuturlar. \u00c7\u00fcnk\u00fc beni ayakta tutan en alttaki ta\u015f\u0131, bilerek \u00e7ekti biri hayat\u0131mdan. Kendi \u00fcst\u00fcme y\u0131k\u0131ld\u0131m. Bunca zaman, o kadar \u00e7ok sustum ki b\u00fct\u00fcn sesler i\u00e7imde birikti.  \u015eimdi r\u00fczg\u00e2r\u0131n iniltisine bile imreniyorum. <\/p>\n","protected":false},"excerpt":{"rendered":"<p>Benimle hi\u00e7 an\u0131lmayan bir hayatta nefes ald\u0131m. Benimle hi\u00e7 an\u0131lmayan yollarda yan\u0131mda biri varm\u0131\u015f gibi y\u00fcr\u00fcd\u00fcm. \u015eark\u0131lar se\u00e7tim onun i\u00e7in. Elini tuttum. Elbette mutluluklardan da bahsetmeyi<span class=\"excerpt-hellip\"> [\u2026]<\/span><\/p>\n","protected":false},"featured_media":0,"template":"","meta":{"_monsterinsights_skip_tracking":false,"_monsterinsights_sitenote_active":false,"_monsterinsights_sitenote_note":"","_monsterinsights_sitenote_category":0},"product_brand":[],"product_cat":[12777,12291],"product_tag":[],"class_list":{"0":"post-713276","1":"product","2":"type-product","3":"status-publish","5":"product_cat-deneme","6":"product_cat-edebiyat","7":"pa_cilt-ciltsiz","8":"pa_tur-kitap","9":"pa_yayinevi-hayykitap","10":"pa_yazar-halis-karabenli","12":"first","13":"instock","14":"sale","15":"shipping-taxable","16":"purchasable","17":"product-type-simple"},"_links":{"self":[{"href":"https:\/\/roveyayinevi.com.tr\/index.php\/wp-json\/wp\/v2\/product\/713276","targetHints":{"allow":["GET"]}}],"collection":[{"href":"https:\/\/roveyayinevi.com.tr\/index.php\/wp-json\/wp\/v2\/product"}],"about":[{"href":"https:\/\/roveyayinevi.com.tr\/index.php\/wp-json\/wp\/v2\/types\/product"}],"wp:attachment":[{"href":"https:\/\/roveyayinevi.com.tr\/index.php\/wp-json\/wp\/v2\/media?parent=713276"}],"wp:term":[{"taxonomy":"product_brand","embeddable":true,"href":"https:\/\/roveyayinevi.com.tr\/index.php\/wp-json\/wp\/v2\/product_brand?post=713276"},{"taxonomy":"product_cat","embeddable":true,"href":"https:\/\/roveyayinevi.com.tr\/index.php\/wp-json\/wp\/v2\/product_cat?post=713276"},{"taxonomy":"product_tag","embeddable":true,"href":"https:\/\/roveyayinevi.com.tr\/index.php\/wp-json\/wp\/v2\/product_tag?post=713276"}],"curies":[{"name":"wp","href":"https:\/\/api.w.org\/{rel}","templated":true}]}}