{"id":713270,"date":"2025-08-27T17:05:50","date_gmt":"2025-08-27T14:05:50","guid":{"rendered":"https:\/\/roveyayinevi.com.tr\/index.php\/urun\/kirilan-kalpler-nereye-gider\/"},"modified":"2025-09-09T11:36:37","modified_gmt":"2025-09-09T08:36:37","slug":"kirilan-kalpler-nereye-gider","status":"publish","type":"product","link":"https:\/\/roveyayinevi.com.tr\/index.php\/urun\/kirilan-kalpler-nereye-gider\/","title":{"rendered":"K\u0131r\u0131lan Kalpler Nereye Gider?"},"content":{"rendered":"<p>Ne\u015fe \u00e7ok soru soran, sorular\u0131n\u0131n cevab\u0131n\u0131 almadan asla pe\u015fini b\u0131rakmayan merakl\u0131 bir \u00e7ocuk&#8230;Ne\u015fe\u2019nin kimsenin akl\u0131na gelmeyen birbirinden ilgin\u00e7 sorular\u0131 var.&#8221;Y\u0131ld\u0131zlar g\u00fcnd\u00fczleri uyudu\u011fu i\u00e7in mi g\u00f6r\u00fcnmezler?Turuncu sa\u00e7l\u0131 insanlar \u00e7ok fazla havu\u00e7 yedi\u011fi i\u00e7in mi sa\u00e7lar\u0131 turuncu?Yeme\u011fimizi yemedi\u011fimiz zaman neden yemekler arkam\u0131zdan a\u011flar?\u201dVee Ne\u015fe bir g\u00fcn en zor sorusunu sorar&#8230;&#8221;K\u0131r\u0131lan kalpler nereye gider?&#8221; <\/p>\n","protected":false},"excerpt":{"rendered":"<p>Ne\u015fe \u00e7ok soru soran, sorular\u0131n\u0131n cevab\u0131n\u0131 almadan asla pe\u015fini b\u0131rakmayan merakl\u0131 bir \u00e7ocuk&#8230;Ne\u015fe\u2019nin kimsenin akl\u0131na gelmeyen birbirinden ilgin\u00e7 sorular\u0131 var.&#8221;Y\u0131ld\u0131zlar g\u00fcnd\u00fczleri uyudu\u011fu i\u00e7in mi g\u00f6r\u00fcnmezler?Turuncu sa\u00e7l\u0131<span class=\"excerpt-hellip\"> [\u2026]<\/span><\/p>\n","protected":false},"featured_media":0,"template":"","meta":{"_monsterinsights_skip_tracking":false,"_monsterinsights_sitenote_active":false,"_monsterinsights_sitenote_note":"","_monsterinsights_sitenote_category":0},"product_brand":[],"product_cat":[12913,12274],"product_tag":[],"class_list":{"0":"post-713270","1":"product","2":"type-product","3":"status-publish","5":"product_cat-3-6-yas-kitaplari","6":"product_cat-cocuk-ve-genclik-kitaplari","7":"pa_cilt-ciltsiz","8":"pa_tur-kitap","9":"pa_yayinevi-timas-cocuk","10":"pa_yazar-gulsen-arslan-akca","12":"first","13":"instock","14":"sale","15":"shipping-taxable","16":"purchasable","17":"product-type-simple"},"_links":{"self":[{"href":"https:\/\/roveyayinevi.com.tr\/index.php\/wp-json\/wp\/v2\/product\/713270","targetHints":{"allow":["GET"]}}],"collection":[{"href":"https:\/\/roveyayinevi.com.tr\/index.php\/wp-json\/wp\/v2\/product"}],"about":[{"href":"https:\/\/roveyayinevi.com.tr\/index.php\/wp-json\/wp\/v2\/types\/product"}],"wp:attachment":[{"href":"https:\/\/roveyayinevi.com.tr\/index.php\/wp-json\/wp\/v2\/media?parent=713270"}],"wp:term":[{"taxonomy":"product_brand","embeddable":true,"href":"https:\/\/roveyayinevi.com.tr\/index.php\/wp-json\/wp\/v2\/product_brand?post=713270"},{"taxonomy":"product_cat","embeddable":true,"href":"https:\/\/roveyayinevi.com.tr\/index.php\/wp-json\/wp\/v2\/product_cat?post=713270"},{"taxonomy":"product_tag","embeddable":true,"href":"https:\/\/roveyayinevi.com.tr\/index.php\/wp-json\/wp\/v2\/product_tag?post=713270"}],"curies":[{"name":"wp","href":"https:\/\/api.w.org\/{rel}","templated":true}]}}