{"id":713267,"date":"2025-08-27T17:05:48","date_gmt":"2025-08-27T14:05:48","guid":{"rendered":"https:\/\/roveyayinevi.com.tr\/index.php\/urun\/define-2\/"},"modified":"2026-04-16T02:21:46","modified_gmt":"2026-04-15T23:21:46","slug":"define-2","status":"publish","type":"product","link":"https:\/\/roveyayinevi.com.tr\/index.php\/urun\/define-2\/","title":{"rendered":"Define"},"content":{"rendered":"<p>Edebiyat\u0131m\u0131zda, ba\u015fl\u0131 ba\u015f\u0131na insan ruhunun derinliklerinde olup bitenleri ele alan ilk roman, Mehmet Rauf&#8217;un Eyl\u00fcl&#8217;\u00fcd\u00fcr. Yazar genellikle bu b\u00fcy\u00fck yap\u0131t\u0131yla an\u0131lsa da asl\u0131nda farkl\u0131 t\u00fcrlerde romanlar da yazm\u0131\u015ft\u0131r. \u0130\u015fte, Define belki de onlar\u0131n en ilginci; polisiye-macera t\u00fcr\u00fcn\u00fcn bir \u00f6rne\u011fidir.Erzurum&#8217;da \u00e7al\u0131\u015fan bir doktor olan \u015eakir Feyzi, bir tesad\u00fcf eseri hayat\u0131n\u0131n nas\u0131l de\u011fi\u015fti\u011fini anlat\u0131yor. \u0130stanbul&#8217;a yolu nas\u0131l d\u00fc\u015fecek, a\u015fk\u0131 nas\u0131l bulacak, t\u00fcrl\u00fc belalardan nas\u0131l kurtulacak? <\/p>\n","protected":false},"excerpt":{"rendered":"<p>Edebiyat\u0131m\u0131zda, ba\u015fl\u0131 ba\u015f\u0131na insan ruhunun derinliklerinde olup bitenleri ele alan ilk roman, Mehmet Rauf&#8217;un Eyl\u00fcl&#8217;\u00fcd\u00fcr. Yazar genellikle bu b\u00fcy\u00fck yap\u0131t\u0131yla an\u0131lsa da asl\u0131nda farkl\u0131 t\u00fcrlerde romanlar<span class=\"excerpt-hellip\"> [\u2026]<\/span><\/p>\n","protected":false},"featured_media":0,"template":"","meta":{"_monsterinsights_skip_tracking":false,"_monsterinsights_sitenote_active":false,"_monsterinsights_sitenote_note":"","_monsterinsights_sitenote_category":0},"product_brand":[],"product_cat":[12274,20117],"product_tag":[],"class_list":{"0":"post-713267","1":"product","2":"type-product","3":"status-publish","5":"product_cat-cocuk-ve-genclik-kitaplari","6":"product_cat-turk-klasikleri","7":"pa_cilt-ciltsiz","8":"pa_tur-kitap","9":"pa_yayinevi-antik-kitap","10":"pa_yazar-mehmed-rauf","12":"first","13":"instock","14":"sale","15":"shipping-taxable","16":"purchasable","17":"product-type-simple"},"_links":{"self":[{"href":"https:\/\/roveyayinevi.com.tr\/index.php\/wp-json\/wp\/v2\/product\/713267","targetHints":{"allow":["GET"]}}],"collection":[{"href":"https:\/\/roveyayinevi.com.tr\/index.php\/wp-json\/wp\/v2\/product"}],"about":[{"href":"https:\/\/roveyayinevi.com.tr\/index.php\/wp-json\/wp\/v2\/types\/product"}],"wp:attachment":[{"href":"https:\/\/roveyayinevi.com.tr\/index.php\/wp-json\/wp\/v2\/media?parent=713267"}],"wp:term":[{"taxonomy":"product_brand","embeddable":true,"href":"https:\/\/roveyayinevi.com.tr\/index.php\/wp-json\/wp\/v2\/product_brand?post=713267"},{"taxonomy":"product_cat","embeddable":true,"href":"https:\/\/roveyayinevi.com.tr\/index.php\/wp-json\/wp\/v2\/product_cat?post=713267"},{"taxonomy":"product_tag","embeddable":true,"href":"https:\/\/roveyayinevi.com.tr\/index.php\/wp-json\/wp\/v2\/product_tag?post=713267"}],"curies":[{"name":"wp","href":"https:\/\/api.w.org\/{rel}","templated":true}]}}