{"id":713264,"date":"2025-08-27T17:05:46","date_gmt":"2025-08-27T14:05:46","guid":{"rendered":"https:\/\/roveyayinevi.com.tr\/index.php\/urun\/eglenceli-tarih-dahi-fatihin-muhtesem-fethi\/"},"modified":"2026-04-16T02:21:45","modified_gmt":"2026-04-15T23:21:45","slug":"eglenceli-tarih-dahi-fatihin-muhtesem-fethi","status":"publish","type":"product","link":"https:\/\/roveyayinevi.com.tr\/index.php\/urun\/eglenceli-tarih-dahi-fatihin-muhtesem-fethi\/","title":{"rendered":"E\u011flenceli Tarih &#8211; Dahi Fatih&#8217;in Muhte\u015fem Fethi"},"content":{"rendered":"<p>Mutlaka herkesin tan\u0131d\u0131\u011f\u0131 bir Mehmet vard\u0131r. Ama tan\u0131d\u0131\u011f\u0131m\u0131z Mehmetler i\u00e7inde kendisi muhterem, \u015fan\u0131 muhte\u015fem, mesle\u011fi &#8220;Padi\u015fahl\u0131k&#8221;, ad\u0131 da Fatih Sultan Mehmet olan bir \u015fah\u0131s mevcut ki, onu yaln\u0131z biz de\u011fil, t\u00fcm d\u00fcnya tan\u0131yor! Elinizdeki kitapta, # \u015eehzadelerin nas\u0131l staj yapt\u0131\u011f\u0131n\u0131, # Fatih&#8217;i &#8220;Dahi&#8221; yapan bulu\u015flar\u0131n\u0131, # 13 ya\u015f\u0131nda padi\u015fahken yazd\u0131\u011f\u0131 \u015fa\u015f\u0131rt\u0131c\u0131 mektubu, # Denizde de\u011fil, karada ilerleyen gemilerin s\u0131rr\u0131n\u0131 a\u00e7\u0131klayan bir y\u0131\u011f\u0131n ilgin\u00e7 bilgi bulacaks\u0131n\u0131z. # Fatih&#8217;in ke\u015ffedilmemi\u015f g\u00fcnl\u00fc\u011f\u00fcyle gizli kalm\u0131\u015f ger\u00e7ekleri ke\u015ffedin. Tarihin s\u0131rl\u0131 d\u00fcnyas\u0131nda e\u011flenceli yolculu\u011fa \u00e7\u0131kmaya haz\u0131r m\u0131s\u0131n\u0131z? \ufffcTan\u0131t\u0131m Metni<\/p>\n","protected":false},"excerpt":{"rendered":"<p>Mutlaka herkesin tan\u0131d\u0131\u011f\u0131 bir Mehmet vard\u0131r. Ama tan\u0131d\u0131\u011f\u0131m\u0131z Mehmetler i\u00e7inde kendisi muhterem, \u015fan\u0131 muhte\u015fem, mesle\u011fi &#8220;Padi\u015fahl\u0131k&#8221;, ad\u0131 da Fatih Sultan Mehmet olan bir \u015fah\u0131s mevcut ki,<span class=\"excerpt-hellip\"> [\u2026]<\/span><\/p>\n","protected":false},"featured_media":0,"template":"","meta":{"_monsterinsights_skip_tracking":false,"_monsterinsights_sitenote_active":false,"_monsterinsights_sitenote_note":"","_monsterinsights_sitenote_category":0},"product_brand":[],"product_cat":[12274,12284],"product_tag":[],"class_list":{"0":"post-713264","1":"product","2":"type-product","3":"status-publish","5":"product_cat-cocuk-ve-genclik-kitaplari","6":"product_cat-hikayeler","7":"pa_cilt-ciltsiz","8":"pa_tur-kitap","9":"pa_yayinevi-eglenceli-bilgi-yayinlari","10":"pa_yazar-behice-tezcakar","12":"first","13":"instock","14":"sale","15":"shipping-taxable","16":"purchasable","17":"product-type-simple"},"_links":{"self":[{"href":"https:\/\/roveyayinevi.com.tr\/index.php\/wp-json\/wp\/v2\/product\/713264","targetHints":{"allow":["GET"]}}],"collection":[{"href":"https:\/\/roveyayinevi.com.tr\/index.php\/wp-json\/wp\/v2\/product"}],"about":[{"href":"https:\/\/roveyayinevi.com.tr\/index.php\/wp-json\/wp\/v2\/types\/product"}],"wp:attachment":[{"href":"https:\/\/roveyayinevi.com.tr\/index.php\/wp-json\/wp\/v2\/media?parent=713264"}],"wp:term":[{"taxonomy":"product_brand","embeddable":true,"href":"https:\/\/roveyayinevi.com.tr\/index.php\/wp-json\/wp\/v2\/product_brand?post=713264"},{"taxonomy":"product_cat","embeddable":true,"href":"https:\/\/roveyayinevi.com.tr\/index.php\/wp-json\/wp\/v2\/product_cat?post=713264"},{"taxonomy":"product_tag","embeddable":true,"href":"https:\/\/roveyayinevi.com.tr\/index.php\/wp-json\/wp\/v2\/product_tag?post=713264"}],"curies":[{"name":"wp","href":"https:\/\/api.w.org\/{rel}","templated":true}]}}