{"id":713262,"date":"2025-08-27T17:05:45","date_gmt":"2025-08-27T14:05:45","guid":{"rendered":"https:\/\/roveyayinevi.com.tr\/index.php\/urun\/imdat-asik-oldum-2\/"},"modified":"2026-04-16T02:21:45","modified_gmt":"2026-04-15T23:21:45","slug":"imdat-asik-oldum-2","status":"publish","type":"product","link":"https:\/\/roveyayinevi.com.tr\/index.php\/urun\/imdat-asik-oldum-2\/","title":{"rendered":"\u0130mdat A\u015f\u0131k Oldum!"},"content":{"rendered":"<p>2010 y\u0131l\u0131n\u0131n \u015eubat\u0131yd\u0131. Bir g\u00fcn maillerimi a\u00e7t\u0131\u011f\u0131mda, beni \u00e7ok \u015fa\u015f\u0131rtan bir \u00e7a\u011fr\u0131 g\u00f6rd\u00fcm. Mailin \u2018konu\u2019 b\u00f6l\u00fcm\u00fcnde sadece tek kelime yaz\u0131yordu: \u201c\u0130mdat!\u201d \u201c\u0130mdat!\u201d diye ba\u011f\u0131r\u0131yordu biri. \u201cHocam peri\u015fan\u0131m, yard\u0131m eder misiniz?\u201dYard\u0131m isteyen ki\u015fi, B\u00fc\u015fra adl\u0131 bir k\u0131z \u00f6\u011frenci idi. Ve kelimeler sanki g\u00f6zya\u015flar\u0131yla yaz\u0131lm\u0131\u015ft\u0131.Okudu\u011fum sat\u0131rlar, beni gen\u00e7lik y\u0131llar\u0131ma d\u00f6nd\u00fcr\u00fcverdi:\u201cYarabbi imdat! Beni kurtar!\u201d diye \u00e7\u0131rp\u0131nd\u0131\u011f\u0131m y\u0131llara\u2026Mail g\u00f6nderen \u00f6\u011frenci, \u00e2\u015f\u0131k oldu\u011funu bildiriyordu. Fakat i\u015fin k\u00f6t\u00fcs\u00fc, k\u0131z hen\u00fcz 17\u2019sinde bile de\u011fildi ve g\u00f6n\u00fcl verdi\u011fi \u00e7ocuk alkolikti. \u00dcstelik de hatalar\u0131ndan pi\u015fmanl\u0131k duymayan, onlarla adeta gurur duyan birisi.Elinizdeki kitap, orijinal maillere sad\u0131k kal\u0131narak, B\u00fc\u015fra ile yapt\u0131\u011f\u0131m\u0131z uzun yaz\u0131\u015fmalar\u0131 ve Rabbimizin yard\u0131m\u0131yla kurtulu\u015funu dile getiriyor. <\/p>\n","protected":false},"excerpt":{"rendered":"<p>2010 y\u0131l\u0131n\u0131n \u015eubat\u0131yd\u0131. Bir g\u00fcn maillerimi a\u00e7t\u0131\u011f\u0131mda, beni \u00e7ok \u015fa\u015f\u0131rtan bir \u00e7a\u011fr\u0131 g\u00f6rd\u00fcm. Mailin \u2018konu\u2019 b\u00f6l\u00fcm\u00fcnde sadece tek kelime yaz\u0131yordu: \u201c\u0130mdat!\u201d \u201c\u0130mdat!\u201d diye ba\u011f\u0131r\u0131yordu biri. \u201cHocam<span class=\"excerpt-hellip\"> [\u2026]<\/span><\/p>\n","protected":false},"featured_media":0,"template":"","meta":{"_monsterinsights_skip_tracking":false,"_monsterinsights_sitenote_active":false,"_monsterinsights_sitenote_note":"","_monsterinsights_sitenote_category":0},"product_brand":[],"product_cat":[12364,12826],"product_tag":[],"class_list":{"0":"post-713262","1":"product","2":"type-product","3":"status-publish","5":"product_cat-genel-konular","6":"product_cat-soylesi","7":"pa_cilt-ciltsiz","8":"pa_tur-kitap","9":"pa_yayinevi-genc-timas","10":"pa_yazar-cuneyd-suavi","12":"first","13":"instock","14":"sale","15":"shipping-taxable","16":"purchasable","17":"product-type-simple"},"_links":{"self":[{"href":"https:\/\/roveyayinevi.com.tr\/index.php\/wp-json\/wp\/v2\/product\/713262","targetHints":{"allow":["GET"]}}],"collection":[{"href":"https:\/\/roveyayinevi.com.tr\/index.php\/wp-json\/wp\/v2\/product"}],"about":[{"href":"https:\/\/roveyayinevi.com.tr\/index.php\/wp-json\/wp\/v2\/types\/product"}],"wp:attachment":[{"href":"https:\/\/roveyayinevi.com.tr\/index.php\/wp-json\/wp\/v2\/media?parent=713262"}],"wp:term":[{"taxonomy":"product_brand","embeddable":true,"href":"https:\/\/roveyayinevi.com.tr\/index.php\/wp-json\/wp\/v2\/product_brand?post=713262"},{"taxonomy":"product_cat","embeddable":true,"href":"https:\/\/roveyayinevi.com.tr\/index.php\/wp-json\/wp\/v2\/product_cat?post=713262"},{"taxonomy":"product_tag","embeddable":true,"href":"https:\/\/roveyayinevi.com.tr\/index.php\/wp-json\/wp\/v2\/product_tag?post=713262"}],"curies":[{"name":"wp","href":"https:\/\/api.w.org\/{rel}","templated":true}]}}