{"id":713261,"date":"2025-08-27T17:05:44","date_gmt":"2025-08-27T14:05:44","guid":{"rendered":"https:\/\/roveyayinevi.com.tr\/index.php\/urun\/bilardo-telmihleri\/"},"modified":"2026-04-16T02:21:45","modified_gmt":"2026-04-15T23:21:45","slug":"bilardo-telmihleri","status":"publish","type":"product","link":"https:\/\/roveyayinevi.com.tr\/index.php\/urun\/bilardo-telmihleri\/","title":{"rendered":"Bilardo Telmihleri"},"content":{"rendered":"<p>Toplar, d\u00f6n\u00fc\u015fler, a\u00e7\u0131lar, \u00fc\u00e7genler, disiplin, zek\u00e2, sab\u0131r, istikrar, istikamet, duru\u015f, tutu\u015f, konsantrasyon ve vuru\u015f\u2026Nurullah Gen\u00e7, sanat\u0131n disiplinleraras\u0131 ge\u00e7i\u015fkenli\u011finden ilhamla \u015fiiri sporla bulu\u015fturuyor, bilardoyu ya\u015fam\u0131n tam kalbine yerle\u015ftiriyorBilardo Telmihleri\u2018nde\u2026\u00c7\u0131k \u00e7\u0131kabilirsen kan\u0131n i\u00e7indenDomino ve orkide sava\u015flar\u0131Krizantem ac\u0131 kokar her ak\u015famMimoza katranBenim m\u00fczi\u011fimin na\u011fmeleriyleHangi arya \u00e7alar sokaklar\u0131mdaK\u00f6lenin kalbi yok \u00f6yle mi, zalimK\u00f6k\u00fc bu y\u00fczden mi kurudu Afrika\u2019n\u0131nAsya bu y\u00fczden mi k\u00f6t\u00fcr\u00fcm \u015fimdi <\/p>\n","protected":false},"excerpt":{"rendered":"<p>Toplar, d\u00f6n\u00fc\u015fler, a\u00e7\u0131lar, \u00fc\u00e7genler, disiplin, zek\u00e2, sab\u0131r, istikrar, istikamet, duru\u015f, tutu\u015f, konsantrasyon ve vuru\u015f\u2026Nurullah Gen\u00e7, sanat\u0131n disiplinleraras\u0131 ge\u00e7i\u015fkenli\u011finden ilhamla \u015fiiri sporla bulu\u015fturuyor, bilardoyu ya\u015fam\u0131n tam kalbine<span class=\"excerpt-hellip\"> [\u2026]<\/span><\/p>\n","protected":false},"featured_media":0,"template":"","meta":{"_monsterinsights_skip_tracking":false,"_monsterinsights_sitenote_active":false,"_monsterinsights_sitenote_note":"","_monsterinsights_sitenote_category":0},"product_brand":[],"product_cat":[12291,12509],"product_tag":[],"class_list":{"0":"post-713261","1":"product","2":"type-product","3":"status-publish","5":"product_cat-edebiyat","6":"product_cat-siir","7":"pa_cilt-ciltsiz","8":"pa_tur-kitap","9":"pa_yayinevi-timas-yayinlari","10":"pa_yazar-nurullah-genc","12":"first","13":"instock","14":"sale","15":"shipping-taxable","16":"purchasable","17":"product-type-simple"},"_links":{"self":[{"href":"https:\/\/roveyayinevi.com.tr\/index.php\/wp-json\/wp\/v2\/product\/713261","targetHints":{"allow":["GET"]}}],"collection":[{"href":"https:\/\/roveyayinevi.com.tr\/index.php\/wp-json\/wp\/v2\/product"}],"about":[{"href":"https:\/\/roveyayinevi.com.tr\/index.php\/wp-json\/wp\/v2\/types\/product"}],"wp:attachment":[{"href":"https:\/\/roveyayinevi.com.tr\/index.php\/wp-json\/wp\/v2\/media?parent=713261"}],"wp:term":[{"taxonomy":"product_brand","embeddable":true,"href":"https:\/\/roveyayinevi.com.tr\/index.php\/wp-json\/wp\/v2\/product_brand?post=713261"},{"taxonomy":"product_cat","embeddable":true,"href":"https:\/\/roveyayinevi.com.tr\/index.php\/wp-json\/wp\/v2\/product_cat?post=713261"},{"taxonomy":"product_tag","embeddable":true,"href":"https:\/\/roveyayinevi.com.tr\/index.php\/wp-json\/wp\/v2\/product_tag?post=713261"}],"curies":[{"name":"wp","href":"https:\/\/api.w.org\/{rel}","templated":true}]}}