{"id":713260,"date":"2025-08-27T17:05:44","date_gmt":"2025-08-27T14:05:44","guid":{"rendered":"https:\/\/roveyayinevi.com.tr\/index.php\/urun\/kurtlerin-pkk-ile-imtihani\/"},"modified":"2026-04-16T02:21:45","modified_gmt":"2026-04-15T23:21:45","slug":"kurtlerin-pkk-ile-imtihani","status":"publish","type":"product","link":"https:\/\/roveyayinevi.com.tr\/index.php\/urun\/kurtlerin-pkk-ile-imtihani\/","title":{"rendered":"K\u00fcrtlerin PKK \u0130le \u0130mtihan\u0131"},"content":{"rendered":"<p>1984 y\u0131l\u0131nda ani bir gece bask\u0131n\u0131yla halk\u0131m\u0131z\u0131n g\u00fcndemine girdi P*KK. O gecenin deh\u015fetini iliklerinde hissedenler, bin y\u0131ld\u0131r b\u00f6lgede ya\u015fayan K\u00fcrt halk\u0131n\u0131n ba\u015f\u0131na gelen en b\u00fcy\u00fck felaketin ilk kurbanlar\u0131 olduklar\u0131n\u0131 bilmiyorlard\u0131. K\u00fcrtlerin haklar\u0131n\u0131 savunmak iddias\u0131yla ortaya \u00e7\u0131kan bu \u00f6rg\u00fct, 33 y\u0131ld\u0131r b\u00f6lge insan\u0131na ac\u0131 \u00fcst\u00fcne ac\u0131 ya\u015fatt\u0131. \u00c7ocuk, gen\u00e7, ya\u015fl\u0131, kad\u0131n, erkek demeden halk\u0131 katletti; gen\u00e7leri kand\u0131rarak da\u011flara \u00e7\u0131kard\u0131; evleri, okullar\u0131, camileri, hastaneleri yakt\u0131; b\u00f6lgenin kalk\u0131nmas\u0131 i\u00e7in yap\u0131lan yat\u0131r\u0131mlar\u0131 engelledi, k\u0131sacas\u0131 bir halk\u0131n gelece\u011fine ipotek koydu ve devletin \u00e7\u00f6z\u00fcm \u00e7abalar\u0131n\u0131 hi\u00e7e sayarak ger\u00e7ek y\u00fcz\u00fcn\u00fc tekrar tekrar g\u00f6sterdi. \u00c7\u00f6z\u00fcm S\u00fcreci esnas\u0131nda A\u011fr\u0131 Valili\u011fi g\u00f6revinde bulunan, ter\u00f6r \u00f6rg\u00fct\u00fcne kar\u015f\u0131 ciddi tedbirler al\u0131rken b\u00f6lge insan\u0131yla kurdu\u011fu samimi ili\u015fki ile g\u00f6n\u00fclleri kazanan Musa I\u015f\u0131n birinci elden g\u00f6zlemleriyle bu \u00e7etrefil meselenin kodlar\u0131n\u0131 \u00e7\u00f6z\u00fcyor ve \u00e7\u0131k\u0131\u015f\u0131n nerede olabilece\u011fini anlat\u0131yor. \u201cBu kitab\u0131 okudu\u011funuzda P*KK\u2019n\u0131n K\u00fcrtleri temsil etmedi\u011fini; aksine, en b\u00fcy\u00fck k\u00f6t\u00fcl\u00fckleri K\u00fcrtlere yapt\u0131\u011f\u0131n\u0131 g\u00f6receksiniz. P*KK ter\u00f6r \u00f6rg\u00fct\u00fcn\u00fcn, b\u0131rak\u0131n K\u00fcrtleri temsil etmeyi, K\u00fcrtlerin hasm\u0131 oldu\u011funu g\u00f6receksiniz. \u00c7\u00fcnk\u00fc P*KK, K\u00fcrtlerin inan\u00e7lar\u0131n\u0131, ailelerini, \u00e7ocuklar\u0131n\u0131, canlar\u0131n\u0131 ve mallar\u0131n\u0131 hedef almaktad\u0131r. K\u00fcrtlerin dokunulmaz g\u00f6rd\u00fc\u011f\u00fc b\u00fct\u00fcn kutsal de\u011ferlerine d\u00fc\u015fmanca davranmakta, onlar\u0131 tahrip etmeye \u00e7al\u0131\u015fmaktad\u0131r. Sizin i\u00e7inizden biri ve b\u00f6lgede 9 y\u0131l kaymakaml\u0131k ve valilik yapm\u0131\u015f bir idareci olarak K\u00fcrt karde\u015flerime diyorum ki: \u201cSizler maddi ve manevi mefahiri, hasletleri y\u00fcksek bir halks\u0131n\u0131z. Siz ter\u00f6rle birlikte an\u0131lmay\u0131 hak etmiyorsunuz. P*KK g\u00f6lgesini, \u00fczerinizden atmak hususunda en b\u00fcy\u00fck gayret size d\u00fc\u015fmektedir. \u00c7\u00fcnk\u00fc bunu ancak siz ba\u015farabilirsiniz. P*KK\u2019n\u0131n gelece\u011finizi \u00e7almas\u0131na, mefahirlerinizi kirletmesine, sizi rehin almas\u0131na izin vermemelisiniz.\u201d &#8211; Musa I\u015f\u0131n <\/p>\n","protected":false},"excerpt":{"rendered":"<p>1984 y\u0131l\u0131nda ani bir gece bask\u0131n\u0131yla halk\u0131m\u0131z\u0131n g\u00fcndemine girdi P*KK. O gecenin deh\u015fetini iliklerinde hissedenler, bin y\u0131ld\u0131r b\u00f6lgede ya\u015fayan K\u00fcrt halk\u0131n\u0131n ba\u015f\u0131na gelen en b\u00fcy\u00fck felaketin<span class=\"excerpt-hellip\"> [\u2026]<\/span><\/p>\n","protected":false},"featured_media":0,"template":"","meta":{"_monsterinsights_skip_tracking":false,"_monsterinsights_sitenote_active":false,"_monsterinsights_sitenote_note":"","_monsterinsights_sitenote_category":0},"product_brand":[],"product_cat":[13590,12337],"product_tag":[],"class_list":{"0":"post-713260","1":"product","2":"type-product","3":"status-publish","5":"product_cat-arastirma-inceleme-politika-siyaset","6":"product_cat-politika-siyaset","7":"pa_cilt-ciltsiz","8":"pa_tur-kitap","9":"pa_yayinevi-timas-yayinlari","10":"pa_yazar-musa-isin","12":"first","13":"instock","14":"sale","15":"shipping-taxable","16":"purchasable","17":"product-type-simple"},"_links":{"self":[{"href":"https:\/\/roveyayinevi.com.tr\/index.php\/wp-json\/wp\/v2\/product\/713260","targetHints":{"allow":["GET"]}}],"collection":[{"href":"https:\/\/roveyayinevi.com.tr\/index.php\/wp-json\/wp\/v2\/product"}],"about":[{"href":"https:\/\/roveyayinevi.com.tr\/index.php\/wp-json\/wp\/v2\/types\/product"}],"wp:attachment":[{"href":"https:\/\/roveyayinevi.com.tr\/index.php\/wp-json\/wp\/v2\/media?parent=713260"}],"wp:term":[{"taxonomy":"product_brand","embeddable":true,"href":"https:\/\/roveyayinevi.com.tr\/index.php\/wp-json\/wp\/v2\/product_brand?post=713260"},{"taxonomy":"product_cat","embeddable":true,"href":"https:\/\/roveyayinevi.com.tr\/index.php\/wp-json\/wp\/v2\/product_cat?post=713260"},{"taxonomy":"product_tag","embeddable":true,"href":"https:\/\/roveyayinevi.com.tr\/index.php\/wp-json\/wp\/v2\/product_tag?post=713260"}],"curies":[{"name":"wp","href":"https:\/\/api.w.org\/{rel}","templated":true}]}}