{"id":713259,"date":"2025-08-27T17:05:43","date_gmt":"2025-08-27T14:05:43","guid":{"rendered":"https:\/\/roveyayinevi.com.tr\/index.php\/urun\/beynimizin-parmak-izleri\/"},"modified":"2026-04-16T02:21:45","modified_gmt":"2026-04-15T23:21:45","slug":"beynimizin-parmak-izleri","status":"publish","type":"product","link":"https:\/\/roveyayinevi.com.tr\/index.php\/urun\/beynimizin-parmak-izleri\/","title":{"rendered":"Beynimizin Parmak \u0130zleri"},"content":{"rendered":"<p>eynimizin duygular\u0131 nas\u0131l kurgulad\u0131\u011f\u0131na dair b\u00fct\u00fcn bildiklerimizi yerle bir eden devrim niteli\u011finde yepyeni bir ke\u015fif!Duygular neden kendili\u011finden oluyormu\u015f gibi hissettirir? Mant\u0131k hep s\u00f6ylenegeldi\u011fi gibi duygular\u0131 ger\u00e7ekten de kontrol eder mi? Duygular hastal\u0131klar\u0131 nas\u0131l etkiler? \u00c7ocuklar\u0131n\u0131z\u0131 duygusal a\u00e7\u0131dan nas\u0131l daha zeki hale getirebilirsiniz? Beynimizin Parmak \u0130zleri t\u00fcm bu sorulara ve daha fazlas\u0131na cevap vererek bu konuda yap\u0131lan en son ara\u015ft\u0131rmalar\u0131; zihni, beyni ve duyguyu konu edinen bu yeni bilimin merak uyand\u0131ran pratik uygulamalar\u0131n\u0131 g\u00f6zler \u00f6n\u00fcne seriyor.\u201cLisa Barrett duygular\u0131m\u0131z\u0131n sadece do\u011fu\u015ftan gelen \u015feyler olmad\u0131\u011f\u0131n\u0131n yan\u0131 s\u0131ra beynimizin hislerimizi nas\u0131l bir bulmaca gibi birle\u015ftirdi\u011fini ve bu s\u00fcrece nas\u0131l katk\u0131da bulundu\u011fumuzu \u00e7ok a\u00e7\u0131k ve anla\u015f\u0131l\u0131r bir dille anlat\u0131yor. Bu kitap bizlere \u00e7ok ilgi \u00e7ekici bir hik\u00e2ye sunuyor.\u201dJOSEPH LEDOUX, Anxious ve Synaptic Self kitaplar\u0131n\u0131n yazar\u0131\u201cDaha \u00f6nce hi\u00e7 duygular\u0131n\u0131z\u0131n nereden geldi\u011fini merak ettiniz mi? Duygu psikolojisinde d\u00fcnya \u00e7ap\u0131nda bir uzman olan Lisa Barrett, hisler ve bu hislerin perde arkas\u0131 i\u00e7in a\u00e7\u0131klay\u0131c\u0131 bir k\u0131lavuz haz\u0131rlam\u0131\u015f bizlere.\u201dANGELA DUCKWORTH, Grit kitab\u0131n\u0131n yazar\u0131\u201cBeynimizin Parmak \u0130zleri, son teknolojiyle y\u00fcr\u00fct\u00fclen sinirbilim \u00e7al\u0131\u015fmalar\u0131 ve g\u00fcnl\u00fck duygular\u0131m\u0131z\u0131 kusursuz bir bi\u00e7imde birle\u015ftirerek sahip oldu\u011fumuz duygusal hayat\u0131m\u0131z\u0131 \u015fekillendirme y\u00f6ntemlerine dair yap\u0131lm\u0131\u015f etkileyici, bilgilendirici ve merak uyand\u0131ran bir analiz. B\u00f6ylesine \u00f6nemli bir kitab\u0131 okuduktan sonra duygulara dair d\u00fc\u015f\u00fcnceleriniz asla ayn\u0131 olmayacak.\u201dDANIEL L. SCHACTER, Haf\u0131zan\u0131n 7 G\u00fcnah\u0131 kitab\u0131n\u0131n yazar\u0131\u201cBeynimizin Parmak \u0130zleri\u2019ni okuduktan sonra duygulara dair g\u00f6r\u00fc\u015fleriniz asla ayn\u0131 kalmayacak. Lisa Barrett, cinsiyet\u00e7i kli\u015felerle sava\u015fmak ve daha iyi politikalar ortaya koyabilmek ad\u0131na yepyeni bir \u00e7al\u0131\u015fma alan\u0131n\u0131n kap\u0131lar\u0131n\u0131 aral\u0131yor.\u201dANNE-MARIE SLAUGHTER, Unfinished Business kitab\u0131n\u0131n yazar\u0131Kitaptan Al\u0131nt\u0131larDuygular\u0131n da bir ger\u00e7ekli\u011fi var; ancak bu ger\u00e7eklik, molek\u00fcllerin ve n\u00f6tronlar\u0131n var oldu\u011fu ger\u00e7e\u011fi gibi de\u011fil. Duygular\u0131n ger\u00e7ekli\u011fi de paran\u0131n ger\u00e7ekli\u011fine benzer bir yan\u0131lsamadan ibaret: Nas\u0131l ki para dedi\u011fimiz \u015fey insanlar\u0131n anla\u015fmas\u0131n\u0131n bir \u00fcr\u00fcn\u00fcyse, t\u0131pk\u0131 \u00f6yle.Sonu\u00e7ta hi\u00e7bir beyin b\u00f6lgesinin hi\u00e7bir duygu i\u00e7in parmak izine sahip olmad\u0131\u011f\u0131n\u0131 g\u00f6rd\u00fck. Birden fazla beyin b\u00f6lgesi (bir beyin a\u011f\u0131) tek bir konum olarak ele al\u0131nd\u0131\u011f\u0131nda veya bireysel n\u00f6ronlar elektrik ile uyar\u0131ld\u0131\u011f\u0131nda da herhangi bir parmak izine rastlanmad\u0131. Duygular, n\u00f6ronlar\u0131n harekete ge\u00e7mesiyle olu\u015fuyor, ancak hi\u00e7bir n\u00f6ron belirli bir duyguya \u00f6zg\u00fc faaliyet y\u00fcr\u00fctm\u00fcyor. Benim i\u00e7in bu bulgular, duygular\u0131 beyindeki belirli b\u00f6lgelere sabitleme konusuna vurulan son darbe oldu.Uzun s\u00fcredir devam eden y\u00fczde, v\u00fccutta ve beyinde parmak izi aray\u0131\u015f\u0131m beni hi\u00e7 beklemedi\u011fim bir ger\u00e7ekle y\u00fczle\u015ftirdi: Duygular\u0131n ne oldu\u011funa ve nereden geldi\u011fine dair yeni bir teoriye ihtiyac\u0131m\u0131z vard\u0131 art\u0131k.1990\u2019lar\u0131n sonuna do\u011fru sim\u00fclasyonun ke\u015ffedilmesiyle birlikte psikoloji ve sinirbiliminde yeni bir \u00e7a\u011f ba\u015flad\u0131. Bilimsel kan\u0131tlar da g\u00f6steriyor ki g\u00f6rd\u00fc\u011f\u00fcm\u00fcz, duydu\u011fumuz, dokundu\u011fumuz, tatt\u0131\u011f\u0131m\u0131z ve koklad\u0131\u011f\u0131m\u0131z \u015feyler bizim g\u00f6sterdi\u011fimiz reaksiyonlardan ziyade b\u00fcy\u00fck \u00f6l\u00e7\u00fcde d\u00fcnyaya dair yaratt\u0131\u011f\u0131m\u0131z sim\u00fclasyonlar.Sim\u00fclasyonlar, beyninizin etraf\u0131n\u0131zda ya\u015fananlar\u0131n ne oldu\u011funa dair yapt\u0131\u011f\u0131 tahminlerdir. Her uyan\u0131\u015f\u0131n\u0131zda g\u00f6zlerinizden, kulaklar\u0131n\u0131zdan, burnunuzdan ve di\u011fer duyu organlar\u0131n\u0131zdan gelen anlams\u0131z ve g\u00fcr\u00fclt\u00fcl\u00fc bilgilerle kar\u015f\u0131la\u015f\u0131rs\u0131n\u0131z. Beyniniz ge\u00e7mi\u015fteki deneyimlerinizi kullanarak sim\u00fclasyon dedi\u011fimiz bir hipotez olu\u015fturur ve bu hipotezi duyular\u0131n\u0131zdan gelen kakofoni ile kar\u015f\u0131la\u015ft\u0131r\u0131r. Bu \u015fekilde, sim\u00fclasyon sayesinde beyniniz gelen g\u00fcr\u00fclt\u00fcye bir anlam y\u00fckler ve kalan\u0131n\u0131 da g\u00f6rmezden gelir.Duygular\u0131m\u0131z kurgulan\u0131r. Hem de onlar\u0131 bir kurgular\u0131z. Biz duygular\u0131 tan\u0131may\u0131z veya tespit etmeyiz: Kendi duygusal deneyimlerimizi ve ba\u015fkalar\u0131n\u0131n duygular\u0131na dair alg\u0131lar\u0131m\u0131z\u0131 an\u0131nda, ihtiya\u00e7 duydu\u011fumuzda, sahip oldu\u011fumuz sistemlerin karma\u015f\u0131k etkile\u015fimi ile kurgular\u0131z. \u0130nsanlar efsanevi duygu devrelerinin insaf\u0131na kalmam\u0131\u015ft\u0131r: Biz insanlar, kendi deneyimlerimizin mimarlar\u0131y\u0131z. <\/p>\n","protected":false},"excerpt":{"rendered":"<p>eynimizin duygular\u0131 nas\u0131l kurgulad\u0131\u011f\u0131na dair b\u00fct\u00fcn bildiklerimizi yerle bir eden devrim niteli\u011finde yepyeni bir ke\u015fif!Duygular neden kendili\u011finden oluyormu\u015f gibi hissettirir? Mant\u0131k hep s\u00f6ylenegeldi\u011fi gibi duygular\u0131 ger\u00e7ekten<span class=\"excerpt-hellip\"> [\u2026]<\/span><\/p>\n","protected":false},"featured_media":0,"template":"","meta":{"_monsterinsights_skip_tracking":false,"_monsterinsights_sitenote_active":false,"_monsterinsights_sitenote_note":"","_monsterinsights_sitenote_category":0},"product_brand":[],"product_cat":[13005,13006],"product_tag":[],"class_list":{"0":"post-713259","1":"product","2":"type-product","3":"status-publish","5":"product_cat-bilim-muhendislik","6":"product_cat-populer-bilim","7":"pa_cilt-ciltsiz","8":"pa_tur-kitap","9":"pa_yayinevi-timas-yayinlari","10":"pa_yazar-lisa-feldman-barrett","12":"first","13":"instock","14":"sale","15":"shipping-taxable","16":"purchasable","17":"product-type-simple"},"_links":{"self":[{"href":"https:\/\/roveyayinevi.com.tr\/index.php\/wp-json\/wp\/v2\/product\/713259","targetHints":{"allow":["GET"]}}],"collection":[{"href":"https:\/\/roveyayinevi.com.tr\/index.php\/wp-json\/wp\/v2\/product"}],"about":[{"href":"https:\/\/roveyayinevi.com.tr\/index.php\/wp-json\/wp\/v2\/types\/product"}],"wp:attachment":[{"href":"https:\/\/roveyayinevi.com.tr\/index.php\/wp-json\/wp\/v2\/media?parent=713259"}],"wp:term":[{"taxonomy":"product_brand","embeddable":true,"href":"https:\/\/roveyayinevi.com.tr\/index.php\/wp-json\/wp\/v2\/product_brand?post=713259"},{"taxonomy":"product_cat","embeddable":true,"href":"https:\/\/roveyayinevi.com.tr\/index.php\/wp-json\/wp\/v2\/product_cat?post=713259"},{"taxonomy":"product_tag","embeddable":true,"href":"https:\/\/roveyayinevi.com.tr\/index.php\/wp-json\/wp\/v2\/product_tag?post=713259"}],"curies":[{"name":"wp","href":"https:\/\/api.w.org\/{rel}","templated":true}]}}