{"id":713258,"date":"2025-08-27T17:05:43","date_gmt":"2025-08-27T14:05:43","guid":{"rendered":"https:\/\/roveyayinevi.com.tr\/index.php\/urun\/tarih-buyuk-harflerle-yazilmaz\/"},"modified":"2026-04-16T02:21:45","modified_gmt":"2026-04-15T23:21:45","slug":"tarih-buyuk-harflerle-yazilmaz","status":"publish","type":"product","link":"https:\/\/roveyayinevi.com.tr\/index.php\/urun\/tarih-buyuk-harflerle-yazilmaz\/","title":{"rendered":"Tarih B\u00fcy\u00fck Harflerle Yaz\u0131lmaz"},"content":{"rendered":"<p>Tarih, c\u0131mb\u0131zlana c\u0131mb\u0131zlana pek \u00e7ok kez iktidar\u0131n kendine g\u00f6re \u015fekillendirdi\u011fi bir ge\u00e7mi\u015f anlat\u0131s\u0131 h\u00e2line gelir. \u0130ktidar ve g\u00fc\u00e7l\u00fc olan de\u011fi\u015ftik\u00e7e, ge\u00e7mi\u015fi de de\u011fi\u015ftirir. Her gelen yeni ku\u015fak, bu konjonkt\u00fcrel siy\u00e2s\u00ee atmosferin etkisi alt\u0131nda kendisi i\u00e7in haz\u0131rlanm\u0131\u015f bir mazi atlas\u0131yla kar\u015f\u0131 kar\u015f\u0131ya kal\u0131r. Bir anlamda, olmam\u0131\u015f\u0131, olmu\u015f gibi kabullenmek; bu sarkac\u0131n olmazsa olmaz ko\u015fuludur. Tarihsel ger\u00e7eklik k\u0131r\u0131l\u0131yor; ama bunun hi\u00e7bir \u00f6nemi yok; \u00e7\u00fcnk\u00fc aslolan tarih de\u011fil; ge\u00e7mi\u015fte ger\u00e7ekte ne oldu\u011funu bilmeye \u00e7al\u0131\u015fmak da de\u011fil; aslolan tek \u015fey, g\u00fcn\u00fcn politik, ideolojik ve hatta psikolojik ihtiyac\u0131n\u0131 bir \u015fekilde kar\u015f\u0131layabilecek malzeme yaratabilmektir!Cemil Ko\u00e7ak, Tarih B\u00fcy\u00fck Harflerle Yaz\u0131lmaz\u2019da Cumhuriyet tarihinin do\u011fru bilinen yanl\u0131\u015flar\u0131na dikkat \u00e7ekiyor. Usta tarih\u00e7i, yapt\u0131\u011f\u0131 \u2018arkeolojik kaz\u0131\u2019larla tabular\u0131, tabuta yerle\u015ftiriyor. Atat\u00fcrk\u2019e ait olmayan s\u00f6z neden h\u00e2l\u00e2 T\u00fcrk Hava Kuvvetleri\u2019nin resm\u00ee sitesinde duruyor?T\u00fcrk solu, olmayan bir olay\u0131n anmas\u0131n\u0131 neden yap\u0131yor?Kemalistler, Band\u0131rma vapurundan nas\u0131l bir mit \u00e7\u0131kard\u0131?Nutuk, \u2018bilim adamlar\u0131\u2019n\u0131n elinde nas\u0131l \u2018kutsal kitap\u2019a d\u00f6n\u00fc\u015ft\u00fc?Asparagas gazete haberleri, nas\u0131l ger\u00e7ek tarih\u00ee belge oldu?N\u00e2z\u0131m\u2019\u0131n CHP iktidar\u0131nda hapis yatt\u0131\u011f\u0131, DP zaman\u0131nda serbest b\u0131rak\u0131ld\u0131\u011f\u0131 nas\u0131l g\u00f6rmezden gelindi? Hikmet K\u0131v\u0131lc\u0131ml\u0131\u2019n\u0131n af dilek\u00e7esinde neden Milli \u015eef g\u00fczellemeleri yer al\u0131yor?Rasih Nuri \u0130leri, Sosyalizm ile Kemalizm\u2019i nas\u0131l karde\u015f ideoloji yapt\u0131?Cemil Ko\u00e7ak, her siyasal grubun kendi resm\u00ee tarihini ve kahraman\u0131n\u0131 icat edip, sonra onu mitoloji h\u00e2line getirmesini safahat\u0131yla anlat\u0131yor. <\/p>\n","protected":false},"excerpt":{"rendered":"<p>Tarih, c\u0131mb\u0131zlana c\u0131mb\u0131zlana pek \u00e7ok kez iktidar\u0131n kendine g\u00f6re \u015fekillendirdi\u011fi bir ge\u00e7mi\u015f anlat\u0131s\u0131 h\u00e2line gelir. \u0130ktidar ve g\u00fc\u00e7l\u00fc olan de\u011fi\u015ftik\u00e7e, ge\u00e7mi\u015fi de de\u011fi\u015ftirir. Her gelen yeni<span class=\"excerpt-hellip\"> [\u2026]<\/span><\/p>\n","protected":false},"featured_media":0,"template":"","meta":{"_monsterinsights_skip_tracking":false,"_monsterinsights_sitenote_active":false,"_monsterinsights_sitenote_note":"","_monsterinsights_sitenote_category":0},"product_brand":[],"product_cat":[31194,12337],"product_tag":[],"class_list":{"0":"post-713258","1":"product","2":"type-product","3":"status-publish","5":"product_cat-guncel-siyaset","6":"product_cat-politika-siyaset","7":"pa_cilt-ciltsiz","8":"pa_tur-kitap","9":"pa_yayinevi-timas-yayinlari","10":"pa_yazar-cemil-kocak","12":"first","13":"instock","14":"sale","15":"shipping-taxable","16":"purchasable","17":"product-type-simple"},"_links":{"self":[{"href":"https:\/\/roveyayinevi.com.tr\/index.php\/wp-json\/wp\/v2\/product\/713258","targetHints":{"allow":["GET"]}}],"collection":[{"href":"https:\/\/roveyayinevi.com.tr\/index.php\/wp-json\/wp\/v2\/product"}],"about":[{"href":"https:\/\/roveyayinevi.com.tr\/index.php\/wp-json\/wp\/v2\/types\/product"}],"wp:attachment":[{"href":"https:\/\/roveyayinevi.com.tr\/index.php\/wp-json\/wp\/v2\/media?parent=713258"}],"wp:term":[{"taxonomy":"product_brand","embeddable":true,"href":"https:\/\/roveyayinevi.com.tr\/index.php\/wp-json\/wp\/v2\/product_brand?post=713258"},{"taxonomy":"product_cat","embeddable":true,"href":"https:\/\/roveyayinevi.com.tr\/index.php\/wp-json\/wp\/v2\/product_cat?post=713258"},{"taxonomy":"product_tag","embeddable":true,"href":"https:\/\/roveyayinevi.com.tr\/index.php\/wp-json\/wp\/v2\/product_tag?post=713258"}],"curies":[{"name":"wp","href":"https:\/\/api.w.org\/{rel}","templated":true}]}}