{"id":713257,"date":"2025-08-27T17:05:42","date_gmt":"2025-08-27T14:05:42","guid":{"rendered":"https:\/\/roveyayinevi.com.tr\/index.php\/urun\/islamda-ahlak-ve-ahlak-ekolleri\/"},"modified":"2026-04-16T02:21:45","modified_gmt":"2026-04-15T23:21:45","slug":"islamda-ahlak-ve-ahlak-ekolleri","status":"publish","type":"product","link":"https:\/\/roveyayinevi.com.tr\/index.php\/urun\/islamda-ahlak-ve-ahlak-ekolleri\/","title":{"rendered":"\u0130slamda Ahlak ve Ahlak Ekolleri"},"content":{"rendered":"<p>\u201cBen ancak g\u00fczel ahlak\u0131 tamamlamak \u00fczere g\u00f6nderildim.\u201d\u201cDin, g\u00fczel ahlakt\u0131r.\u201d Hz. Muhammed (sav) Ahlak, insan\u0131n temel niteli\u011fidir. Ki\u015filere ve toplumlara de\u011fer kazand\u0131ran; onlar\u0131 g\u00fcvenilir, itibarl\u0131 ve \u015ferefli k\u0131lan g\u00fczel ahlakt\u0131r. Onun i\u00e7in de g\u00fczel ahlak, ba\u015fl\u0131 ba\u015f\u0131na \u00f6nemli bir de\u011ferdir, hatta ibadet kabul edilir.Her toplumun ve kavmin kendine g\u00f6re bir ahlak\u0131 vard\u0131r o halde ahlak de\u011fi\u015fken midir? Tasavvuf k\u00fclt\u00fcr\u00fc ve tarihi alan\u0131nda \u00f6nemli bir ara\u015ft\u0131rmac\u0131 olan Prof. Dr. S\u00fcleyman Uluda\u011f, \u0130slam\u2019da Ahlak ve Ahlak Ekolleri\u2019nde, \u201cAhlak nedir? K\u00fclt\u00fcrden k\u00fclt\u00fcre g\u00f6re de\u011fi\u015fir mi? Tasavvufun ve felsefenin ahlaka bak\u0131\u015f a\u00e7\u0131s\u0131 nas\u0131ld\u0131r?\u201d sorular\u0131na hem \u0130slam\u00ee hem de tasavvuf\u00ee ve felsef\u00ee a\u00e7\u0131dan cevaplar sunuyor.Ahlak\u0131, toplumu ve insan\u0131 in\u015fa eden temel olarak g\u00f6ren Uluda\u011f; adab\u0131, tasavvuf\u00ee terimle edebi, bu temelin s\u00fcs\u00fc olarak tan\u0131ml\u0131yor. \u0130slam ahlak\u0131n\u0131n mahiyeti ve esaslar\u0131, manevi ar\u0131nman\u0131n nas\u0131l ger\u00e7ekle\u015ftirilebilece\u011fi, felsef\u00ee ve tasavvuf\u00ee ba\u011flamda ahlak \u00f6\u011fretilerinin hangi temeller \u00fczerine in\u015fa edildi\u011fi gibi konulara ve t\u00fcm bunlar\u0131n insan hayat\u0131na nas\u0131l yans\u0131d\u0131\u011f\u0131na dair ku\u015fat\u0131c\u0131 bir bak\u0131\u015f ortaya koyuyor. <\/p>\n","protected":false},"excerpt":{"rendered":"<p>\u201cBen ancak g\u00fczel ahlak\u0131 tamamlamak \u00fczere g\u00f6nderildim.\u201d\u201cDin, g\u00fczel ahlakt\u0131r.\u201d Hz. Muhammed (sav) Ahlak, insan\u0131n temel niteli\u011fidir. Ki\u015filere ve toplumlara de\u011fer kazand\u0131ran; onlar\u0131 g\u00fcvenilir, itibarl\u0131 ve \u015ferefli<span class=\"excerpt-hellip\"> [\u2026]<\/span><\/p>\n","protected":false},"featured_media":0,"template":"","meta":{"_monsterinsights_skip_tracking":false,"_monsterinsights_sitenote_active":false,"_monsterinsights_sitenote_note":"","_monsterinsights_sitenote_category":0},"product_brand":[],"product_cat":[12718,12719,13025],"product_tag":[],"class_list":{"0":"post-713257","1":"product","2":"type-product","3":"status-publish","5":"product_cat-din","6":"product_cat-islam","7":"product_cat-islam-ve-gunumuz-islam-dusuncesi","8":"pa_cilt-ciltsiz","9":"pa_tur-kitap","10":"pa_yayinevi-sufi-kitap","11":"pa_yazar-suleyman-uludag","13":"first","14":"instock","15":"sale","16":"shipping-taxable","17":"purchasable","18":"product-type-simple"},"_links":{"self":[{"href":"https:\/\/roveyayinevi.com.tr\/index.php\/wp-json\/wp\/v2\/product\/713257","targetHints":{"allow":["GET"]}}],"collection":[{"href":"https:\/\/roveyayinevi.com.tr\/index.php\/wp-json\/wp\/v2\/product"}],"about":[{"href":"https:\/\/roveyayinevi.com.tr\/index.php\/wp-json\/wp\/v2\/types\/product"}],"wp:attachment":[{"href":"https:\/\/roveyayinevi.com.tr\/index.php\/wp-json\/wp\/v2\/media?parent=713257"}],"wp:term":[{"taxonomy":"product_brand","embeddable":true,"href":"https:\/\/roveyayinevi.com.tr\/index.php\/wp-json\/wp\/v2\/product_brand?post=713257"},{"taxonomy":"product_cat","embeddable":true,"href":"https:\/\/roveyayinevi.com.tr\/index.php\/wp-json\/wp\/v2\/product_cat?post=713257"},{"taxonomy":"product_tag","embeddable":true,"href":"https:\/\/roveyayinevi.com.tr\/index.php\/wp-json\/wp\/v2\/product_tag?post=713257"}],"curies":[{"name":"wp","href":"https:\/\/api.w.org\/{rel}","templated":true}]}}