{"id":713256,"date":"2025-08-27T17:05:42","date_gmt":"2025-08-27T14:05:42","guid":{"rendered":"https:\/\/roveyayinevi.com.tr\/index.php\/urun\/populer-tarih-turk-islam-tarihi-10-kitap-takim\/"},"modified":"2025-09-15T11:24:00","modified_gmt":"2025-09-15T08:24:00","slug":"populer-tarih-turk-islam-tarihi-10-kitap-takim","status":"publish","type":"product","link":"https:\/\/roveyayinevi.com.tr\/index.php\/urun\/populer-tarih-turk-islam-tarihi-10-kitap-takim\/","title":{"rendered":"Pop\u00fcler Tarih &#8211; T\u00fcrk \u0130slam Tarihi (10 Kitap Tak\u0131m)"},"content":{"rendered":"<p>1- \u0130pek Yolu\u2019nda T\u00fcrkler 2- Destan Yazanlar 3- \u00c7\u00f6lden Y\u00fckselen I\u015f\u0131k 4- Doludizgin G\u00fcnler 5- \u00c7a\u011flara Uzananlar 6- Denizlerin \u00d6tesine 7- Anadolu\u2019da \u0130lk G\u00fcnler 8- Zor Zamanlar 9- Yeniden Do\u011fu\u015f 10- Unutulmayan Eserler T\u00fcrk &#8211; \u0130slam Tarihi\u2019ni okurken Orhun Yaz\u0131tlar\u0131ndan Karatay Medresesi\u2019ne nice nice eserler b\u0131rakan medeniyetlerle bula\u015facaks\u0131n\u0131z. K\u0131talar\u0131n ve denizlerin \u00f6tesine yay\u0131lan T\u00fcrk &#8211; \u0130slam co\u011frafyas\u0131n\u0131 tan\u0131yacak ve miras\u0131n\u0131 sahipleneceksiniz. Tarihimizi \u00f6\u011frendik\u00e7e gelece\u011fimize daha sa\u011fl\u0131kl\u0131 bakacaks\u0131n\u0131z. Tima\u015f Yay\u015f\u0131nlar\u0131\u2019n\u0131 bu hedeflere uygun bir dizi haz\u0131rlad\u0131\u011f\u0131 i\u00e7in kutlar\u0131m. -Ahmet Ata\u015f- Tarih\u00e7i <\/p>\n","protected":false},"excerpt":{"rendered":"<p>1- \u0130pek Yolu\u2019nda T\u00fcrkler 2- Destan Yazanlar 3- \u00c7\u00f6lden Y\u00fckselen I\u015f\u0131k 4- Doludizgin G\u00fcnler 5- \u00c7a\u011flara Uzananlar 6- Denizlerin \u00d6tesine 7- Anadolu\u2019da \u0130lk G\u00fcnler 8- Zor<span class=\"excerpt-hellip\"> [\u2026]<\/span><\/p>\n","protected":false},"featured_media":0,"template":"","meta":{"_monsterinsights_skip_tracking":false,"_monsterinsights_sitenote_active":false,"_monsterinsights_sitenote_note":"","_monsterinsights_sitenote_category":0},"product_brand":[],"product_cat":[12274,14573],"product_tag":[],"class_list":{"0":"post-713256","1":"product","2":"type-product","3":"status-publish","5":"product_cat-cocuk-ve-genclik-kitaplari","6":"product_cat-referans-kitaplar-cocuk-ve-genclik-kitaplari","7":"pa_cilt-set","8":"pa_tur-kitap","9":"pa_yayinevi-timas-cocuk","10":"pa_yazar-metin-ozdamarlar","12":"first","13":"instock","14":"sale","15":"shipping-taxable","16":"purchasable","17":"product-type-simple"},"_links":{"self":[{"href":"https:\/\/roveyayinevi.com.tr\/index.php\/wp-json\/wp\/v2\/product\/713256","targetHints":{"allow":["GET"]}}],"collection":[{"href":"https:\/\/roveyayinevi.com.tr\/index.php\/wp-json\/wp\/v2\/product"}],"about":[{"href":"https:\/\/roveyayinevi.com.tr\/index.php\/wp-json\/wp\/v2\/types\/product"}],"wp:attachment":[{"href":"https:\/\/roveyayinevi.com.tr\/index.php\/wp-json\/wp\/v2\/media?parent=713256"}],"wp:term":[{"taxonomy":"product_brand","embeddable":true,"href":"https:\/\/roveyayinevi.com.tr\/index.php\/wp-json\/wp\/v2\/product_brand?post=713256"},{"taxonomy":"product_cat","embeddable":true,"href":"https:\/\/roveyayinevi.com.tr\/index.php\/wp-json\/wp\/v2\/product_cat?post=713256"},{"taxonomy":"product_tag","embeddable":true,"href":"https:\/\/roveyayinevi.com.tr\/index.php\/wp-json\/wp\/v2\/product_tag?post=713256"}],"curies":[{"name":"wp","href":"https:\/\/api.w.org\/{rel}","templated":true}]}}