{"id":713255,"date":"2025-08-27T17:05:41","date_gmt":"2025-08-27T14:05:41","guid":{"rendered":"https:\/\/roveyayinevi.com.tr\/index.php\/urun\/elif-ata-binmeyi-ogreniyor-ilk-okuma-kitabim\/"},"modified":"2026-04-16T02:21:45","modified_gmt":"2026-04-15T23:21:45","slug":"elif-ata-binmeyi-ogreniyor-ilk-okuma-kitabim","status":"publish","type":"product","link":"https:\/\/roveyayinevi.com.tr\/index.php\/urun\/elif-ata-binmeyi-ogreniyor-ilk-okuma-kitabim\/","title":{"rendered":"Elif Ata Binmeyi \u00d6\u011freniyor &#8211; \u0130lk Okuma Kitab\u0131m"},"content":{"rendered":"<p>Elif binicilik derslerine ba\u015flad\u0131\u011f\u0131nda, at binmenin \u00e7ok da kolay olmad\u0131\u011f\u0131n\u0131 anlad\u0131. At\u0131n \u00fczerinde dimdik durabilmek, onu sa\u011fa sola do\u011fru y\u00f6nlendirmek ve bak\u0131m\u0131n\u0131 \u00fcstlenmek zor i\u015fti do\u011frusu. Ama atlar\u0131 \u00e7ok seven Elif, k\u0131sa s\u00fcrede bunlar\u0131n hepsini ba\u015fard\u0131 ve d\u00fcnyan\u0131n en tatl\u0131 midillisi Benekli ile arkada\u015f oldu. \ufffcTan\u0131t\u0131m Metni<\/p>\n","protected":false},"excerpt":{"rendered":"<p>Elif binicilik derslerine ba\u015flad\u0131\u011f\u0131nda, at binmenin \u00e7ok da kolay olmad\u0131\u011f\u0131n\u0131 anlad\u0131. At\u0131n \u00fczerinde dimdik durabilmek, onu sa\u011fa sola do\u011fru y\u00f6nlendirmek ve bak\u0131m\u0131n\u0131 \u00fcstlenmek zor i\u015fti do\u011frusu.<span class=\"excerpt-hellip\"> [\u2026]<\/span><\/p>\n","protected":false},"featured_media":0,"template":"","meta":{"_monsterinsights_skip_tracking":false,"_monsterinsights_sitenote_active":false,"_monsterinsights_sitenote_note":"","_monsterinsights_sitenote_category":0},"product_brand":[],"product_cat":[12274,12518],"product_tag":[],"class_list":{"0":"post-713255","1":"product","2":"type-product","3":"status-publish","5":"product_cat-cocuk-ve-genclik-kitaplari","6":"product_cat-okul-oncesi-kitaplar","7":"pa_cilt-ciltsiz","8":"pa_tur-kitap","9":"pa_yayinevi-is-bankasi-kultur-yayinlari","10":"pa_yazar-liane-schneider","12":"first","13":"instock","14":"sale","15":"shipping-taxable","16":"purchasable","17":"product-type-simple"},"_links":{"self":[{"href":"https:\/\/roveyayinevi.com.tr\/index.php\/wp-json\/wp\/v2\/product\/713255","targetHints":{"allow":["GET"]}}],"collection":[{"href":"https:\/\/roveyayinevi.com.tr\/index.php\/wp-json\/wp\/v2\/product"}],"about":[{"href":"https:\/\/roveyayinevi.com.tr\/index.php\/wp-json\/wp\/v2\/types\/product"}],"wp:attachment":[{"href":"https:\/\/roveyayinevi.com.tr\/index.php\/wp-json\/wp\/v2\/media?parent=713255"}],"wp:term":[{"taxonomy":"product_brand","embeddable":true,"href":"https:\/\/roveyayinevi.com.tr\/index.php\/wp-json\/wp\/v2\/product_brand?post=713255"},{"taxonomy":"product_cat","embeddable":true,"href":"https:\/\/roveyayinevi.com.tr\/index.php\/wp-json\/wp\/v2\/product_cat?post=713255"},{"taxonomy":"product_tag","embeddable":true,"href":"https:\/\/roveyayinevi.com.tr\/index.php\/wp-json\/wp\/v2\/product_tag?post=713255"}],"curies":[{"name":"wp","href":"https:\/\/api.w.org\/{rel}","templated":true}]}}