{"id":713253,"date":"2025-08-27T17:05:40","date_gmt":"2025-08-27T14:05:40","guid":{"rendered":"https:\/\/roveyayinevi.com.tr\/index.php\/urun\/dostluk-uzerine-2\/"},"modified":"2026-04-16T02:21:45","modified_gmt":"2026-04-15T23:21:45","slug":"dostluk-uzerine-2","status":"publish","type":"product","link":"https:\/\/roveyayinevi.com.tr\/index.php\/urun\/dostluk-uzerine-2\/","title":{"rendered":"Dostluk \u00dczerine"},"content":{"rendered":"<p>Cicero (M\u00d6 106 &#8211; M\u00d6 43): Romal\u0131 b\u00fcy\u00fck devlet adam\u0131,hatip ve d\u00fc\u015f\u00fcn\u00fcr. Gen\u00e7li\u011finde felsefe ve hukuk e\u011fitimiald\u0131. Hitabet sanat\u0131ndaki ustal\u0131\u011f\u0131yla consul\u2019l\u00fc\u011fe deky\u00fckseldi. Roma\u2019y\u0131 birey, geleneksel toplum d\u00fczeni ve devlet\u00fc\u00e7geninde ele alan konu\u015fmalar\u0131, felsefi ve teknik eserleriyleher \u00e7a\u011f\u0131n insan\u0131n\u0131 etkilemeyi ba\u015farm\u0131\u015ft\u0131r. Cicero, Platon\u2019tan esinlenerek diyalog bi\u00e7iminde yazd\u0131\u011f\u0131Dostluk \u00dczerine\u2019de, Quintus Mucius Scaevola, GaiusFannius ve bu ikisinin kay\u0131npederi Gaius Laelius\u2019ukonu\u015fturur. Ba\u015fkonu\u015fmac\u0131 Gaius Laelius, Scipio iledostlu\u011fundan s\u00f6z eder ve dostlu\u011fun mahiyeti, nas\u0131linsanlara bah\u015fedildi\u011fi, faydalar\u0131, s\u0131n\u0131rlar\u0131 hakk\u0131ndabilgece yan\u0131tlar ve \u00f6\u011f\u00fctler verir. \ufffcTan\u0131t\u0131m Metni<\/p>\n","protected":false},"excerpt":{"rendered":"<p>Cicero (M\u00d6 106 &#8211; M\u00d6 43): Romal\u0131 b\u00fcy\u00fck devlet adam\u0131,hatip ve d\u00fc\u015f\u00fcn\u00fcr. Gen\u00e7li\u011finde felsefe ve hukuk e\u011fitimiald\u0131. Hitabet sanat\u0131ndaki ustal\u0131\u011f\u0131yla consul\u2019l\u00fc\u011fe deky\u00fckseldi. Roma\u2019y\u0131 birey, geleneksel toplum<span class=\"excerpt-hellip\"> [\u2026]<\/span><\/p>\n","protected":false},"featured_media":0,"template":"","meta":{"_monsterinsights_skip_tracking":false,"_monsterinsights_sitenote_active":false,"_monsterinsights_sitenote_note":"","_monsterinsights_sitenote_category":0},"product_brand":[],"product_cat":[20351,12388],"product_tag":[],"class_list":{"0":"post-713253","1":"product","2":"type-product","3":"status-publish","5":"product_cat-dusunce","6":"product_cat-felsefe","7":"pa_cilt-ciltsiz","8":"pa_tur-kitap","9":"pa_yayinevi-is-bankasi-kultur-yayinlari","10":"pa_yazar-cicero","12":"first","13":"instock","14":"sale","15":"shipping-taxable","16":"purchasable","17":"product-type-simple"},"_links":{"self":[{"href":"https:\/\/roveyayinevi.com.tr\/index.php\/wp-json\/wp\/v2\/product\/713253","targetHints":{"allow":["GET"]}}],"collection":[{"href":"https:\/\/roveyayinevi.com.tr\/index.php\/wp-json\/wp\/v2\/product"}],"about":[{"href":"https:\/\/roveyayinevi.com.tr\/index.php\/wp-json\/wp\/v2\/types\/product"}],"wp:attachment":[{"href":"https:\/\/roveyayinevi.com.tr\/index.php\/wp-json\/wp\/v2\/media?parent=713253"}],"wp:term":[{"taxonomy":"product_brand","embeddable":true,"href":"https:\/\/roveyayinevi.com.tr\/index.php\/wp-json\/wp\/v2\/product_brand?post=713253"},{"taxonomy":"product_cat","embeddable":true,"href":"https:\/\/roveyayinevi.com.tr\/index.php\/wp-json\/wp\/v2\/product_cat?post=713253"},{"taxonomy":"product_tag","embeddable":true,"href":"https:\/\/roveyayinevi.com.tr\/index.php\/wp-json\/wp\/v2\/product_tag?post=713253"}],"curies":[{"name":"wp","href":"https:\/\/api.w.org\/{rel}","templated":true}]}}