{"id":713251,"date":"2025-08-27T17:05:39","date_gmt":"2025-08-27T14:05:39","guid":{"rendered":"https:\/\/roveyayinevi.com.tr\/index.php\/urun\/hunlarin-turklerin-mogollarin-ve-daha-sair-bati-tatarlarinin-tarih-i-umumisi-ciltli\/"},"modified":"2026-04-16T02:21:45","modified_gmt":"2026-04-15T23:21:45","slug":"hunlarin-turklerin-mogollarin-ve-daha-sair-bati-tatarlarinin-tarih-i-umumisi-ciltli","status":"publish","type":"product","link":"https:\/\/roveyayinevi.com.tr\/index.php\/urun\/hunlarin-turklerin-mogollarin-ve-daha-sair-bati-tatarlarinin-tarih-i-umumisi-ciltli\/","title":{"rendered":"Hunlar\u0131n, T\u00fcrklerin, Mo\u011follar\u0131n ve Daha Sair Bat\u0131 Tatarlar\u0131n\u0131n Tarih-i Umumisi (Ciltli)"},"content":{"rendered":"<p>Bu kitap, Hammer Osmanl\u0131 Tarihi i\u00e7in ne ifade ediyorsa Genel T\u00fcrk Tarihi i\u00e7in onu ifade eden klasik bir eser, T\u00fcrk tarihini en eski \u00e7a\u011flar\u0131ndan itibaren bir b\u00fct\u00fcn olarak i\u015fleyen ve mill\u00ee tarihyaz\u0131c\u0131l\u0131\u011f\u0131m\u0131z\u0131 da etkileyen ilk an\u0131tsal \u00e7al\u0131\u015fmad\u0131r. Joseph De Guignes\u2019nin 1756 \u2013 1758 y\u0131llar\u0131 aras\u0131nda 3 cilt olarak ne\u015fretti\u011fi ve \u00f6zg\u00fcn ad\u0131 Histoire g\u00e9n\u00e9rale des Huns, des Mongoles, des Turcs et des autres Tartares occidentaux olan eserin terc\u00fcmesi, H\u00fcseyin Cahit [Yal\u00e7\u0131n] taraf\u0131ndan Ziya G\u00f6kalp\u2019\u0131n te\u015fvik ve tavsiyesiyle yap\u0131lm\u0131\u015f ve eser M\u00fckrimin Halil Y\u0131nan\u00e7\u2019\u0131n tashihiyle 1923-1925 y\u0131llar\u0131 aras\u0131nda Tanin Matbaas\u0131\u2019nda 8 cilt halinde ne\u015fredilmi\u015ftir. Elinizdeki bask\u0131, bu Osmanl\u0131 T\u00fcrk\u00e7esi ne\u015frin H\u00fcseyin Cahit\u2019in dili muhafaza edilmek suretiyle Erol K\u0131l\u0131n\u00e7 taraf\u0131ndan yeni harflere aktar\u0131lmas\u0131yla ger\u00e7ekle\u015ftirilmi\u015f ve yay\u0131nevimiz taraf\u0131ndan \u015f\u00e2n\u0131na yara\u015f\u0131r bir bask\u0131 kalitesiyle T\u00fcrk k\u00fct\u00fcphanesine kazand\u0131r\u0131lm\u0131\u015ft\u0131r.<\/p>\n","protected":false},"excerpt":{"rendered":"<p>Bu kitap, Hammer Osmanl\u0131 Tarihi i\u00e7in ne ifade ediyorsa Genel T\u00fcrk Tarihi i\u00e7in onu ifade eden klasik bir eser, T\u00fcrk tarihini en eski \u00e7a\u011flar\u0131ndan itibaren bir<span class=\"excerpt-hellip\"> [\u2026]<\/span><\/p>\n","protected":false},"featured_media":0,"template":"","meta":{"_monsterinsights_skip_tracking":false,"_monsterinsights_sitenote_active":false,"_monsterinsights_sitenote_note":"","_monsterinsights_sitenote_category":0},"product_brand":[],"product_cat":[12304,13650],"product_tag":[],"class_list":{"0":"post-713251","1":"product","2":"type-product","3":"status-publish","5":"product_cat-tarih","6":"product_cat-turk-tarihi-arastirmalari","7":"pa_cilt-ciltli","8":"pa_tur-kitap","9":"pa_yayinevi-otuken-nesriyat","10":"pa_yazar-joseph-de-guignes","12":"first","13":"instock","14":"sale","15":"shipping-taxable","16":"purchasable","17":"product-type-simple"},"_links":{"self":[{"href":"https:\/\/roveyayinevi.com.tr\/index.php\/wp-json\/wp\/v2\/product\/713251","targetHints":{"allow":["GET"]}}],"collection":[{"href":"https:\/\/roveyayinevi.com.tr\/index.php\/wp-json\/wp\/v2\/product"}],"about":[{"href":"https:\/\/roveyayinevi.com.tr\/index.php\/wp-json\/wp\/v2\/types\/product"}],"wp:attachment":[{"href":"https:\/\/roveyayinevi.com.tr\/index.php\/wp-json\/wp\/v2\/media?parent=713251"}],"wp:term":[{"taxonomy":"product_brand","embeddable":true,"href":"https:\/\/roveyayinevi.com.tr\/index.php\/wp-json\/wp\/v2\/product_brand?post=713251"},{"taxonomy":"product_cat","embeddable":true,"href":"https:\/\/roveyayinevi.com.tr\/index.php\/wp-json\/wp\/v2\/product_cat?post=713251"},{"taxonomy":"product_tag","embeddable":true,"href":"https:\/\/roveyayinevi.com.tr\/index.php\/wp-json\/wp\/v2\/product_tag?post=713251"}],"curies":[{"name":"wp","href":"https:\/\/api.w.org\/{rel}","templated":true}]}}