{"id":713249,"date":"2025-08-27T17:05:38","date_gmt":"2025-08-27T14:05:38","guid":{"rendered":"https:\/\/roveyayinevi.com.tr\/index.php\/urun\/deli-doktorlari-psikiyatrinin-bilinmeyen-oykusu\/"},"modified":"2026-04-16T02:21:45","modified_gmt":"2026-04-15T23:21:45","slug":"deli-doktorlari-psikiyatrinin-bilinmeyen-oykusu","status":"publish","type":"product","link":"https:\/\/roveyayinevi.com.tr\/index.php\/urun\/deli-doktorlari-psikiyatrinin-bilinmeyen-oykusu\/","title":{"rendered":"Deli Doktorlar\u0131 Psikiyatrinin Bilinmeyen \u00d6yk\u00fcs\u00fc"},"content":{"rendered":"<p>\u201c. . . psikiyatrinin iki y\u00fczy\u0131ll\u0131k tarih\u00e7esinde, ak\u0131l hastal\u0131\u011f\u0131na biyolojik bir a\u00e7\u0131klama getirme y\u00f6n\u00fcndeki \u00e7abalar\u0131n \u00e7o\u011fu bo\u015fa gitmi\u015fti. Griesinger bu konuda bizzat ba\u015far\u0131s\u0131z olmu\u015f, Kraepelin semptomlardan ve hastal\u0131klar\u0131n gidi\u015fatlar\u0131ndan medet ummu\u015f, Freud bunun beyhudeli\u011fini anlay\u0131p psikanalizi kurmu\u015f, Egas Moniz\u2019in lobotomiyi me\u015fru k\u0131lan i\u015flevsel saplant\u0131lar kuram\u0131 \u00e7\u00f6km\u00fc\u015f, John Cade\u2019in mani toksini kuram\u0131 \u00e7\u00f6km\u00fc\u015f, kromatografi psikiyatristlerinin leylak rengi ve pembe noktac\u0131klar\u0131 do\u011fru \u00e7\u0131kmam\u0131\u015ft\u0131.\u201d Psikiyatri, \u201cdelilerin\u201d zincirlenip h\u00fccrelere kapat\u0131ld\u0131\u011f\u0131 g\u00fcnlerden bu yana \u00e7ok yol kat etti. Ama Dr. Jeffrey A. Lieberman\u2019\u0131n bu s\u0131ra d\u0131\u015f\u0131 ve ayd\u0131nlat\u0131c\u0131 kitapta a\u00e7\u0131\u011fa \u00e7\u0131kard\u0131\u011f\u0131 gibi, t\u0131bb\u0131n \u201cy\u00fcz karas\u0131\u201d psikiyatrinin kendini temize \u00e7\u0131karma yolculu\u011fu hi\u00e7 de kolay olmad\u0131. Lieberman, s\u00f6zde ve mistik bir bilim olarak do\u011fu\u015fundan, \u201cdeli doktorlar\u0131\u201d damgas\u0131yla yeniyetmelik \u00e7a\u011f\u0131na ve hayat kurtaran ger\u00e7ek bir bilim olarak yeti\u015fkinli\u011fine dek psikiyatrinin izini s\u00fcr\u00fcyor. Bu uzun yolculu\u011fa ger\u00e7ekd\u0131\u015f\u0131 teoriler, ak\u0131l almaz sahtek\u00e2rl\u0131klar, \u201ckoma terapileri\u201d ve buz k\u0131raca\u011f\u0131yla yap\u0131lan lobotomiler gibi tuhaf ve cesur tedavi y\u00f6ntemleri e\u015flik ediyor. Ak\u0131l hastal\u0131klar\u0131n\u0131n sebebini ba\u011f\u0131rsaklarda arayan doktorlar, psikiyatrinin kendisine kar\u015f\u0131 kutupla\u015fan psikiyatristler ve pek \u00e7ok ilgin\u00e7 vaka psikiyatrinin bilinmeyen \u00f6yk\u00fcs\u00fcnde okuru bekliyor. &#8220;Deli&#8221; Doktorlar\u0131, Sigmund Freud\u2019dan C. G. Jung\u2019a ve Alfred Adler\u2019den Eric Kandel\u2019e adeta bir d\u00e2hiler ge\u00e7idi. \u201cBu rahat okunan ve kolayl\u0131kla kavranabilen kitap, psikiyatri tarihini t\u00fcm okurlar i\u00e7in modern bir hik\u00e2yeye \u00e7eviriyor.\u201d \u2014Dr. Eric Kandel, Fizyoloji veya T\u0131p Nobel \u00d6d\u00fcl\u00fc sahibi. <\/p>\n","protected":false},"excerpt":{"rendered":"<p>\u201c. . . psikiyatrinin iki y\u00fczy\u0131ll\u0131k tarih\u00e7esinde, ak\u0131l hastal\u0131\u011f\u0131na biyolojik bir a\u00e7\u0131klama getirme y\u00f6n\u00fcndeki \u00e7abalar\u0131n \u00e7o\u011fu bo\u015fa gitmi\u015fti. Griesinger bu konuda bizzat ba\u015far\u0131s\u0131z olmu\u015f, Kraepelin semptomlardan<span class=\"excerpt-hellip\"> [\u2026]<\/span><\/p>\n","protected":false},"featured_media":0,"template":"","meta":{"_monsterinsights_skip_tracking":false,"_monsterinsights_sitenote_active":false,"_monsterinsights_sitenote_note":"","_monsterinsights_sitenote_category":0},"product_brand":[],"product_cat":[20502,12357],"product_tag":[],"class_list":{"0":"post-713249","1":"product","2":"type-product","3":"status-publish","5":"product_cat-basvuru-kitaplari-psikoloji","6":"product_cat-psikoloji","7":"pa_cilt-ciltsiz","8":"pa_tur-kitap","9":"pa_yayinevi-say-yayinlari","10":"pa_yazar-jeffrey-a-lieberman","12":"first","13":"instock","14":"sale","15":"shipping-taxable","16":"purchasable","17":"product-type-simple"},"_links":{"self":[{"href":"https:\/\/roveyayinevi.com.tr\/index.php\/wp-json\/wp\/v2\/product\/713249","targetHints":{"allow":["GET"]}}],"collection":[{"href":"https:\/\/roveyayinevi.com.tr\/index.php\/wp-json\/wp\/v2\/product"}],"about":[{"href":"https:\/\/roveyayinevi.com.tr\/index.php\/wp-json\/wp\/v2\/types\/product"}],"wp:attachment":[{"href":"https:\/\/roveyayinevi.com.tr\/index.php\/wp-json\/wp\/v2\/media?parent=713249"}],"wp:term":[{"taxonomy":"product_brand","embeddable":true,"href":"https:\/\/roveyayinevi.com.tr\/index.php\/wp-json\/wp\/v2\/product_brand?post=713249"},{"taxonomy":"product_cat","embeddable":true,"href":"https:\/\/roveyayinevi.com.tr\/index.php\/wp-json\/wp\/v2\/product_cat?post=713249"},{"taxonomy":"product_tag","embeddable":true,"href":"https:\/\/roveyayinevi.com.tr\/index.php\/wp-json\/wp\/v2\/product_tag?post=713249"}],"curies":[{"name":"wp","href":"https:\/\/api.w.org\/{rel}","templated":true}]}}