{"id":713247,"date":"2025-08-27T17:05:37","date_gmt":"2025-08-27T14:05:37","guid":{"rendered":"https:\/\/roveyayinevi.com.tr\/index.php\/urun\/adini-arayan-cocuk\/"},"modified":"2026-04-16T02:21:45","modified_gmt":"2026-04-15T23:21:45","slug":"adini-arayan-cocuk","status":"publish","type":"product","link":"https:\/\/roveyayinevi.com.tr\/index.php\/urun\/adini-arayan-cocuk\/","title":{"rendered":"Ad\u0131n\u0131 Arayan \u00c7ocuk"},"content":{"rendered":"<p>Serra Menekay, \u201cAlu\u015fta\u2019dan Esen Yeller, Bir K\u0131r\u0131m T\u00fcrk\u00fcs\u00fc\u201d, \u201cKu\u015fbak\u0131\u015f\u0131\u201d ve \u201c\u0130\u011fne Oyas\u0131\u201d ve \u201c\u015eefika, \u0130smail Gasp\u0131ral\u0131\u2019n\u0131n K\u0131z\u0131\u201d romanlar\u0131 sonras\u0131 bu sefer bir \u00e7ocuk roman\u0131 ile okurlar\u0131yla bulu\u015fuyor. \u201cAd\u0131n\u0131 Arayan \u00c7ocuk\u201d\u2026 Bir \u00e7ocuk roman\u0131 fakat roman i\u00e7erisinde ebeveynlere de ciddi mesajlar var\u2026 Ye\u015fil bir d\u00fcnya \u00f6zlemine, do\u011fam\u0131z\u0131n hunharca yok edili\u015fine, gittik\u00e7e a\u011f\u0131rla\u015fan \u00e7evre sorunlar\u0131na ve sosyal medya al\u0131\u015fkanl\u0131klar\u0131n\u0131n toplumsal hayat \u00fczerindeki olumsuz etkilerine kar\u015f\u0131 bilen \u00e7ocuklar\u0131n adlar\u0131n\u0131 ararken ya\u015fad\u0131klar\u0131 maceran\u0131n s\u0131ra d\u0131\u015f\u0131 \u00f6yk\u00fcs\u00fcyle kar\u015f\u0131 kar\u015f\u0131yay\u0131z. Ak\u0131lla \u00e7\u00f6z\u00fclmesi gereken bilmecelerle dolu olan bu \u00f6yk\u00fc do\u011fay\u0131, \u00e7evreyi, sevgiyi ve iyili\u011fi koruyanlar i\u00e7in yaz\u0131lm\u0131\u015ft\u0131r. \u00c7ocuklar okurken hem e\u011flenecek, hem de \u00e7ok \u015fey \u00f6\u011frenecekler.<\/p>\n","protected":false},"excerpt":{"rendered":"<p>Serra Menekay, \u201cAlu\u015fta\u2019dan Esen Yeller, Bir K\u0131r\u0131m T\u00fcrk\u00fcs\u00fc\u201d, \u201cKu\u015fbak\u0131\u015f\u0131\u201d ve \u201c\u0130\u011fne Oyas\u0131\u201d ve \u201c\u015eefika, \u0130smail Gasp\u0131ral\u0131\u2019n\u0131n K\u0131z\u0131\u201d romanlar\u0131 sonras\u0131 bu sefer bir \u00e7ocuk roman\u0131 ile okurlar\u0131yla<span class=\"excerpt-hellip\"> [\u2026]<\/span><\/p>\n","protected":false},"featured_media":0,"template":"","meta":{"_monsterinsights_skip_tracking":false,"_monsterinsights_sitenote_active":false,"_monsterinsights_sitenote_note":"","_monsterinsights_sitenote_category":0},"product_brand":[],"product_cat":[12275,12274],"product_tag":[],"class_list":{"0":"post-713247","1":"product","2":"type-product","3":"status-publish","5":"product_cat-6-12-yas-kitaplari","6":"product_cat-cocuk-ve-genclik-kitaplari","7":"pa_cilt-ciltsiz","8":"pa_tur-kitap","9":"pa_yayinevi-galeati-yayincilik","10":"pa_yazar-serra-menekay","12":"first","13":"instock","14":"sale","15":"shipping-taxable","16":"purchasable","17":"product-type-simple"},"_links":{"self":[{"href":"https:\/\/roveyayinevi.com.tr\/index.php\/wp-json\/wp\/v2\/product\/713247","targetHints":{"allow":["GET"]}}],"collection":[{"href":"https:\/\/roveyayinevi.com.tr\/index.php\/wp-json\/wp\/v2\/product"}],"about":[{"href":"https:\/\/roveyayinevi.com.tr\/index.php\/wp-json\/wp\/v2\/types\/product"}],"wp:attachment":[{"href":"https:\/\/roveyayinevi.com.tr\/index.php\/wp-json\/wp\/v2\/media?parent=713247"}],"wp:term":[{"taxonomy":"product_brand","embeddable":true,"href":"https:\/\/roveyayinevi.com.tr\/index.php\/wp-json\/wp\/v2\/product_brand?post=713247"},{"taxonomy":"product_cat","embeddable":true,"href":"https:\/\/roveyayinevi.com.tr\/index.php\/wp-json\/wp\/v2\/product_cat?post=713247"},{"taxonomy":"product_tag","embeddable":true,"href":"https:\/\/roveyayinevi.com.tr\/index.php\/wp-json\/wp\/v2\/product_tag?post=713247"}],"curies":[{"name":"wp","href":"https:\/\/api.w.org\/{rel}","templated":true}]}}