{"id":713245,"date":"2025-08-27T17:05:36","date_gmt":"2025-08-27T14:05:36","guid":{"rendered":"https:\/\/roveyayinevi.com.tr\/index.php\/urun\/2018-ilkokul-programi-1-4-siniflar\/"},"modified":"2026-04-16T02:21:45","modified_gmt":"2026-04-15T23:21:45","slug":"2018-ilkokul-programi-1-4-siniflar","status":"publish","type":"product","link":"https:\/\/roveyayinevi.com.tr\/index.php\/urun\/2018-ilkokul-programi-1-4-siniflar\/","title":{"rendered":"2018 \u0130lkokul Program\u0131 (1- 4 S\u0131n\u0131flar)"},"content":{"rendered":"<p>MEB, 2005 programlar\u0131n\u0131n geli\u015ftirilmesinde iki kavrama vurgu yapm\u0131\u015ft\u0131r. Bunlardan bir tanesi, bilgi toplumuna ge\u00e7i\u015f ve bilgi toplumunun gerektirdi\u011fi insan\u0131n nitelikleri, bir di\u011feri de bu nitelikleri kazanman\u0131n \u201cya\u015fam boyu \u00f6\u011frenme\u201d kavram\u0131na ba\u011fl\u0131 oldu\u011fudur. Yap\u0131land\u0131rmac\u0131l\u0131k kavram\u0131 \u00e7er\u00e7evesinde \u015fekillenen programlara 2017-2018 y\u0131l\u0131nda uygulamaya ba\u015flanan programlarla son verilmi\u015ftir. MEB, \u00f6nceki \u00f6\u011fretim programlar\u0131ndan farkl\u0131 olarak yenilenen programlarda de\u011ferler ve de\u011fer e\u011fitiminin programlar\u0131n ana oda\u011f\u0131n\u0131 olu\u015fturdu\u011funu belirtmektedir. Elinizdeki kitapta, MEB\u2019in haz\u0131rlad\u0131\u011f\u0131 2018 y\u0131l\u0131 Ocak ay\u0131nda g\u00fcncellenen \u0130lkokul (1-4. S\u0131n\u0131f) Ders Programlar\u0131 yer almaktad\u0131r. Birinci k\u0131s\u0131mda, mevzuat ve programla ilgili a\u00e7\u0131klamalara, ikinci k\u0131s\u0131mda ise programlarla ilgili a\u00e7\u0131klamalar ve ders programlar\u0131na yer verilmi\u015ftir. <\/p>\n","protected":false},"excerpt":{"rendered":"<p>MEB, 2005 programlar\u0131n\u0131n geli\u015ftirilmesinde iki kavrama vurgu yapm\u0131\u015ft\u0131r. Bunlardan bir tanesi, bilgi toplumuna ge\u00e7i\u015f ve bilgi toplumunun gerektirdi\u011fi insan\u0131n nitelikleri, bir di\u011feri de bu nitelikleri kazanman\u0131n<span class=\"excerpt-hellip\"> [\u2026]<\/span><\/p>\n","protected":false},"featured_media":0,"template":"","meta":{"_monsterinsights_skip_tracking":false,"_monsterinsights_sitenote_active":false,"_monsterinsights_sitenote_note":"","_monsterinsights_sitenote_category":0},"product_brand":[],"product_cat":[12567,12566],"product_tag":[],"class_list":{"0":"post-713245","1":"product","2":"type-product","3":"status-publish","5":"product_cat-diger-egitim","6":"product_cat-egitim","7":"pa_cilt-ciltsiz","8":"pa_tur-kitap","9":"pa_yayinevi-ani-yayincilik","10":"pa_yazar-ozer-dascan","12":"first","13":"instock","14":"sale","15":"shipping-taxable","16":"purchasable","17":"product-type-simple"},"_links":{"self":[{"href":"https:\/\/roveyayinevi.com.tr\/index.php\/wp-json\/wp\/v2\/product\/713245","targetHints":{"allow":["GET"]}}],"collection":[{"href":"https:\/\/roveyayinevi.com.tr\/index.php\/wp-json\/wp\/v2\/product"}],"about":[{"href":"https:\/\/roveyayinevi.com.tr\/index.php\/wp-json\/wp\/v2\/types\/product"}],"wp:attachment":[{"href":"https:\/\/roveyayinevi.com.tr\/index.php\/wp-json\/wp\/v2\/media?parent=713245"}],"wp:term":[{"taxonomy":"product_brand","embeddable":true,"href":"https:\/\/roveyayinevi.com.tr\/index.php\/wp-json\/wp\/v2\/product_brand?post=713245"},{"taxonomy":"product_cat","embeddable":true,"href":"https:\/\/roveyayinevi.com.tr\/index.php\/wp-json\/wp\/v2\/product_cat?post=713245"},{"taxonomy":"product_tag","embeddable":true,"href":"https:\/\/roveyayinevi.com.tr\/index.php\/wp-json\/wp\/v2\/product_tag?post=713245"}],"curies":[{"name":"wp","href":"https:\/\/api.w.org\/{rel}","templated":true}]}}