{"id":713243,"date":"2025-08-27T17:05:35","date_gmt":"2025-08-27T14:05:35","guid":{"rendered":"https:\/\/roveyayinevi.com.tr\/index.php\/urun\/ormanin-sakladiklari\/"},"modified":"2026-04-16T02:21:45","modified_gmt":"2026-04-15T23:21:45","slug":"ormanin-sakladiklari","status":"publish","type":"product","link":"https:\/\/roveyayinevi.com.tr\/index.php\/urun\/ormanin-sakladiklari\/","title":{"rendered":"Orman\u0131n Saklad\u0131klar\u0131"},"content":{"rendered":"<p>Birileri susturmadan orman\u0131n s\u00f6yleyeceklerine kulak verin! Edebiyat\u0131m\u0131z\u0131n ya\u015fayan \u00e7\u0131narlar\u0131ndan Hamdullah K\u00f6seo\u011flu\u2019nun yeni roman\u0131 Orman\u0131n Saklad\u0131klar\u0131, do\u011fa ve insan ili\u015fkisine duyarl\u0131 bir yakla\u015f\u0131m sergileyen s\u00fcr\u00fckleyici bir macera.9 ya\u015f ve \u00fcst\u00fcndeki kitapseverleri gizemli bir ser\u00fcvene ortak eden Orman\u0131n Saklad\u0131klar\u0131, do\u011fa katliam\u0131na kay\u0131ts\u0131z kalamayan bir grup \u00e7ocu\u011fun umut verici birlik ve dayan\u0131\u015fma \u00f6yk\u00fcs\u00fcn\u00fc anlat\u0131yor.D\u00fc\u015fle ger\u00e7e\u011fi i\u00e7 i\u00e7e ge\u00e7irerek ola\u011fand\u0131\u015f\u0131 bir d\u00fcnya yaratan Orman\u0131n Saklad\u0131klar\u0131, okurlar\u0131na do\u011faya sayg\u0131 bilinci kazand\u0131rmay\u0131 hedefliyor. Bar\u0131\u015f ve Asl\u0131, ormanda gezinirken kanatlar\u0131 \u0131\u015f\u0131ktan, u\u00e7an bir at\u0131n pe\u015finde d\u00fc\u015ferler. Bu at\u0131n d\u00fc\u015fsel bir varl\u0131k m\u0131, yoksa ger\u00e7ek mi oldu\u011funu kestiremezler. Orman\u0131n kalbine do\u011fru ilerlediklerinde b\u00fcy\u00fck bir felaketle kar\u015f\u0131la\u015f\u0131rlar. Birilerinin haince planlar\u0131 y\u00fcz\u00fcnden y\u00fczlerce a\u011fa\u00e7 katledilmektedir. Yetkililerin bu durumu fark etmeleri ve bu y\u0131k\u0131m\u0131 engellemeleri i\u00e7in bir an \u00f6nce harekete ge\u00e7melidirler\u2026   Ya\u015fanan do\u011fa katliam\u0131na kay\u0131ts\u0131z kalamayan bir grup \u00e7ocu\u011fun umut verici birlik ve dayan\u0131\u015fma \u00f6yk\u00fcs\u00fcn\u00fc anlatan Orman\u0131n Saklad\u0131klar\u0131, \u015fiirlerle zenginle\u015ftirilmi\u015f \u00f6yk\u00fcs\u00fc ve Fethi Y\u0131lmaz\u2019\u0131n masals\u0131 resimleriyle yeti\u015fkinlerin d\u00fcnyas\u0131na bir de \u00e7ocuklar\u0131n g\u00f6z\u00fcnden bakt\u0131r\u0131yor. <\/p>\n","protected":false},"excerpt":{"rendered":"<p>Birileri susturmadan orman\u0131n s\u00f6yleyeceklerine kulak verin! Edebiyat\u0131m\u0131z\u0131n ya\u015fayan \u00e7\u0131narlar\u0131ndan Hamdullah K\u00f6seo\u011flu\u2019nun yeni roman\u0131 Orman\u0131n Saklad\u0131klar\u0131, do\u011fa ve insan ili\u015fkisine duyarl\u0131 bir yakla\u015f\u0131m sergileyen s\u00fcr\u00fckleyici bir macera.9<span class=\"excerpt-hellip\"> [\u2026]<\/span><\/p>\n","protected":false},"featured_media":0,"template":"","meta":{"_monsterinsights_skip_tracking":false,"_monsterinsights_sitenote_active":false,"_monsterinsights_sitenote_note":"","_monsterinsights_sitenote_category":0},"product_brand":[],"product_cat":[12275,12274],"product_tag":[],"class_list":{"0":"post-713243","1":"product","2":"type-product","3":"status-publish","5":"product_cat-6-12-yas-kitaplari","6":"product_cat-cocuk-ve-genclik-kitaplari","7":"pa_cilt-ciltsiz","8":"pa_tur-kitap","9":"pa_yayinevi-tudem-yayinlari","10":"pa_yazar-hamdullah-koseoglu","12":"first","13":"instock","14":"sale","15":"shipping-taxable","16":"purchasable","17":"product-type-simple"},"_links":{"self":[{"href":"https:\/\/roveyayinevi.com.tr\/index.php\/wp-json\/wp\/v2\/product\/713243","targetHints":{"allow":["GET"]}}],"collection":[{"href":"https:\/\/roveyayinevi.com.tr\/index.php\/wp-json\/wp\/v2\/product"}],"about":[{"href":"https:\/\/roveyayinevi.com.tr\/index.php\/wp-json\/wp\/v2\/types\/product"}],"wp:attachment":[{"href":"https:\/\/roveyayinevi.com.tr\/index.php\/wp-json\/wp\/v2\/media?parent=713243"}],"wp:term":[{"taxonomy":"product_brand","embeddable":true,"href":"https:\/\/roveyayinevi.com.tr\/index.php\/wp-json\/wp\/v2\/product_brand?post=713243"},{"taxonomy":"product_cat","embeddable":true,"href":"https:\/\/roveyayinevi.com.tr\/index.php\/wp-json\/wp\/v2\/product_cat?post=713243"},{"taxonomy":"product_tag","embeddable":true,"href":"https:\/\/roveyayinevi.com.tr\/index.php\/wp-json\/wp\/v2\/product_tag?post=713243"}],"curies":[{"name":"wp","href":"https:\/\/api.w.org\/{rel}","templated":true}]}}