{"id":713242,"date":"2025-08-27T17:05:34","date_gmt":"2025-08-27T14:05:34","guid":{"rendered":"https:\/\/roveyayinevi.com.tr\/index.php\/urun\/ekokoyler-yeni-rotamiz\/"},"modified":"2026-04-16T02:21:45","modified_gmt":"2026-04-15T23:21:45","slug":"ekokoyler-yeni-rotamiz","status":"publish","type":"product","link":"https:\/\/roveyayinevi.com.tr\/index.php\/urun\/ekokoyler-yeni-rotamiz\/","title":{"rendered":"Ekok\u00f6yler: Yeni Rotam\u0131z"},"content":{"rendered":"<p>\u2018\u2018Bin millik bir yolculuk bile tek bir ad\u0131mla ba\u015flar\u2019\u2019 Lao-Tzu Bu kitap, hayatlar\u0131m\u0131zda b\u00fct\u00fcnc\u00fcl ve yarat\u0131c\u0131 bir ama\u00e7 duygusu do\u011furmak i\u00e7in sa\u011flam temeller olu\u015fturmakta ihtiyac\u0131m\u0131z olan ba\u015fl\u0131ca malzemeleri tan\u0131mlamay\u0131 hedeflemektedir. Olu\u015fmas\u0131na \u00f6nc\u00fcl\u00fck etmemiz gereken yeni toplum sabit bir varl\u0131k de\u011fildir. S\u00fcrekli evrilen bir varl\u0131kt\u0131r ve yeni k\u00f6kler salabilmesi i\u00e7in \u00f6yle bir form\u00fcl ortaya koymal\u0131y\u0131z ki; iyi meyveler versin. Gelecek i\u00e7in sorumluluk alabilen ve almaya istekli bireylerden olu\u015fan kritik bir kitlenin ortaya \u00e7\u0131k\u0131\u015f\u0131 ile mevcut sistemin onlarca y\u0131l\u0131 yalan ve yanl\u0131\u015f y\u00f6netiminin biriken yans\u0131malar\u0131yla ba\u015fa \u00e7\u0131kmaktaki ba\u015far\u0131s\u0131zl\u0131\u011f\u0131n\u0131n g\u00f6r\u00fcn\u00fcr hale gelmesi ayn\u0131 zamana denk geliyor. \u015eimdi kar\u015f\u0131 tarafa ge\u00e7me zaman\u0131d\u0131r. Eski bir ya\u015fam tuz buz olurken yeni bir ya\u015fam ortaya \u00e7\u0131kmaktad\u0131r. Eminim ki bu s\u00fcre\u00e7te b\u00fcy\u00fck, e\u015fi g\u00f6r\u00fclmemi\u015f jeofizik ve insani sars\u0131lmalar ya\u015fanacakt\u0131r. Ancak korkmamal\u0131y\u0131z; \u00e7\u00fcnk\u00fc b\u00fcy\u00fck hastal\u0131klar \u00f6yle sessizce yok olmazlar. Bug\u00fcn yery\u00fcz\u00fcn\u00fcn y\u00fckselen ate\u015fini terleyerek atmas\u0131, v\u00fccudunun ve damarlar\u0131n\u0131n temizlenmesi i\u00e7in derinlere g\u00f6m\u00fcl\u00fc zehirlerini kusmas\u0131 gerekmektedir. Bu \u00e7alkant\u0131lar\u0131n b\u00fcy\u00fck bir de\u011fi\u015fim s\u00fcrecinin vazge\u00e7ilmez bir par\u00e7as\u0131 oldu\u011funu kabul edersek bununla daha etkili bir \u015fekilde ba\u015fa \u00e7\u0131kabiliriz. Gezegenimizi ya da onun insanlar\u0131n\u0131 iyile\u015ftirecek sihirli bir re\u00e7ete yoktur. Ancak gezegendeki ya\u015fam\u0131n t\u00fcm alanlar\u0131n\u0131 etkileyen derin hastal\u0131klar hakk\u0131nda fark\u0131ndal\u0131\u011f\u0131m\u0131z ne kadar artarsa mevcut rotam\u0131z\u0131 de\u011fi\u015ftirmeye ve yeni rotam\u0131zla yola \u00e7\u0131kmaya o kadar haz\u0131r olaca\u011f\u0131z. Bu yeni rota, i\u00e7inde bulundu\u011fumuz kaosu a\u015farak, yaratma yetisine kesinlikle sahip oldu\u011fumuz yeni bir d\u00fczene gitmektedir. <\/p>\n","protected":false},"excerpt":{"rendered":"<p>\u2018\u2018Bin millik bir yolculuk bile tek bir ad\u0131mla ba\u015flar\u2019\u2019 Lao-Tzu Bu kitap, hayatlar\u0131m\u0131zda b\u00fct\u00fcnc\u00fcl ve yarat\u0131c\u0131 bir ama\u00e7 duygusu do\u011furmak i\u00e7in sa\u011flam temeller olu\u015fturmakta ihtiyac\u0131m\u0131z olan<span class=\"excerpt-hellip\"> [\u2026]<\/span><\/p>\n","protected":false},"featured_media":0,"template":"","meta":{"_monsterinsights_skip_tracking":false,"_monsterinsights_sitenote_active":false,"_monsterinsights_sitenote_note":"","_monsterinsights_sitenote_category":0},"product_brand":[],"product_cat":[23323,12364],"product_tag":[],"class_list":{"0":"post-713242","1":"product","2":"type-product","3":"status-publish","5":"product_cat-ekoloji","6":"product_cat-genel-konular","7":"pa_cilt-ciltsiz","8":"pa_tur-kitap","9":"pa_yayinevi-yeni-insan-yayinlari","10":"pa_yazar-julian-rose","12":"first","13":"instock","14":"sale","15":"shipping-taxable","16":"purchasable","17":"product-type-simple"},"_links":{"self":[{"href":"https:\/\/roveyayinevi.com.tr\/index.php\/wp-json\/wp\/v2\/product\/713242","targetHints":{"allow":["GET"]}}],"collection":[{"href":"https:\/\/roveyayinevi.com.tr\/index.php\/wp-json\/wp\/v2\/product"}],"about":[{"href":"https:\/\/roveyayinevi.com.tr\/index.php\/wp-json\/wp\/v2\/types\/product"}],"wp:attachment":[{"href":"https:\/\/roveyayinevi.com.tr\/index.php\/wp-json\/wp\/v2\/media?parent=713242"}],"wp:term":[{"taxonomy":"product_brand","embeddable":true,"href":"https:\/\/roveyayinevi.com.tr\/index.php\/wp-json\/wp\/v2\/product_brand?post=713242"},{"taxonomy":"product_cat","embeddable":true,"href":"https:\/\/roveyayinevi.com.tr\/index.php\/wp-json\/wp\/v2\/product_cat?post=713242"},{"taxonomy":"product_tag","embeddable":true,"href":"https:\/\/roveyayinevi.com.tr\/index.php\/wp-json\/wp\/v2\/product_tag?post=713242"}],"curies":[{"name":"wp","href":"https:\/\/api.w.org\/{rel}","templated":true}]}}