{"id":713241,"date":"2025-08-27T17:05:34","date_gmt":"2025-08-27T14:05:34","guid":{"rendered":"https:\/\/roveyayinevi.com.tr\/index.php\/urun\/pecesiz-isis-1\/"},"modified":"2025-11-08T04:44:19","modified_gmt":"2025-11-08T01:44:19","slug":"pecesiz-isis-1","status":"publish","type":"product","link":"https:\/\/roveyayinevi.com.tr\/index.php\/urun\/pecesiz-isis-1\/","title":{"rendered":"Pe\u00e7esiz \u0130sis 1"},"content":{"rendered":"<p>Bu dev esere ba\u015flarken, esrarengiz ve s\u0131rlarla dolu bir kap\u0131n\u0131n \u00f6n\u00fcnde durdu\u011fumu biliyordum. \u00dcstelik, yazar\u0131n\u0131n ruhunun, her seferinde, kitaplar\u0131n\u0131n \u00e7evirmenlerini itinayla se\u00e7ti\u011fini ve o istemedik\u00e7e bir s\u00f6zc\u00fc\u011f\u00fcne bile dokunman\u0131n \u00e7ok zahmetli oldu\u011fu rivayetinden de haberim vard\u0131 ve \u2018anahtar\u0131\u2019\u2019 kullan\u0131p \u2018\u2019kap\u0131y\u0131 aralamaya\u2019\u2019 karar verdim.Helena Petrovna Blavatsky\u2019nin bu ba\u015f yap\u0131t\u0131nda, felsefe, ezoterizm ve ok\u00fcltizmin derin sular\u0131nda bilinenden bilinmeyene do\u011fru ilerleyecek, parapsikoloji, medyumluk, duyu\u00f6tesi varl\u0131klar , elemental ruhlar, hayaletler, \u00e7\u00f6z\u00fclemeyen fenomenler ve reenkarnasyonun karanl\u0131k ge\u00e7itlerinde heyecanl\u0131 bir ser\u00fcven ya\u015fayacaks\u0131n\u0131z.. Eski M\u0131s\u0131r gizemleri,Budizmin s\u0131rlar\u0131, kadim astronomi ve astroloji, Hint, Pers ve Pagan k\u00fclt\u00fcrleri, ger\u00e7ek Kabala, \u0130skandinav mitleri, Zerd\u00fc\u015ft felsefesi, Hint Vedalar\u0131, Sufilik gibi ezoterik \u00f6\u011fretiler bu dev eserde tek tek kar\u015f\u0131n\u0131za \u00e7\u0131kacak, y\u00fczy\u0131llard\u0131r kar\u015f\u0131 kar\u015f\u0131ya gelen din d\u00fcnyas\u0131 ve pozitif bilimlerin \u00e7at\u0131\u015fmalar\u0131n\u0131, \u00fcnl\u00fc bilim adamlar\u0131n\u0131n \u00e7al\u0131\u015fmalar\u0131 ve ya\u015famlar\u0131na dair notlar\u0131, Paracelsus, Pisagor ve Mesmer gibi bilim d\u00e2hilerinin m\u00fcthi\u015f bulu\u015flar\u0131 ve Plato\u2019nun tarihsel \u00f6\u011fretilerini bulacaks\u0131n\u0131z.Ayr\u0131ca, varolu\u015f teorilerine,kozmogonilere ve \u00fcnl\u00fc kehanetlere de de\u011finen Blavatsky,kendine \u00f6zg\u00fc alegorik ve ironik dil kullan\u0131m\u0131 ve tekd\u00fczelikten uzak anlat\u0131m \u015fekliyle , bir yandan sert ele\u015ftirilerini tatl\u0131 imalarla yumu\u015fat\u0131rken, ayn\u0131 zamanda okuyucuyu d\u00fc\u015f\u00fcnmeye zorlay\u0131p s\u0131k s\u0131k g\u00fcl\u00fcmsetmeyi de ihmal etmeyecektir&#8230;Bu ilgin\u00e7 kitapta, Ruh\u2019un, do\u011fum, ya\u015fam ve \u00f6l\u00fcm d\u00f6ng\u00fclerinin i\u00e7 y\u00fcz\u00fcn\u00fc, \u00f6l\u00fcm-sonras\u0131 bilinmezli\u011finin perde arkas\u0131n\u0131 da g\u00f6rebilecek, \u2018\u2019Astral I\u015f\u0131k\u2019\u2019, \u2018\u2019Gri madde\u2019\u2019, \u2018\u2019Ether\u2019\u2019,\u2019Ya\u015fam-Ate\u015fi\u2019\u2019, r\u00fcya gizemlerini, Levh-i Mahfuz\u2019un ezoterizmdeki yerini b\u00fcy\u00fck bir ilgiyle okuyabilecek, her sat\u0131rda \u2018\u2019pe\u00e7e\u2019 biraz daha kalkt\u0131\u011f\u0131nda, anahtar\u0131n a\u00e7t\u0131\u011f\u0131 kap\u0131larda \u2018\u2019\u015fahit olacaks\u0131n\u0131z.\u2019\u2019Bana onun dili olma f\u0131rsat\u0131 veren, muhte\u015fem kad\u0131n Helena Petrovna Blavatsky\u2019nin ruhuna sonsuz te\u015fekk\u00fcrlerimi sunuyorum..\u2018\u2019\u00d6l\u00fcm geldi\u011finde, ruh, ait oldu\u011fu yere, y\u0131ld\u0131zlara y\u00fckselir, beden ise, ait oldu\u011fu fiziksel elementlerine, topra\u011fa geri d\u00f6ner\u2026.\u2019\u2019 <\/p>\n","protected":false},"excerpt":{"rendered":"<p>Bu dev esere ba\u015flarken, esrarengiz ve s\u0131rlarla dolu bir kap\u0131n\u0131n \u00f6n\u00fcnde durdu\u011fumu biliyordum. \u00dcstelik, yazar\u0131n\u0131n ruhunun, her seferinde, kitaplar\u0131n\u0131n \u00e7evirmenlerini itinayla se\u00e7ti\u011fini ve o istemedik\u00e7e bir<span class=\"excerpt-hellip\"> [\u2026]<\/span><\/p>\n","protected":false},"featured_media":0,"template":"","meta":{"_monsterinsights_skip_tracking":false,"_monsterinsights_sitenote_active":false,"_monsterinsights_sitenote_note":"","_monsterinsights_sitenote_category":0},"product_brand":[],"product_cat":[12364,16154],"product_tag":[],"class_list":{"0":"post-713241","1":"product","2":"type-product","3":"status-publish","5":"product_cat-genel-konular","6":"product_cat-parapsikoloji","7":"pa_cilt-ciltsiz","8":"pa_tur-kitap","9":"pa_yayinevi-mitra-yayincilik","10":"pa_yazar-helena-petrovna-blavatsky","12":"first","13":"instock","14":"sale","15":"shipping-taxable","16":"purchasable","17":"product-type-simple"},"_links":{"self":[{"href":"https:\/\/roveyayinevi.com.tr\/index.php\/wp-json\/wp\/v2\/product\/713241","targetHints":{"allow":["GET"]}}],"collection":[{"href":"https:\/\/roveyayinevi.com.tr\/index.php\/wp-json\/wp\/v2\/product"}],"about":[{"href":"https:\/\/roveyayinevi.com.tr\/index.php\/wp-json\/wp\/v2\/types\/product"}],"wp:attachment":[{"href":"https:\/\/roveyayinevi.com.tr\/index.php\/wp-json\/wp\/v2\/media?parent=713241"}],"wp:term":[{"taxonomy":"product_brand","embeddable":true,"href":"https:\/\/roveyayinevi.com.tr\/index.php\/wp-json\/wp\/v2\/product_brand?post=713241"},{"taxonomy":"product_cat","embeddable":true,"href":"https:\/\/roveyayinevi.com.tr\/index.php\/wp-json\/wp\/v2\/product_cat?post=713241"},{"taxonomy":"product_tag","embeddable":true,"href":"https:\/\/roveyayinevi.com.tr\/index.php\/wp-json\/wp\/v2\/product_tag?post=713241"}],"curies":[{"name":"wp","href":"https:\/\/api.w.org\/{rel}","templated":true}]}}