{"id":713239,"date":"2025-08-27T17:05:32","date_gmt":"2025-08-27T14:05:32","guid":{"rendered":"https:\/\/roveyayinevi.com.tr\/index.php\/urun\/derin-nefes-sayiklamalar\/"},"modified":"2026-04-08T02:28:12","modified_gmt":"2026-04-07T23:28:12","slug":"derin-nefes-sayiklamalar","status":"publish","type":"product","link":"https:\/\/roveyayinevi.com.tr\/index.php\/urun\/derin-nefes-sayiklamalar\/","title":{"rendered":"Derin Nefes Say\u0131klamalar"},"content":{"rendered":"<p>\u0130\u00e7inde yanan kor ate\u015fi g\u00f6z bebeklerinden okunan ruhu haylaz bir adam o. G\u00f6zlerinden damla damla tutku akan, sa\u00e7lar\u0131 r\u00fczgar kokan asi bir ruh. A\u015fk, onun koyu g\u00f6zlerinden ruhuna ak\u0131p i\u00e7inin engin denizlerinde kaybolmak demek. Sonsuza onunla \u00e7o\u011falmak, onunla akmak.. Siyah\u0131n en koyu tonunu bile \u0131\u015f\u0131\u011f\u0131yla y\u0131kayan, ruhunun rengiyle ayd\u0131nlatan bir adam, ad\u0131 gibi &#8220;Derin&#8221; bir adam o. Ruhunun k\u0131y\u0131lar\u0131nda cesurca dola\u015fan&#8230; \u0130\u00e7inde yanan ate\u015fle insan\u0131 dipsiz kuyular\u0131nda korkusuzca dola\u015ft\u0131ran. Derin&#8230; \ufffcTan\u0131t\u0131m Metni<\/p>\n","protected":false},"excerpt":{"rendered":"<p>\u0130\u00e7inde yanan kor ate\u015fi g\u00f6z bebeklerinden okunan ruhu haylaz bir adam o. G\u00f6zlerinden damla damla tutku akan, sa\u00e7lar\u0131 r\u00fczgar kokan asi bir ruh. A\u015fk, onun koyu<span class=\"excerpt-hellip\"> [\u2026]<\/span><\/p>\n","protected":false},"featured_media":0,"template":"","meta":{"_monsterinsights_skip_tracking":false,"_monsterinsights_sitenote_active":false,"_monsterinsights_sitenote_note":"","_monsterinsights_sitenote_category":0},"product_brand":[],"product_cat":[12291,12711],"product_tag":[],"class_list":{"0":"post-713239","1":"product","2":"type-product","3":"status-publish","5":"product_cat-edebiyat","6":"product_cat-roman-oyku","7":"pa_cilt-ciltsiz","8":"pa_tur-kitap","9":"pa_yayinevi-luna-yayinlari","10":"pa_yazar-serpil-kaya","12":"first","13":"instock","14":"sale","15":"shipping-taxable","16":"purchasable","17":"product-type-simple"},"_links":{"self":[{"href":"https:\/\/roveyayinevi.com.tr\/index.php\/wp-json\/wp\/v2\/product\/713239","targetHints":{"allow":["GET"]}}],"collection":[{"href":"https:\/\/roveyayinevi.com.tr\/index.php\/wp-json\/wp\/v2\/product"}],"about":[{"href":"https:\/\/roveyayinevi.com.tr\/index.php\/wp-json\/wp\/v2\/types\/product"}],"wp:attachment":[{"href":"https:\/\/roveyayinevi.com.tr\/index.php\/wp-json\/wp\/v2\/media?parent=713239"}],"wp:term":[{"taxonomy":"product_brand","embeddable":true,"href":"https:\/\/roveyayinevi.com.tr\/index.php\/wp-json\/wp\/v2\/product_brand?post=713239"},{"taxonomy":"product_cat","embeddable":true,"href":"https:\/\/roveyayinevi.com.tr\/index.php\/wp-json\/wp\/v2\/product_cat?post=713239"},{"taxonomy":"product_tag","embeddable":true,"href":"https:\/\/roveyayinevi.com.tr\/index.php\/wp-json\/wp\/v2\/product_tag?post=713239"}],"curies":[{"name":"wp","href":"https:\/\/api.w.org\/{rel}","templated":true}]}}