{"id":713238,"date":"2025-08-27T17:05:32","date_gmt":"2025-08-27T14:05:32","guid":{"rendered":"https:\/\/roveyayinevi.com.tr\/index.php\/urun\/el-izi\/"},"modified":"2026-04-03T02:27:27","modified_gmt":"2026-04-02T23:27:27","slug":"el-izi","status":"publish","type":"product","link":"https:\/\/roveyayinevi.com.tr\/index.php\/urun\/el-izi\/","title":{"rendered":"El \u0130zi"},"content":{"rendered":"<p>Hayat\u0131m\u0131z\u0131 bize dokunanlar ve bizim dokunduklar\u0131m\u0131z \u00fczerinden \u015fekillendiriyor, anlamland\u0131r\u0131yor, alg\u0131l\u0131yor ve de ya\u015f\u0131yoruz. Kimi dokunu\u015flarla \u00e7o\u011fal\u0131yor, kimi dokunu\u015flarla yok oluyor, kimi dokunu\u015flarla yeniden var oluyoruz. El izimiz t\u00fcm bu dokunu\u015flarla, bizim neler dokudu\u011fumuzda ortaya \u00e7\u0131k\u0131yor. Yoksa ellerin izinde, kendimizi kaybediyoruz.\u201cElimden ne gelir?\u201d diye ger\u00e7ekten merak ediyorsak, \u00f6ncelikle bunu engelleyen i\u00e7imizdeki sabotajc\u0131lar\u0131 ke\u015ffetmeli ve ayd\u0131nl\u0131\u011fa \u00e7\u0131kartmal\u0131y\u0131z. Her dem yeniliklere, \u00f6\u011frenmeye, geli\u015fime a\u00e7\u0131k olmal\u0131y\u0131z. Zihnimizin kap\u0131s\u0131n\u0131 aralay\u0131p g\u00f6z ucuyla bakmak yerine, i\u00e7eriye dal\u0131p \u015fa\u015fk\u0131n \u015fa\u015fk\u0131n, \u00fcrkerek, \u00e7ekinerek de olsa dola\u015fmal\u0131, kar\u015f\u0131la\u015ft\u0131klar\u0131m\u0131za korkmadan dokunmal\u0131, i\u00e7eride sakl\u0131 duranlar\u0131 ortaya \u00e7\u0131kartmal\u0131y\u0131z.D\u0131\u015far\u0131dan i\u00e7eriye, i\u00e7erden d\u0131\u015far\u0131ya do\u011fru her zaman kendimizi g\u00f6zlemlemeliyiz. Reddetmeden, kar\u015f\u0131 \u00e7\u0131kmadan, kendimizi kand\u0131rmadan her yan\u0131m\u0131z\u0131 fark etmeli, neyi niye yapt\u0131\u011f\u0131m\u0131z\u0131 anlamal\u0131y\u0131z. Gelin, El \u0130zi\u2019mizle sorular rehberli\u011finde kendimize biraz daha yak\u0131ndan bakal\u0131m. <\/p>\n","protected":false},"excerpt":{"rendered":"<p>Hayat\u0131m\u0131z\u0131 bize dokunanlar ve bizim dokunduklar\u0131m\u0131z \u00fczerinden \u015fekillendiriyor, anlamland\u0131r\u0131yor, alg\u0131l\u0131yor ve de ya\u015f\u0131yoruz. Kimi dokunu\u015flarla \u00e7o\u011fal\u0131yor, kimi dokunu\u015flarla yok oluyor, kimi dokunu\u015flarla yeniden var oluyoruz. El<span class=\"excerpt-hellip\"> [\u2026]<\/span><\/p>\n","protected":false},"featured_media":0,"template":"","meta":{"_monsterinsights_skip_tracking":false,"_monsterinsights_sitenote_active":false,"_monsterinsights_sitenote_note":"","_monsterinsights_sitenote_category":0},"product_brand":[],"product_cat":[12364,12376],"product_tag":[],"class_list":{"0":"post-713238","1":"product","2":"type-product","3":"status-publish","5":"product_cat-genel-konular","6":"product_cat-kisisel-gelisim","7":"pa_cilt-ciltsiz","8":"pa_tur-kitap","9":"pa_yayinevi-cinar-yayinlari","10":"pa_yazar-elmas-genc","12":"first","13":"instock","14":"sale","15":"shipping-taxable","16":"purchasable","17":"product-type-simple"},"_links":{"self":[{"href":"https:\/\/roveyayinevi.com.tr\/index.php\/wp-json\/wp\/v2\/product\/713238","targetHints":{"allow":["GET"]}}],"collection":[{"href":"https:\/\/roveyayinevi.com.tr\/index.php\/wp-json\/wp\/v2\/product"}],"about":[{"href":"https:\/\/roveyayinevi.com.tr\/index.php\/wp-json\/wp\/v2\/types\/product"}],"wp:attachment":[{"href":"https:\/\/roveyayinevi.com.tr\/index.php\/wp-json\/wp\/v2\/media?parent=713238"}],"wp:term":[{"taxonomy":"product_brand","embeddable":true,"href":"https:\/\/roveyayinevi.com.tr\/index.php\/wp-json\/wp\/v2\/product_brand?post=713238"},{"taxonomy":"product_cat","embeddable":true,"href":"https:\/\/roveyayinevi.com.tr\/index.php\/wp-json\/wp\/v2\/product_cat?post=713238"},{"taxonomy":"product_tag","embeddable":true,"href":"https:\/\/roveyayinevi.com.tr\/index.php\/wp-json\/wp\/v2\/product_tag?post=713238"}],"curies":[{"name":"wp","href":"https:\/\/api.w.org\/{rel}","templated":true}]}}