{"id":713237,"date":"2025-08-27T17:05:31","date_gmt":"2025-08-27T14:05:31","guid":{"rendered":"https:\/\/roveyayinevi.com.tr\/index.php\/urun\/mucizene-dokun\/"},"modified":"2026-04-16T02:21:45","modified_gmt":"2026-04-15T23:21:45","slug":"mucizene-dokun","status":"publish","type":"product","link":"https:\/\/roveyayinevi.com.tr\/index.php\/urun\/mucizene-dokun\/","title":{"rendered":"Mucizene Dokun"},"content":{"rendered":"<p>\u2018\u2019Allah sana kendi ruhundan \u00fcfledi\u2019\u2019Secde Suresi \/ 9Kafda\u011f\u0131\u2019n\u0131n ard\u0131nda bir cennetim var benim&#8230;Yerim yurdum, yuvam oras\u0131d\u0131r.Boynum uzundur.G\u00f6zlerimde derin denizlerin mavi \u0131\u015f\u0131lt\u0131s\u0131&#8230;Alt\u0131n renkli uzun uzun t\u00fcylerimle Kafda\u011f\u0131\u2019n\u0131n zirvelerinde s\u00fcz\u00fcl\u00fcr\u00fcm.Her hayvandan bir par\u00e7a ta\u015f\u0131r\u0131m.Sesimin t\u0131n\u0131s\u0131nda huzur sakl\u0131d\u0131r.G\u00f6zya\u015f\u0131m \u015fifal\u0131d\u0131r. Ac\u0131 \u00e7eken ku\u015flara \u015fifa da\u011f\u0131t\u0131r\u0131m&#8230;Kanatlar\u0131mla s\u0131vazlad\u0131\u011f\u0131m yaralar iyile\u015fir.Keskin ve derin bak\u0131\u015flar\u0131m vard\u0131r.\u00d6yle bir ilim verilmi\u015ftir ki bana, kap\u0131m\u0131 \u00e7alan herkese \u015fifa olurum&#8230;Ben; Anka ku\u015fuyum.B\u00fcy\u00fck bir ate\u015fin ortas\u0131nda yanarak yok olan ve k\u00fcllerinden yeniden do\u011fanZ\u00fcmr\u00fcd\u00fcankaG\u00fcnlerden bir g\u00fcn ku\u015flar d\u00fcnyas\u0131nda ters giden bir \u015feyler olur.Ve karar verirler, d\u00fcnyadaki b\u00fct\u00fcn ku\u015flar toplan\u0131pSimurg\u2019un huzuruna \u00e7\u0131kmak i\u00e7in uzun ve me\u015fakkatli bir yolculu\u011fa \u00e7\u0131karlar.U\u00e7arlar. U\u00e7arlar&#8230;Yol uzun&#8230; Yolculuk zordur&#8230;A\u015f\u0131lmas\u0131 gereken yedi vadi vard\u0131r.Yorulanlar olur. Vazge\u00e7enler olur. Nefesi yetmeyenler olur&#8230;Kanatlar\u0131 telef olup d\u00fc\u015fenler olur.Ve o zorlu yolculukta y\u0131lmadan, y\u0131k\u0131lmadan yoluna devam edipSimurg\u2019u bularak kendi mucizelerine ula\u015fanlar olur&#8230;Ve sen!.. \u015eimdi s\u00f6yle bana!Senin yolculu\u011fun nereye?Vazge\u00e7enlerden misin?Yoksa Z\u00fcmr\u00fcd\u00fcanka\u2019ya ula\u015f\u0131p mucizesine dokunanlardan m\u0131s\u0131n.. <\/p>\n","protected":false},"excerpt":{"rendered":"<p>\u2018\u2019Allah sana kendi ruhundan \u00fcfledi\u2019\u2019Secde Suresi \/ 9Kafda\u011f\u0131\u2019n\u0131n ard\u0131nda bir cennetim var benim&#8230;Yerim yurdum, yuvam oras\u0131d\u0131r.Boynum uzundur.G\u00f6zlerimde derin denizlerin mavi \u0131\u015f\u0131lt\u0131s\u0131&#8230;Alt\u0131n renkli uzun uzun t\u00fcylerimle Kafda\u011f\u0131\u2019n\u0131n<span class=\"excerpt-hellip\"> [\u2026]<\/span><\/p>\n","protected":false},"featured_media":0,"template":"","meta":{"_monsterinsights_skip_tracking":false,"_monsterinsights_sitenote_active":false,"_monsterinsights_sitenote_note":"","_monsterinsights_sitenote_category":0},"product_brand":[],"product_cat":[16789,12718,12719],"product_tag":[],"class_list":{"0":"post-713237","1":"product","2":"type-product","3":"status-publish","5":"product_cat-diger-islam","6":"product_cat-din","7":"product_cat-islam","8":"pa_cilt-ciltsiz","9":"pa_tur-kitap","10":"pa_yayinevi-pozitif-yayinlari","11":"pa_yazar-meral-asel","13":"first","14":"instock","15":"sale","16":"shipping-taxable","17":"purchasable","18":"product-type-simple"},"_links":{"self":[{"href":"https:\/\/roveyayinevi.com.tr\/index.php\/wp-json\/wp\/v2\/product\/713237","targetHints":{"allow":["GET"]}}],"collection":[{"href":"https:\/\/roveyayinevi.com.tr\/index.php\/wp-json\/wp\/v2\/product"}],"about":[{"href":"https:\/\/roveyayinevi.com.tr\/index.php\/wp-json\/wp\/v2\/types\/product"}],"wp:attachment":[{"href":"https:\/\/roveyayinevi.com.tr\/index.php\/wp-json\/wp\/v2\/media?parent=713237"}],"wp:term":[{"taxonomy":"product_brand","embeddable":true,"href":"https:\/\/roveyayinevi.com.tr\/index.php\/wp-json\/wp\/v2\/product_brand?post=713237"},{"taxonomy":"product_cat","embeddable":true,"href":"https:\/\/roveyayinevi.com.tr\/index.php\/wp-json\/wp\/v2\/product_cat?post=713237"},{"taxonomy":"product_tag","embeddable":true,"href":"https:\/\/roveyayinevi.com.tr\/index.php\/wp-json\/wp\/v2\/product_tag?post=713237"}],"curies":[{"name":"wp","href":"https:\/\/api.w.org\/{rel}","templated":true}]}}