{"id":713236,"date":"2025-08-27T17:05:25","date_gmt":"2025-08-27T14:05:25","guid":{"rendered":"https:\/\/roveyayinevi.com.tr\/index.php\/urun\/arif-v-216\/"},"modified":"2026-04-16T02:21:45","modified_gmt":"2026-04-15T23:21:45","slug":"arif-v-216","status":"publish","type":"product","link":"https:\/\/roveyayinevi.com.tr\/index.php\/urun\/arif-v-216\/","title":{"rendered":"Arif V 216"},"content":{"rendered":"<p>Elinizde tuttu\u011funuz senaryo, yakla\u015f\u0131k bir bu\u00e7uk y\u0131l s\u00fcren yo\u011fun eme\u011fin son \u00fcr\u00fcn\u00fc olarak merakl\u0131lar\u0131n\u0131n be\u011fenisine sunuldu. Film yap\u0131m\u0131 s\u0131ras\u0131nda seyircinin finalde ne seyredece\u011fini aylar evvel bizlere tane tane anlatan senaryomuz art\u0131k okurlar\u0131yla bulu\u015fmaya haz\u0131r. Seyircisini adeta 1969 y\u0131l\u0131na g\u00f6t\u00fcren setleri, dekorlar\u0131, kost\u00fcmleri, makyajlar\u0131 ve \u00e7ekim sonras\u0131 yine haftalarca s\u00fcren kurgusu, montaj\u0131, m\u00fczikleri, post prod\u00fcksiyonu, \u00f6zel efektleriyle ilmek ilmek dokunmu\u015f \u00f6zenli bir film oldu\u011funu her karesinde ispat eden filmimiz Arif V 216 ile gurur duymamak elde de\u011fil. D\u00f6nemin \u00fcnl\u00fc karakterlerinin filme yapaca\u011f\u0131 katk\u0131y\u0131 titizlikle senaryosuna dahil etmesinde, filmin hik\u00e2yesine ak\u0131ll\u0131ca ve son derece ho\u015f bir \u015fekilde destek veren m\u00fcziklerin d\u00fczenlenmesinde, kost\u00fcmlerin birebir orijinal hallerine sad\u0131k kal\u0131narak \u00f6zenle haz\u0131rlanmas\u0131nda ve daha bir\u00e7ok ayr\u0131nt\u0131da senarist Cem Y\u0131lmaz\u2019\u0131n yaratt\u0131\u011f\u0131 karakterlere ve onlar\u0131 ya\u015fatt\u0131\u011f\u0131 d\u00fcnyaya sayg\u0131s\u0131n\u0131 g\u00f6rmek m\u00fcmk\u00fcn. G.O.R.A. ile ba\u015flayan, sonras\u0131nda A.R.O.G. ile devam eden Cem Y\u0131lmaz\u2019\u0131n sevilen karakteri \u201chal\u0131, kilim, travel\u201d i\u015fleriyle me\u015fgul Arif, yeni maceras\u0131nda eski dostlar\u0131n\u0131 da yan\u0131na alarak, senarist Cem Y\u0131lmaz\u2019\u0131n yaratt\u0131\u011f\u0131 \u201cyeni\u201d karakterlerle bir sorunun cevab\u0131n\u0131 ar\u0131yor: \u201c\u0130yi insanlar yaln\u0131zca filmlerde mi olur?\u201d Can Y\u0131lmaz <\/p>\n","protected":false},"excerpt":{"rendered":"<p>Elinizde tuttu\u011funuz senaryo, yakla\u015f\u0131k bir bu\u00e7uk y\u0131l s\u00fcren yo\u011fun eme\u011fin son \u00fcr\u00fcn\u00fc olarak merakl\u0131lar\u0131n\u0131n be\u011fenisine sunuldu. Film yap\u0131m\u0131 s\u0131ras\u0131nda seyircinin finalde ne seyredece\u011fini aylar evvel bizlere<span class=\"excerpt-hellip\"> [\u2026]<\/span><\/p>\n","protected":false},"featured_media":0,"template":"","meta":{"_monsterinsights_skip_tracking":false,"_monsterinsights_sitenote_active":false,"_monsterinsights_sitenote_note":"","_monsterinsights_sitenote_category":0},"product_brand":[],"product_cat":[12409,12408],"product_tag":[],"class_list":{"0":"post-713236","1":"product","2":"type-product","3":"status-publish","5":"product_cat-fotograf-sinema-tiyatro","6":"product_cat-sanat","7":"pa_cilt-ciltsiz","8":"pa_tur-kitap","9":"pa_yayinevi-inkilap-kitabevi","10":"pa_yazar-cem-yilmaz","12":"first","13":"instock","14":"sale","15":"shipping-taxable","16":"purchasable","17":"product-type-simple"},"_links":{"self":[{"href":"https:\/\/roveyayinevi.com.tr\/index.php\/wp-json\/wp\/v2\/product\/713236","targetHints":{"allow":["GET"]}}],"collection":[{"href":"https:\/\/roveyayinevi.com.tr\/index.php\/wp-json\/wp\/v2\/product"}],"about":[{"href":"https:\/\/roveyayinevi.com.tr\/index.php\/wp-json\/wp\/v2\/types\/product"}],"wp:attachment":[{"href":"https:\/\/roveyayinevi.com.tr\/index.php\/wp-json\/wp\/v2\/media?parent=713236"}],"wp:term":[{"taxonomy":"product_brand","embeddable":true,"href":"https:\/\/roveyayinevi.com.tr\/index.php\/wp-json\/wp\/v2\/product_brand?post=713236"},{"taxonomy":"product_cat","embeddable":true,"href":"https:\/\/roveyayinevi.com.tr\/index.php\/wp-json\/wp\/v2\/product_cat?post=713236"},{"taxonomy":"product_tag","embeddable":true,"href":"https:\/\/roveyayinevi.com.tr\/index.php\/wp-json\/wp\/v2\/product_tag?post=713236"}],"curies":[{"name":"wp","href":"https:\/\/api.w.org\/{rel}","templated":true}]}}