{"id":713235,"date":"2025-08-27T17:05:24","date_gmt":"2025-08-27T14:05:24","guid":{"rendered":"https:\/\/roveyayinevi.com.tr\/index.php\/urun\/amerikan-ruyasi-icin-agit\/"},"modified":"2026-04-16T02:21:45","modified_gmt":"2026-04-15T23:21:45","slug":"amerikan-ruyasi-icin-agit","status":"publish","type":"product","link":"https:\/\/roveyayinevi.com.tr\/index.php\/urun\/amerikan-ruyasi-icin-agit\/","title":{"rendered":"Amerikan R\u00fcyas\u0131 \u0130\u00e7in A\u011f\u0131t"},"content":{"rendered":"<p>\u201cNoam Chomsky Amerikan R\u00fcyas\u0131 \u0130\u00e7in A\u011f\u0131t\u2019ta m\u00fcthi\u015f zek\u00e2s\u0131yla \u00fctopik bir ideoloji olarak neoliberalizme \u0131\u015f\u0131k tutuyor\u2026\u201d \u2014ChrisHedges, Pulitzer \u00d6d\u00fcll\u00fc Ara\u015ft\u0131rmac\u0131 Gazeteci ve Wages of Rebellion: The Moral Imperative of Revolt\u2019un yazar\u0131. F\u0130LM HAKKINDA \u201cBu tempolu ve ikna edici filmde entelekt\u00fcel g\u00fcc\u00fcn\u00fcn zirvesinde olan bir Chomsky ile kar\u015f\u0131 kar\u015f\u0131yay\u0131z.\u201d \u2014The New York Times (NYT Ele\u015ftirmenlerin Se\u00e7imi) \u201cMuhakkak seyredin. ABD\u2019nin midesine indirilen, indirilmesi de gereken bir yumruk.\u201d \u2014Indiewire \u201cE\u015fitsizlik tart\u0131\u015fmas\u0131na yap\u0131labilecek en iyi giri\u015flerden biri.\u201d \u2014The Hollywood Reporter \u201cABD\u2019nin mevcut siyasal ger\u00e7eklerine dair k\u0131\u015fk\u0131rt\u0131c\u0131 bir r\u00f6ntgen.\u201d <\/p>\n","protected":false},"excerpt":{"rendered":"<p>\u201cNoam Chomsky Amerikan R\u00fcyas\u0131 \u0130\u00e7in A\u011f\u0131t\u2019ta m\u00fcthi\u015f zek\u00e2s\u0131yla \u00fctopik bir ideoloji olarak neoliberalizme \u0131\u015f\u0131k tutuyor\u2026\u201d \u2014ChrisHedges, Pulitzer \u00d6d\u00fcll\u00fc Ara\u015ft\u0131rmac\u0131 Gazeteci ve Wages of Rebellion: The Moral<span class=\"excerpt-hellip\"> [\u2026]<\/span><\/p>\n","protected":false},"featured_media":0,"template":"","meta":{"_monsterinsights_skip_tracking":false,"_monsterinsights_sitenote_active":false,"_monsterinsights_sitenote_note":"","_monsterinsights_sitenote_category":0},"product_brand":[],"product_cat":[13590,12337],"product_tag":[],"class_list":{"0":"post-713235","1":"product","2":"type-product","3":"status-publish","5":"product_cat-arastirma-inceleme-politika-siyaset","6":"product_cat-politika-siyaset","7":"pa_cilt-ciltsiz","8":"pa_tur-kitap","9":"pa_yayinevi-inkilap-kitabevi","10":"pa_yazar-noam-chomsky","12":"first","13":"instock","14":"sale","15":"shipping-taxable","16":"purchasable","17":"product-type-simple"},"_links":{"self":[{"href":"https:\/\/roveyayinevi.com.tr\/index.php\/wp-json\/wp\/v2\/product\/713235","targetHints":{"allow":["GET"]}}],"collection":[{"href":"https:\/\/roveyayinevi.com.tr\/index.php\/wp-json\/wp\/v2\/product"}],"about":[{"href":"https:\/\/roveyayinevi.com.tr\/index.php\/wp-json\/wp\/v2\/types\/product"}],"wp:attachment":[{"href":"https:\/\/roveyayinevi.com.tr\/index.php\/wp-json\/wp\/v2\/media?parent=713235"}],"wp:term":[{"taxonomy":"product_brand","embeddable":true,"href":"https:\/\/roveyayinevi.com.tr\/index.php\/wp-json\/wp\/v2\/product_brand?post=713235"},{"taxonomy":"product_cat","embeddable":true,"href":"https:\/\/roveyayinevi.com.tr\/index.php\/wp-json\/wp\/v2\/product_cat?post=713235"},{"taxonomy":"product_tag","embeddable":true,"href":"https:\/\/roveyayinevi.com.tr\/index.php\/wp-json\/wp\/v2\/product_tag?post=713235"}],"curies":[{"name":"wp","href":"https:\/\/api.w.org\/{rel}","templated":true}]}}