{"id":713234,"date":"2025-08-27T17:05:24","date_gmt":"2025-08-27T14:05:24","guid":{"rendered":"https:\/\/roveyayinevi.com.tr\/index.php\/urun\/bazi-seyler-var-hayal-gucume-gidiyor\/"},"modified":"2026-04-16T02:21:45","modified_gmt":"2026-04-15T23:21:45","slug":"bazi-seyler-var-hayal-gucume-gidiyor","status":"publish","type":"product","link":"https:\/\/roveyayinevi.com.tr\/index.php\/urun\/bazi-seyler-var-hayal-gucume-gidiyor\/","title":{"rendered":"Baz\u0131 \u015eeyler Var Hayal G\u00fcc\u00fcme Gidiyor!"},"content":{"rendered":"<p>Bir elin nesi var iki elin kitab\u0131 varBiri lekelerin efendisiDi\u011feri af\u0131rizma \u00fcstad\u0131\u2026Bir araya geldiler ve bu benzersiz kitab\u0131 haz\u0131rlad\u0131larTekrar tekrar bak\u0131las\u0131 ve okunas\u0131 yan etkileri g\u00f6r\u00fcld\u00fc\u011f\u00fcnde yast\u0131\u011f\u0131n\u0131za ba\u015fvurunuz. <\/p>\n","protected":false},"excerpt":{"rendered":"<p>Bir elin nesi var iki elin kitab\u0131 varBiri lekelerin efendisiDi\u011feri af\u0131rizma \u00fcstad\u0131\u2026Bir araya geldiler ve bu benzersiz kitab\u0131 haz\u0131rlad\u0131larTekrar tekrar bak\u0131las\u0131 ve okunas\u0131 yan etkileri g\u00f6r\u00fcld\u00fc\u011f\u00fcnde<span class=\"excerpt-hellip\"> [\u2026]<\/span><\/p>\n","protected":false},"featured_media":0,"template":"","meta":{"_monsterinsights_skip_tracking":false,"_monsterinsights_sitenote_active":false,"_monsterinsights_sitenote_note":"","_monsterinsights_sitenote_category":0},"product_brand":[],"product_cat":[12291,14825],"product_tag":[],"class_list":{"0":"post-713234","1":"product","2":"type-product","3":"status-publish","5":"product_cat-edebiyat","6":"product_cat-mizah","7":"pa_cilt-ciltsiz","8":"pa_tur-kitap","9":"pa_yayinevi-cinar-yayinlari","10":"pa_yazar-metin-ustundag-cemil-cahit-yavuz","12":"first","13":"instock","14":"sale","15":"shipping-taxable","16":"purchasable","17":"product-type-simple"},"_links":{"self":[{"href":"https:\/\/roveyayinevi.com.tr\/index.php\/wp-json\/wp\/v2\/product\/713234","targetHints":{"allow":["GET"]}}],"collection":[{"href":"https:\/\/roveyayinevi.com.tr\/index.php\/wp-json\/wp\/v2\/product"}],"about":[{"href":"https:\/\/roveyayinevi.com.tr\/index.php\/wp-json\/wp\/v2\/types\/product"}],"wp:attachment":[{"href":"https:\/\/roveyayinevi.com.tr\/index.php\/wp-json\/wp\/v2\/media?parent=713234"}],"wp:term":[{"taxonomy":"product_brand","embeddable":true,"href":"https:\/\/roveyayinevi.com.tr\/index.php\/wp-json\/wp\/v2\/product_brand?post=713234"},{"taxonomy":"product_cat","embeddable":true,"href":"https:\/\/roveyayinevi.com.tr\/index.php\/wp-json\/wp\/v2\/product_cat?post=713234"},{"taxonomy":"product_tag","embeddable":true,"href":"https:\/\/roveyayinevi.com.tr\/index.php\/wp-json\/wp\/v2\/product_tag?post=713234"}],"curies":[{"name":"wp","href":"https:\/\/api.w.org\/{rel}","templated":true}]}}