{"id":713233,"date":"2025-08-27T17:05:23","date_gmt":"2025-08-27T14:05:23","guid":{"rendered":"https:\/\/roveyayinevi.com.tr\/index.php\/urun\/canim-ailem-etkinlikleri\/"},"modified":"2026-04-16T02:21:45","modified_gmt":"2026-04-15T23:21:45","slug":"canim-ailem-etkinlikleri","status":"publish","type":"product","link":"https:\/\/roveyayinevi.com.tr\/index.php\/urun\/canim-ailem-etkinlikleri\/","title":{"rendered":"Can\u0131m Ailem Etkinlikleri"},"content":{"rendered":"<p>Aile kelimesini duydu\u011fumuzda s\u0131cak bir yuva gelirdi eskiden akl\u0131m\u0131za. Bacas\u0131ndan dumanlar\u0131n t\u00fctt\u00fc\u011f\u00fc, bah\u00e7esinde rengarenk \u00e7i\u00e7eklerin a\u00e7t\u0131\u011f\u0131, \u00e7ocuk g\u00fcl\u00fcc\u00fcklerinin ku\u015f c\u0131v\u0131lt\u0131lar\u0131na kar\u0131\u015ft\u0131\u011f\u0131 masal gibi bir yer&#8230; Kentle\u015fme ile \u00f6nce bah\u00e7elerimizi feda ettik apartman canavarlar\u0131na; pop\u00fcler k\u00fclt\u00fcrle s\u0131cakl\u0131\u011f\u0131n\u0131 kaybetmeye ba\u015flad\u0131 yuvalar\u0131m\u0131z. Herkesin \u00f6zel televizyonu, bilgisayar\u0131 ve telefonu olan teknoloji \u00e7\u00f6pl\u00fc\u011f\u00fc ve otellere d\u00f6n\u00fc\u015fmeye ba\u015flad\u0131 evlerimiz. Ortak zaman ge\u00e7irme anlay\u0131\u015f\u0131m\u0131z, al\u0131\u015fveri\u015f merkezlerinde ma\u011faza ma\u011faza dola\u015fmaktan \u00f6teye gitmiyor art\u0131k. Can\u0131m Ailem Etkinlikleri ile, ya\u015fam alan\u0131 daralan ailelerimize nefes olabilmek i\u00e7in \u00e7\u0131kt\u0131k yola. Ebeveynler ile \u00e7ocuklar aras\u0131ndaki etkile\u015fimi ve ileti\u015fimi art\u0131rarak mutlu bir ailenin temellerini atal\u0131m istedik hep birlikte. Mevsimlere, aylara ve g\u00fcnlere \u00f6zel olarak haz\u0131rlanan oyun ve etkinlikler sonras\u0131nda yuvan\u0131z\u0131n nas\u0131l da s\u0131cac\u0131k oldu\u011funa siz bile \u015fa\u015f\u0131racaks\u0131n\u0131z. <\/p>\n","protected":false},"excerpt":{"rendered":"<p>Aile kelimesini duydu\u011fumuzda s\u0131cak bir yuva gelirdi eskiden akl\u0131m\u0131za. Bacas\u0131ndan dumanlar\u0131n t\u00fctt\u00fc\u011f\u00fc, bah\u00e7esinde rengarenk \u00e7i\u00e7eklerin a\u00e7t\u0131\u011f\u0131, \u00e7ocuk g\u00fcl\u00fcc\u00fcklerinin ku\u015f c\u0131v\u0131lt\u0131lar\u0131na kar\u0131\u015ft\u0131\u011f\u0131 masal gibi bir yer&#8230; Kentle\u015fme<span class=\"excerpt-hellip\"> [\u2026]<\/span><\/p>\n","protected":false},"featured_media":0,"template":"","meta":{"_monsterinsights_skip_tracking":false,"_monsterinsights_sitenote_active":false,"_monsterinsights_sitenote_note":"","_monsterinsights_sitenote_category":0},"product_brand":[],"product_cat":[17996,12364],"product_tag":[],"class_list":{"0":"post-713233","1":"product","2":"type-product","3":"status-publish","5":"product_cat-ebeveyn-kitaplari","6":"product_cat-genel-konular","7":"pa_cilt-ciltsiz","8":"pa_tur-kitap","9":"pa_yayinevi-yediveren-yayinlari","10":"pa_yazar-aylin-ciftlikli","12":"first","13":"instock","14":"sale","15":"shipping-taxable","16":"purchasable","17":"product-type-simple"},"_links":{"self":[{"href":"https:\/\/roveyayinevi.com.tr\/index.php\/wp-json\/wp\/v2\/product\/713233","targetHints":{"allow":["GET"]}}],"collection":[{"href":"https:\/\/roveyayinevi.com.tr\/index.php\/wp-json\/wp\/v2\/product"}],"about":[{"href":"https:\/\/roveyayinevi.com.tr\/index.php\/wp-json\/wp\/v2\/types\/product"}],"wp:attachment":[{"href":"https:\/\/roveyayinevi.com.tr\/index.php\/wp-json\/wp\/v2\/media?parent=713233"}],"wp:term":[{"taxonomy":"product_brand","embeddable":true,"href":"https:\/\/roveyayinevi.com.tr\/index.php\/wp-json\/wp\/v2\/product_brand?post=713233"},{"taxonomy":"product_cat","embeddable":true,"href":"https:\/\/roveyayinevi.com.tr\/index.php\/wp-json\/wp\/v2\/product_cat?post=713233"},{"taxonomy":"product_tag","embeddable":true,"href":"https:\/\/roveyayinevi.com.tr\/index.php\/wp-json\/wp\/v2\/product_tag?post=713233"}],"curies":[{"name":"wp","href":"https:\/\/api.w.org\/{rel}","templated":true}]}}