{"id":713232,"date":"2025-08-27T17:05:23","date_gmt":"2025-08-27T14:05:23","guid":{"rendered":"https:\/\/roveyayinevi.com.tr\/index.php\/urun\/katre\/"},"modified":"2026-04-16T02:21:45","modified_gmt":"2026-04-15T23:21:45","slug":"katre","status":"publish","type":"product","link":"https:\/\/roveyayinevi.com.tr\/index.php\/urun\/katre\/","title":{"rendered":"Katre"},"content":{"rendered":"<p>Ya\u015fam\u0131n k\u0131y\u0131s\u0131nda gezinen &#8220;kad\u0131n&#8221; \u00f6yk\u00fcleri   6-7 Eyl\u00fcl olaylar\u0131n\u0131 arka plana ald\u0131\u011f\u0131 Elenika ve bir m\u00fcbadele hik\u00e2yesi olan Ah Mana Mu ile tan\u0131d\u0131\u011f\u0131m\u0131z Handan G\u00f6k\u00e7ek, yeni kitab\u0131 Katre\u2019de, sevgisizlik, yaln\u0131zla\u015fma, aile i\u00e7i \u015fiddet gibi konular\u0131 ele alan sars\u0131c\u0131 \u00f6yk\u00fclere imza at\u0131yor.21 \u00f6yk\u00fc ve bir tiyatro oyununun yer ald\u0131\u011f\u0131 Katre, \u015fa\u015f\u0131rt\u0131c\u0131 sonlar\u0131 ve metinler aras\u0131 g\u00f6ndermeleriyle okurlar\u0131 farkl\u0131 deneyimlerin s\u0131n\u0131r\u0131nda gezdiriyor.Katre, toplum taraf\u0131ndan \u201c\u00f6tekile\u015ftirilen\u201d kad\u0131nlar\u0131n hayatlar\u0131ndan kesitler sunuyor.A\u011f\u0131rl\u0131kl\u0131 olarak kad\u0131n hik\u00e2yelerine yer veren Katre, fiziksel ve ruhsal \u015fiddet, bask\u0131, \u00e7ocukluk travmalar\u0131, \u00f6teki olma durumu gibi g\u00fcncel sosyal sorunlar \u00fczerinde duruyor. K\u00e2h bez bir bebe\u011fi konu\u015fturan k\u00e2h albino d\u00fcnyalar\u0131m\u0131za giren Handan G\u00f6k\u00e7ek, Katre ile sevgisizlikten yitip gitmekte olan kad\u0131nlara cesaret ve umut a\u015f\u0131l\u0131yor.G\u00f6zlerim d\u00fc\u011f\u00fcm benim, a\u011fz\u0131m da. \u00c7ok oldu unutal\u0131 sesimi. Pencereme konan ku\u015flar bile f\u0131s\u0131ld\u0131yor yaln\u0131zca. Konu\u015fmak yasak burada. Ben yasaklad\u0131m. Burada kimse inanm\u0131yor masallara. Masallara inanmayanlar bana nas\u0131l inanacaklar ki? Sustum, g\u00f6zlerim d\u00fc\u011f\u00fcm benim, a\u011fz\u0131m da\u2026 <\/p>\n","protected":false},"excerpt":{"rendered":"<p>Ya\u015fam\u0131n k\u0131y\u0131s\u0131nda gezinen &#8220;kad\u0131n&#8221; \u00f6yk\u00fcleri 6-7 Eyl\u00fcl olaylar\u0131n\u0131 arka plana ald\u0131\u011f\u0131 Elenika ve bir m\u00fcbadele hik\u00e2yesi olan Ah Mana Mu ile tan\u0131d\u0131\u011f\u0131m\u0131z Handan G\u00f6k\u00e7ek, yeni kitab\u0131<span class=\"excerpt-hellip\"> [\u2026]<\/span><\/p>\n","protected":false},"featured_media":0,"template":"","meta":{"_monsterinsights_skip_tracking":false,"_monsterinsights_sitenote_active":false,"_monsterinsights_sitenote_note":"","_monsterinsights_sitenote_category":0},"product_brand":[],"product_cat":[12291,12711],"product_tag":[],"class_list":{"0":"post-713232","1":"product","2":"type-product","3":"status-publish","5":"product_cat-edebiyat","6":"product_cat-roman-oyku","7":"pa_cilt-ciltsiz","8":"pa_tur-kitap","9":"pa_yayinevi-delidolu","10":"pa_yazar-handan-gokcek","12":"first","13":"instock","14":"sale","15":"shipping-taxable","16":"purchasable","17":"product-type-simple"},"_links":{"self":[{"href":"https:\/\/roveyayinevi.com.tr\/index.php\/wp-json\/wp\/v2\/product\/713232","targetHints":{"allow":["GET"]}}],"collection":[{"href":"https:\/\/roveyayinevi.com.tr\/index.php\/wp-json\/wp\/v2\/product"}],"about":[{"href":"https:\/\/roveyayinevi.com.tr\/index.php\/wp-json\/wp\/v2\/types\/product"}],"wp:attachment":[{"href":"https:\/\/roveyayinevi.com.tr\/index.php\/wp-json\/wp\/v2\/media?parent=713232"}],"wp:term":[{"taxonomy":"product_brand","embeddable":true,"href":"https:\/\/roveyayinevi.com.tr\/index.php\/wp-json\/wp\/v2\/product_brand?post=713232"},{"taxonomy":"product_cat","embeddable":true,"href":"https:\/\/roveyayinevi.com.tr\/index.php\/wp-json\/wp\/v2\/product_cat?post=713232"},{"taxonomy":"product_tag","embeddable":true,"href":"https:\/\/roveyayinevi.com.tr\/index.php\/wp-json\/wp\/v2\/product_tag?post=713232"}],"curies":[{"name":"wp","href":"https:\/\/api.w.org\/{rel}","templated":true}]}}