{"id":713230,"date":"2025-08-27T17:05:21","date_gmt":"2025-08-27T14:05:21","guid":{"rendered":"https:\/\/roveyayinevi.com.tr\/index.php\/urun\/medya-ve-iletisim-sozlugu\/"},"modified":"2026-04-16T02:21:45","modified_gmt":"2026-04-15T23:21:45","slug":"medya-ve-iletisim-sozlugu","status":"publish","type":"product","link":"https:\/\/roveyayinevi.com.tr\/index.php\/urun\/medya-ve-iletisim-sozlugu\/","title":{"rendered":"Medya ve \u0130leti\u015fim S\u00f6zl\u00fc\u011f\u00fc"},"content":{"rendered":"<p>Medya ve \u0130leti\u015fim S\u00f6zl\u00fc\u011f\u00fc geleneksel medyadan yeni medyaya, televizyondan sinemaya, kitle ileti\u015fiminden telekom\u00fcnikasyona, dijital yay\u0131nc\u0131l\u0131\u011fa ve reklamc\u0131l\u0131\u011fa uzanan geni\u015f bir yelpazeden kavramlar\u0131 bar\u0131nd\u0131r\u0131yor. Bu kavramlar\u0131 a\u00e7\u0131klarken sosyoloji, antropoloji, demografi, iktisat, istatistik, siyaset bilimi, felsefe, etnografi, dilbilim, psikoloji gibi alanlardan farkl\u0131 yakla\u015f\u0131mlar\u0131 dikkate al\u0131yor, disiplinleraras\u0131l\u0131\u011f\u0131n hakk\u0131n\u0131 teslim ediyor.Medya \u00e7al\u0131\u015fmalar\u0131 ve ileti\u015fim bilimlerini farkl\u0131 kuramlar, ara\u015ft\u0131rma y\u00f6ntemleri, ak\u0131mlar, disipline katk\u0131da bulunmu\u015f \u00f6nemli isimler ve teknik kavramlar a\u00e7\u0131s\u0131ndan ele alan bu kapsaml\u0131 s\u00f6zl\u00fck yaln\u0131zca akademisyenler ve \u00f6\u011frenciler i\u00e7in ba\u015fvuru kayna\u011f\u0131 olmakla kalm\u0131yor, alana ilgi duyan okuyuculara da hitap ediyor. <\/p>\n","protected":false},"excerpt":{"rendered":"<p>Medya ve \u0130leti\u015fim S\u00f6zl\u00fc\u011f\u00fc geleneksel medyadan yeni medyaya, televizyondan sinemaya, kitle ileti\u015fiminden telekom\u00fcnikasyona, dijital yay\u0131nc\u0131l\u0131\u011fa ve reklamc\u0131l\u0131\u011fa uzanan geni\u015f bir yelpazeden kavramlar\u0131 bar\u0131nd\u0131r\u0131yor. Bu kavramlar\u0131 a\u00e7\u0131klarken<span class=\"excerpt-hellip\"> [\u2026]<\/span><\/p>\n","protected":false},"featured_media":0,"template":"","meta":{"_monsterinsights_skip_tracking":false,"_monsterinsights_sitenote_active":false,"_monsterinsights_sitenote_note":"","_monsterinsights_sitenote_category":0},"product_brand":[],"product_cat":[15983,13488],"product_tag":[],"class_list":{"0":"post-713230","1":"product","2":"type-product","3":"status-publish","5":"product_cat-iletisim-ve-medya","6":"product_cat-toplum-ve-insan","7":"pa_cilt-ciltsiz","8":"pa_tur-kitap","9":"pa_yayinevi-iletisim-yayinlari","10":"pa_yazar-daniel-chandler-rod-munday","12":"first","13":"instock","14":"sale","15":"shipping-taxable","16":"purchasable","17":"product-type-simple"},"_links":{"self":[{"href":"https:\/\/roveyayinevi.com.tr\/index.php\/wp-json\/wp\/v2\/product\/713230","targetHints":{"allow":["GET"]}}],"collection":[{"href":"https:\/\/roveyayinevi.com.tr\/index.php\/wp-json\/wp\/v2\/product"}],"about":[{"href":"https:\/\/roveyayinevi.com.tr\/index.php\/wp-json\/wp\/v2\/types\/product"}],"wp:attachment":[{"href":"https:\/\/roveyayinevi.com.tr\/index.php\/wp-json\/wp\/v2\/media?parent=713230"}],"wp:term":[{"taxonomy":"product_brand","embeddable":true,"href":"https:\/\/roveyayinevi.com.tr\/index.php\/wp-json\/wp\/v2\/product_brand?post=713230"},{"taxonomy":"product_cat","embeddable":true,"href":"https:\/\/roveyayinevi.com.tr\/index.php\/wp-json\/wp\/v2\/product_cat?post=713230"},{"taxonomy":"product_tag","embeddable":true,"href":"https:\/\/roveyayinevi.com.tr\/index.php\/wp-json\/wp\/v2\/product_tag?post=713230"}],"curies":[{"name":"wp","href":"https:\/\/api.w.org\/{rel}","templated":true}]}}