{"id":713227,"date":"2025-08-27T17:05:20","date_gmt":"2025-08-27T14:05:20","guid":{"rendered":"https:\/\/roveyayinevi.com.tr\/index.php\/urun\/zuzu-ile-babasi\/"},"modified":"2026-04-16T02:21:45","modified_gmt":"2026-04-15T23:21:45","slug":"zuzu-ile-babasi","status":"publish","type":"product","link":"https:\/\/roveyayinevi.com.tr\/index.php\/urun\/zuzu-ile-babasi\/","title":{"rendered":"Zuzu ile Babas\u0131"},"content":{"rendered":"<p>T\u00fcrk \u015fiirinin ya\u015fayan en b\u00fcy\u00fck \u015fairlerinden Refik Durba\u015f, bu kez \u00e7ocuklara farkl\u0131 bir t\u00fcrle sesleniyor: \u00c7ocuklar i\u00e7in s\u0131ms\u0131cak bir hik\u00e2ye anlat\u0131yor. Zuzu tatl\u0131 m\u0131 tatl\u0131 merakl\u0131 m\u0131 merakl\u0131 bir erkek \u00e7ocu\u011fudur. Babas\u0131 ile aras\u0131 pek iyidir. Peki, t\u00fcm bunlara ra\u011fmen babalar\u0131 anlamak m\u00fcmk\u00fcn m\u00fcd\u00fcr? Babas\u0131na hayran olan ve onunla vakit ge\u00e7irmeyi seven Zuzu i\u00e7in bu pek m\u00fcmk\u00fcn de\u011fil. Sevdi\u011fi ve be\u011fendi\u011fi \u015feyleri \u00e7ocu\u011fuyla payla\u015fmaya \u00e7al\u0131\u015fan bir baba ile tatl\u0131 o\u011flunun birbirinden g\u00fczel maceralar\u0131 bu kitapta yer al\u0131yor. <\/p>\n","protected":false},"excerpt":{"rendered":"<p>T\u00fcrk \u015fiirinin ya\u015fayan en b\u00fcy\u00fck \u015fairlerinden Refik Durba\u015f, bu kez \u00e7ocuklara farkl\u0131 bir t\u00fcrle sesleniyor: \u00c7ocuklar i\u00e7in s\u0131ms\u0131cak bir hik\u00e2ye anlat\u0131yor. Zuzu tatl\u0131 m\u0131 tatl\u0131 merakl\u0131<span class=\"excerpt-hellip\"> [\u2026]<\/span><\/p>\n","protected":false},"featured_media":0,"template":"","meta":{"_monsterinsights_skip_tracking":false,"_monsterinsights_sitenote_active":false,"_monsterinsights_sitenote_note":"","_monsterinsights_sitenote_category":0},"product_brand":[],"product_cat":[12913,12274],"product_tag":[],"class_list":{"0":"post-713227","1":"product","2":"type-product","3":"status-publish","5":"product_cat-3-6-yas-kitaplari","6":"product_cat-cocuk-ve-genclik-kitaplari","7":"pa_cilt-ciltsiz","8":"pa_tur-kitap","9":"pa_yayinevi-hep-kitap","10":"pa_yazar-refik-durbas","12":"first","13":"instock","14":"sale","15":"shipping-taxable","16":"purchasable","17":"product-type-simple"},"_links":{"self":[{"href":"https:\/\/roveyayinevi.com.tr\/index.php\/wp-json\/wp\/v2\/product\/713227","targetHints":{"allow":["GET"]}}],"collection":[{"href":"https:\/\/roveyayinevi.com.tr\/index.php\/wp-json\/wp\/v2\/product"}],"about":[{"href":"https:\/\/roveyayinevi.com.tr\/index.php\/wp-json\/wp\/v2\/types\/product"}],"wp:attachment":[{"href":"https:\/\/roveyayinevi.com.tr\/index.php\/wp-json\/wp\/v2\/media?parent=713227"}],"wp:term":[{"taxonomy":"product_brand","embeddable":true,"href":"https:\/\/roveyayinevi.com.tr\/index.php\/wp-json\/wp\/v2\/product_brand?post=713227"},{"taxonomy":"product_cat","embeddable":true,"href":"https:\/\/roveyayinevi.com.tr\/index.php\/wp-json\/wp\/v2\/product_cat?post=713227"},{"taxonomy":"product_tag","embeddable":true,"href":"https:\/\/roveyayinevi.com.tr\/index.php\/wp-json\/wp\/v2\/product_tag?post=713227"}],"curies":[{"name":"wp","href":"https:\/\/api.w.org\/{rel}","templated":true}]}}