{"id":713225,"date":"2025-08-27T17:05:18","date_gmt":"2025-08-27T14:05:18","guid":{"rendered":"https:\/\/roveyayinevi.com.tr\/index.php\/urun\/umut-bicagi\/"},"modified":"2026-04-16T02:21:45","modified_gmt":"2026-04-15T23:21:45","slug":"umut-bicagi","status":"publish","type":"product","link":"https:\/\/roveyayinevi.com.tr\/index.php\/urun\/umut-bicagi\/","title":{"rendered":"Umut B\u0131\u00e7a\u011f\u0131"},"content":{"rendered":"<p>Prentiss di\u011fer kasabalar gibi de\u011fildi. Herkes herkesin d\u00fc\u015f\u00fcncelerini devaml\u0131 bir G\u00fcr\u00fclt\u00fc \u015feklinde duyabiliyordu. \u00d6zel hayat yoktu. S\u0131rlar yoktu. Bir g\u00fcn Todd Hewitt, erkekli\u011fe ad\u0131m ataca\u011f\u0131 do\u011fum g\u00fcn\u00fcnden bir ay \u00f6nce bir sessizlik buldu. Bu imk\u00e2ns\u0131zd\u0131. Ve \u015fimdi ka\u00e7maya ba\u015flamas\u0131 gerekecekti\u2026 \u2605  Guardian Edebiyat \u00d6d\u00fcl\u00fc \u2605 Manchester K\u0130TAP \u00d6D\u00dcL\u00dc Aday\u0131 \u2605 Odyssey \u00d6D\u00dcL\u00dc Aday\u0131 \u2605 James Tiptree Jr. \u00d6d\u00fcl\u00fc \u2605 Carnegie MADALYASI \u201cMuhtemelen son d\u00f6nemin en etkili distopyas\u0131.\u201d \u2014New Yorker \u201cKaos Y\u00fcr\u00fcy\u00fc\u015f\u00fc fevkalade.\u201d \u2014The Times \u201cKar\u015f\u0131 konulamaz derecede s\u00fcr\u00fckleyici, \u00fcrk\u00fct\u00fcc\u00fc, heyecanland\u0131r\u0131c\u0131 ve can yak\u0131c\u0131\u2026\u201d \u2014Sunday Telegraph \u201cUnutulmaz\u2026 Etkili\u2026 Sonu \u00e2deta karn\u0131n\u0131za inen bir yumruk gibi.\u201d \u2014The Booklist, starred review \u201cErkeklerin ve o\u011flanlar\u0131n iyi ve k\u00f6t\u00fc t\u00fcm d\u00fc\u015f\u00fcncelerini duyabildi\u011finiz bir d\u00fcnya hayal edin. Umut B\u0131\u00e7a\u011f\u0131 hem tehlikeli bir gerilim roman\u0131 hem de korku, sevgi ve kefaret \u00fczerine bir fabl.\u201d \u2014The Independent <\/p>\n","protected":false},"excerpt":{"rendered":"<p>Prentiss di\u011fer kasabalar gibi de\u011fildi. Herkes herkesin d\u00fc\u015f\u00fcncelerini devaml\u0131 bir G\u00fcr\u00fclt\u00fc \u015feklinde duyabiliyordu. \u00d6zel hayat yoktu. S\u0131rlar yoktu. Bir g\u00fcn Todd Hewitt, erkekli\u011fe ad\u0131m ataca\u011f\u0131 do\u011fum<span class=\"excerpt-hellip\"> [\u2026]<\/span><\/p>\n","protected":false},"featured_media":0,"template":"","meta":{"_monsterinsights_skip_tracking":false,"_monsterinsights_sitenote_active":false,"_monsterinsights_sitenote_note":"","_monsterinsights_sitenote_category":0},"product_brand":[],"product_cat":[12540,12291],"product_tag":[],"class_list":{"0":"post-713225","1":"product","2":"type-product","3":"status-publish","5":"product_cat-bilim-kurgu","6":"product_cat-edebiyat","7":"pa_cilt-ciltsiz","8":"pa_tur-kitap","9":"pa_yayinevi-yabanci-yayinevi","10":"pa_yazar-patrick-ness","12":"first","13":"instock","14":"sale","15":"shipping-taxable","16":"purchasable","17":"product-type-simple"},"_links":{"self":[{"href":"https:\/\/roveyayinevi.com.tr\/index.php\/wp-json\/wp\/v2\/product\/713225","targetHints":{"allow":["GET"]}}],"collection":[{"href":"https:\/\/roveyayinevi.com.tr\/index.php\/wp-json\/wp\/v2\/product"}],"about":[{"href":"https:\/\/roveyayinevi.com.tr\/index.php\/wp-json\/wp\/v2\/types\/product"}],"wp:attachment":[{"href":"https:\/\/roveyayinevi.com.tr\/index.php\/wp-json\/wp\/v2\/media?parent=713225"}],"wp:term":[{"taxonomy":"product_brand","embeddable":true,"href":"https:\/\/roveyayinevi.com.tr\/index.php\/wp-json\/wp\/v2\/product_brand?post=713225"},{"taxonomy":"product_cat","embeddable":true,"href":"https:\/\/roveyayinevi.com.tr\/index.php\/wp-json\/wp\/v2\/product_cat?post=713225"},{"taxonomy":"product_tag","embeddable":true,"href":"https:\/\/roveyayinevi.com.tr\/index.php\/wp-json\/wp\/v2\/product_tag?post=713225"}],"curies":[{"name":"wp","href":"https:\/\/api.w.org\/{rel}","templated":true}]}}