{"id":713223,"date":"2025-08-27T17:05:17","date_gmt":"2025-08-27T14:05:17","guid":{"rendered":"https:\/\/roveyayinevi.com.tr\/index.php\/urun\/disko-topu\/"},"modified":"2026-04-11T02:27:24","modified_gmt":"2026-04-10T23:27:24","slug":"disko-topu","status":"publish","type":"product","link":"https:\/\/roveyayinevi.com.tr\/index.php\/urun\/disko-topu\/","title":{"rendered":"Disko Topu"},"content":{"rendered":"<p>\u201cBo\u015flu\u011fa do\u011fru yol alacak hik\u00e2yem \u00e7ok k\u0131sa zamanda unutulup gidecektir. Unutulmamak hayata ait de\u011fil zaten. Ama&#8230; Hi\u00e7 umulmad\u0131k insanlar\u0131n da yaz\u0131l\u0131 tarihleri olur bir yerlerde.\u201d Bu d\u00fcnyayla ayn\u0131 dili konu\u015fmayan, ayn\u0131 pencerelerden bakmayan ve ayn\u0131 kap\u0131lardan ge\u00e7meyen, \u00e7o\u011funlu\u011fun ezberi d\u0131\u015f\u0131nda kalan y\u00f6nleriyle, al\u0131\u015f\u0131lm\u0131\u015f\u0131n d\u0131\u015f\u0131nda g\u00f6rme bi\u00e7imleriyle bilin\u00e7d\u0131\u015f\u0131ndaki as\u0131l d\u00fcnyas\u0131na k\u00f6r\u00fc k\u00f6r\u00fcne ba\u011fl\u0131 bir kad\u0131n. Topluma g\u00f6re ise belki de sadece \u201c\u00f6teki\u201d. \u201cBen bir hi\u00e7tim. Ben her \u015feydim. Ne olursam olay\u0131m, vard\u0131m. Ben de biri idim. Tokala\u015fmak istemedi\u011finiz biri. \u00c7evrenizi dikkatle tarad\u0131\u011f\u0131n\u0131zda bile g\u00f6zlerinizin g\u00f6rmeyi atlad\u0131\u011f\u0131 biri. Ra\u011fmen biri.\u201d \u00c7\u0131kmaz sokaklar\u0131n ve mutlu sonla bitmeyen masallar\u0131n da kahramanlar\u0131 olur. Efendilerle, \u00e7i\u00e7eklerle, patronlarla, kom\u015fularla, dikenlerle, devlerle, Nene\u2019yle, a\u011fa\u00e7larla, susaml\u0131 akide \u015fekerleriyle, c\u00fccelerle, yolda\u015flarla, karde\u015flerle dolu bir hayat\u0131n i\u00e7inde o hep kendine ait tek par\u00e7an\u0131n pe\u015finde: K\u00fc\u00e7\u00fck\u2019\u00fcn. D\u00fcnya d\u00f6n\u00fcyor. Disko topu d\u00f6n\u00fcyor. D\u00f6nd\u00fck\u00e7e bir \u015feyler de\u011fi\u015fiyor. Birileri gidiyor, birileri d\u00f6n\u00fcyor&#8230; <\/p>\n","protected":false},"excerpt":{"rendered":"<p>\u201cBo\u015flu\u011fa do\u011fru yol alacak hik\u00e2yem \u00e7ok k\u0131sa zamanda unutulup gidecektir. Unutulmamak hayata ait de\u011fil zaten. Ama&#8230; Hi\u00e7 umulmad\u0131k insanlar\u0131n da yaz\u0131l\u0131 tarihleri olur bir yerlerde.\u201d Bu<span class=\"excerpt-hellip\"> [\u2026]<\/span><\/p>\n","protected":false},"featured_media":0,"template":"","meta":{"_monsterinsights_skip_tracking":false,"_monsterinsights_sitenote_active":false,"_monsterinsights_sitenote_note":"","_monsterinsights_sitenote_category":0},"product_brand":[],"product_cat":[12291,12711],"product_tag":[],"class_list":{"0":"post-713223","1":"product","2":"type-product","3":"status-publish","5":"product_cat-edebiyat","6":"product_cat-roman-oyku","7":"pa_cilt-ciltsiz","8":"pa_tur-kitap","9":"pa_yayinevi-ithaki-yayinlari","10":"pa_yazar-ayca-gucluten","12":"first","13":"instock","14":"sale","15":"shipping-taxable","16":"purchasable","17":"product-type-simple"},"_links":{"self":[{"href":"https:\/\/roveyayinevi.com.tr\/index.php\/wp-json\/wp\/v2\/product\/713223","targetHints":{"allow":["GET"]}}],"collection":[{"href":"https:\/\/roveyayinevi.com.tr\/index.php\/wp-json\/wp\/v2\/product"}],"about":[{"href":"https:\/\/roveyayinevi.com.tr\/index.php\/wp-json\/wp\/v2\/types\/product"}],"wp:attachment":[{"href":"https:\/\/roveyayinevi.com.tr\/index.php\/wp-json\/wp\/v2\/media?parent=713223"}],"wp:term":[{"taxonomy":"product_brand","embeddable":true,"href":"https:\/\/roveyayinevi.com.tr\/index.php\/wp-json\/wp\/v2\/product_brand?post=713223"},{"taxonomy":"product_cat","embeddable":true,"href":"https:\/\/roveyayinevi.com.tr\/index.php\/wp-json\/wp\/v2\/product_cat?post=713223"},{"taxonomy":"product_tag","embeddable":true,"href":"https:\/\/roveyayinevi.com.tr\/index.php\/wp-json\/wp\/v2\/product_tag?post=713223"}],"curies":[{"name":"wp","href":"https:\/\/api.w.org\/{rel}","templated":true}]}}