{"id":713220,"date":"2025-08-27T17:05:15","date_gmt":"2025-08-27T14:05:15","guid":{"rendered":"https:\/\/roveyayinevi.com.tr\/index.php\/urun\/buyuk-wootton-demircisi-ciltli\/"},"modified":"2026-04-16T02:21:44","modified_gmt":"2026-04-15T23:21:44","slug":"buyuk-wootton-demircisi-ciltli","status":"publish","type":"product","link":"https:\/\/roveyayinevi.com.tr\/index.php\/urun\/buyuk-wootton-demircisi-ciltli\/","title":{"rendered":"B\u00fcy\u00fck Wootton Demircisi (Ciltli)"},"content":{"rendered":"<p>B\u00fcy\u00fck Wootton k\u00f6y\u00fcnde her 24 senede bir \u0130yi \u00c7ocuklar i\u00e7in Ziyafet d\u00fczenlenirdi. Bunu kutlamak ad\u0131na da bu ziyafete davet edilen 24 \u00e7ocu\u011fu besleyecek bir B\u00fcy\u00fck Pasta haz\u0131rlan\u0131rd\u0131. Pasta \u00e7ok tatl\u0131 ve zengin olurdu, ba\u015ftan a\u015fa\u011f\u0131 da \u015fekerli kremayla kaplan\u0131rd\u0131. Ama bu pastan\u0131n i\u00e7inde \u00e7ok ama \u00e7ok tuhaf malzemeler de kullan\u0131l\u0131rd\u0131 ve bunlardan birini yutan \u00e7ocuklar Periler Diyar\u0131\u2019n\u0131 ziyaret edebilirlerdi\u2026   Tolkien\u2019in, George MacDonald\u2019\u0131n Alt\u0131n Anahtar\u2019\u0131 i\u00e7in yazmaya ba\u015flad\u0131\u011f\u0131 \u00f6ns\u00f6z, bu keyifli masala d\u00f6n\u00fc\u015fm\u00fc\u015ft\u00fcr. Y\u00fcz\u00fcklerin Efendisi\u2019nden neredeyse bir on y\u0131l sonra ve yarat\u0131m\u0131 \u00f6m\u00fcr boyu s\u00fcren Silmarillion sona yakla\u015f\u0131rken yazd\u0131\u011f\u0131 B\u00fcy\u00fck Wootton Demircisi, Tolkien\u2019in \u00f6mr\u00fc boyunca edindi\u011fi tecr\u00fcbe ve fikirlerin \u00fcr\u00fcn\u00fcd\u00fcr ve Tolkien hayattayken bas\u0131lm\u0131\u015f son kurgu eseridir.   \u015eimdi, neredeyse 55 y\u0131l sonra, kendini Perilerin tehlikeli diyar\u0131nda bulan bir gezginin bu hik\u00e2yesi; Tolkien\u2019in ilk tasla\u011f\u0131, hik\u00e2yenin \u00e7\u0131k\u0131\u015f noktas\u0131na dair notlar\u0131, alternatif bir son ve Perilerin do\u011fas\u0131 \u00fczerine yazd\u0131\u011f\u0131 yay\u0131mlanmam\u0131\u015f bir makaleyle beraber tekrar okurlarla bulu\u015fuyor.   \u201cBu kitab\u0131n ak\u0131ldan silinmeyen bir etkisi var, \u2018derin\u2019 halk \u00f6yk\u00fclerinin ortak bir \u00f6zelli\u011fi. Harikulade ve ak\u0131lda kal\u0131c\u0131.\u201d Times Educational Supplement   \u201cBu masal\u0131 ne kadar yak\u0131ndan incelerseniz, ard\u0131ndaki fikrin ihti\u015fam\u0131 kendini o kadar g\u00f6sterecektir; ister yedi ya\u015f\u0131nda olun ister yetmi\u015f ya\u015f\u0131nda, okumak isteyeceksiniz.\u201d New Statesman <\/p>\n","protected":false},"excerpt":{"rendered":"<p>B\u00fcy\u00fck Wootton k\u00f6y\u00fcnde her 24 senede bir \u0130yi \u00c7ocuklar i\u00e7in Ziyafet d\u00fczenlenirdi. Bunu kutlamak ad\u0131na da bu ziyafete davet edilen 24 \u00e7ocu\u011fu besleyecek bir B\u00fcy\u00fck Pasta<span class=\"excerpt-hellip\"> [\u2026]<\/span><\/p>\n","protected":false},"featured_media":0,"template":"","meta":{"_monsterinsights_skip_tracking":false,"_monsterinsights_sitenote_active":false,"_monsterinsights_sitenote_note":"","_monsterinsights_sitenote_category":0},"product_brand":[],"product_cat":[12291,14777],"product_tag":[],"class_list":{"0":"post-713220","1":"product","2":"type-product","3":"status-publish","5":"product_cat-edebiyat","6":"product_cat-fantastik","7":"pa_cilt-ciltli","8":"pa_tur-kitap","9":"pa_yayinevi-ithaki-yayinlari","10":"pa_yazar-j-r-r-tolkien","12":"first","13":"instock","14":"sale","15":"shipping-taxable","16":"purchasable","17":"product-type-simple"},"_links":{"self":[{"href":"https:\/\/roveyayinevi.com.tr\/index.php\/wp-json\/wp\/v2\/product\/713220","targetHints":{"allow":["GET"]}}],"collection":[{"href":"https:\/\/roveyayinevi.com.tr\/index.php\/wp-json\/wp\/v2\/product"}],"about":[{"href":"https:\/\/roveyayinevi.com.tr\/index.php\/wp-json\/wp\/v2\/types\/product"}],"wp:attachment":[{"href":"https:\/\/roveyayinevi.com.tr\/index.php\/wp-json\/wp\/v2\/media?parent=713220"}],"wp:term":[{"taxonomy":"product_brand","embeddable":true,"href":"https:\/\/roveyayinevi.com.tr\/index.php\/wp-json\/wp\/v2\/product_brand?post=713220"},{"taxonomy":"product_cat","embeddable":true,"href":"https:\/\/roveyayinevi.com.tr\/index.php\/wp-json\/wp\/v2\/product_cat?post=713220"},{"taxonomy":"product_tag","embeddable":true,"href":"https:\/\/roveyayinevi.com.tr\/index.php\/wp-json\/wp\/v2\/product_tag?post=713220"}],"curies":[{"name":"wp","href":"https:\/\/api.w.org\/{rel}","templated":true}]}}