{"id":713219,"date":"2025-08-27T17:05:14","date_gmt":"2025-08-27T14:05:14","guid":{"rendered":"https:\/\/roveyayinevi.com.tr\/index.php\/urun\/sissoylu-6-matem-bantlari\/"},"modified":"2026-04-16T02:21:44","modified_gmt":"2026-04-15T23:21:44","slug":"sissoylu-6-matem-bantlari","status":"publish","type":"product","link":"https:\/\/roveyayinevi.com.tr\/index.php\/urun\/sissoylu-6-matem-bantlari\/","title":{"rendered":"Sissoylu 6 Matem Bantlar\u0131"},"content":{"rendered":"<p>Matem Bantlar\u0131, Lord H\u00fck\u00fcmdar&#8217;\u0131n sahip oldu\u011fu ve takanlara onun g\u00fc\u00e7lerini bah\u015fetti\u011fi rivayet edilen efsanevi metalak\u0131llar. Ama Matem Bantlar\u0131&#8217;n\u0131n ger\u00e7ekten de var oldu\u011funu d\u00fc\u015f\u00fcnen tek bir ki\u015fi bile yok neredeyse\u2026 Bir ara\u015ft\u0131rmac\u0131 kandran\u0131n, yan\u0131nda Matem Bantlar\u0131&#8217;n\u0131 tasvir eder gibi g\u00f6r\u00fcnen baz\u0131 g\u00f6rseller ve hi\u00e7 kimsenin okuyamad\u0131\u011f\u0131 bir dilde yaz\u0131lm\u0131\u015f metinlerle Elendel&#8217;e d\u00f6nmesi, \u015fehirde b\u00fcy\u00fck bir heyecan yarat\u0131yor. Waxillium Ladrian, durumu soru\u015fturmak i\u00e7in g\u00fcneye, Yeni Seran \u015fehrine gitmekle g\u00f6revlendiriliyor. Bu yolculuk s\u0131ras\u0131nda, amcas\u0131 Edwarn ve K\u00fcme olarak bilinen karanl\u0131k \u00f6rg\u00fct\u00fcn ger\u00e7ek emellerine i\u015faret eden ipu\u00e7lar\u0131 ke\u015ffedecek. \u0130ster ge\u00e7mi\u015fte isterse gelecekte ge\u00e7sin, Brandon Sanderson\u2019un yazd\u0131\u011f\u0131 kitaplar, fantastik edebiyattan keyif alan ve d\u00fcnyan\u0131n d\u00f6rt bir yan\u0131nda ya\u015fayan hayranlar\u0131n\u0131 b\u00fcy\u00fclemeye devam ediyor. <\/p>\n","protected":false},"excerpt":{"rendered":"<p>Matem Bantlar\u0131, Lord H\u00fck\u00fcmdar&#8217;\u0131n sahip oldu\u011fu ve takanlara onun g\u00fc\u00e7lerini bah\u015fetti\u011fi rivayet edilen efsanevi metalak\u0131llar. Ama Matem Bantlar\u0131&#8217;n\u0131n ger\u00e7ekten de var oldu\u011funu d\u00fc\u015f\u00fcnen tek bir ki\u015fi<span class=\"excerpt-hellip\"> [\u2026]<\/span><\/p>\n","protected":false},"featured_media":0,"template":"","meta":{"_monsterinsights_skip_tracking":false,"_monsterinsights_sitenote_active":false,"_monsterinsights_sitenote_note":"","_monsterinsights_sitenote_category":0},"product_brand":[],"product_cat":[12291,14777],"product_tag":[],"class_list":{"0":"post-713219","1":"product","2":"type-product","3":"status-publish","5":"product_cat-edebiyat","6":"product_cat-fantastik","7":"pa_cilt-ciltsiz","8":"pa_tur-kitap","9":"pa_yayinevi-akil-celen-kitaplar","10":"pa_yazar-brandon-sanderson","12":"first","13":"instock","14":"sale","15":"shipping-taxable","16":"purchasable","17":"product-type-simple"},"_links":{"self":[{"href":"https:\/\/roveyayinevi.com.tr\/index.php\/wp-json\/wp\/v2\/product\/713219","targetHints":{"allow":["GET"]}}],"collection":[{"href":"https:\/\/roveyayinevi.com.tr\/index.php\/wp-json\/wp\/v2\/product"}],"about":[{"href":"https:\/\/roveyayinevi.com.tr\/index.php\/wp-json\/wp\/v2\/types\/product"}],"wp:attachment":[{"href":"https:\/\/roveyayinevi.com.tr\/index.php\/wp-json\/wp\/v2\/media?parent=713219"}],"wp:term":[{"taxonomy":"product_brand","embeddable":true,"href":"https:\/\/roveyayinevi.com.tr\/index.php\/wp-json\/wp\/v2\/product_brand?post=713219"},{"taxonomy":"product_cat","embeddable":true,"href":"https:\/\/roveyayinevi.com.tr\/index.php\/wp-json\/wp\/v2\/product_cat?post=713219"},{"taxonomy":"product_tag","embeddable":true,"href":"https:\/\/roveyayinevi.com.tr\/index.php\/wp-json\/wp\/v2\/product_tag?post=713219"}],"curies":[{"name":"wp","href":"https:\/\/api.w.org\/{rel}","templated":true}]}}