{"id":713218,"date":"2025-08-27T17:05:14","date_gmt":"2025-08-27T14:05:14","guid":{"rendered":"https:\/\/roveyayinevi.com.tr\/index.php\/urun\/talat-pasa\/"},"modified":"2026-04-16T02:21:44","modified_gmt":"2026-04-15T23:21:44","slug":"talat-pasa","status":"publish","type":"product","link":"https:\/\/roveyayinevi.com.tr\/index.php\/urun\/talat-pasa\/","title":{"rendered":"Talat Pa\u015fa"},"content":{"rendered":"<p>Elinizdeki kitap hem biyografi, hem hat\u0131r\u00e2t, hem de y\u00e2dig\u00e2r t\u00fcr\u00fcnde bir eser. H\u00fcseyin Cahit bu k\u00fc\u00e7\u00fck hacimli ve fakat \u00e7ok b\u00fcy\u00fck tarih\u00ee ve fikr\u00ee k\u0131ymeti h\u00e2iz eserinde o edeb\u00ee t\u00fcrlerden herhangi birisine ba\u011fl\u0131 kalma endi\u015fesi hissetmeden tan\u0131d\u0131\u011f\u0131, bildi\u011fi, birlikte m\u00fccadele verdi\u011fi, zaman zaman tenkid etti\u011fi, ama hi\u00e7bir vakit dostlu\u011funa, karde\u015f\u00e2ne hukukuna halel getirmedi\u011fi yol arkada\u015f\u0131n\u0131 i\u00e7inden geldi\u011fi gibi ve d\u00fcr\u00fcst\u00e7e anlatmaktad\u0131r. Anlatt\u0131\u011f\u0131 Tal\u2019at\u2019\u0131n hayat sahneleri i\u00e7erisindeki muhtelif akt\u00f6rlerden biri de kendisidir. Yazar o \u201csahne\u201dlerin kimisinde bizzat rol oynam\u0131\u015f, kimisine de \u00f6n s\u0131radaki ve en dikkatli \u201cseyirci\u201dlerden biri s\u0131fat\u0131 ile \u015f\u00e2hit olmu\u015ftur. B\u00f6yle bir mevkide bulunmu\u015f ki\u015finin yazd\u0131klar\u0131, o ki\u015fi bir de \u00e7a\u011f\u0131n\u0131n en zek\u00ee ve en yetenekli kalem erbab\u0131 aras\u0131nda ise \u015f\u00fcphesiz ki, apayr\u0131 bir k\u0131ymet ve ehemmiyet ta\u015f\u0131yacakt\u0131r; velev ki, muhteviy\u00e2t\u0131nda tenkide m\u00fcstehak hususlar bulunsa bile\u2026 Kald\u0131 ki, H\u00fcseyin Cahit\u2019in bu eseri h\u00fcrmet ve muhabbet duyulan bir dosta, bir d\u00e2v\u00e2 arkada\u015f\u0131na kuru methiyeden, m\u00fcbal\u00e2\u011fal\u0131 tevecc\u00fch ve iltifatlardan, hil\u00e2f-\u0131 hakikat yak\u0131\u015ft\u0131rmalardan \u00e7ok uzak bir anlay\u0131\u015fla kaleme al\u0131nm\u0131\u015ft\u0131r. Yazar\u0131n \u00fcsl\u00fbbundaki s\u0131cakl\u0131k, samimiyet ve zenginli\u011fin, eserindeki hakkaniyetli ve serin kanl\u0131 de\u011ferlendirmeleri, derinlikli tahlilleri, geni\u015f bir bak\u0131\u015f a\u00e7\u0131s\u0131 ve \u015fa\u015f\u0131rt\u0131c\u0131 bilgi birikimiyle devrinin meselelerine getirdi\u011fi \u00eez\u00e2hlar\u0131 g\u00f6lgede b\u0131rakmamas\u0131 temenni olunur.Dr. Mustafa \u00c7ALIK <\/p>\n","protected":false},"excerpt":{"rendered":"<p>Elinizdeki kitap hem biyografi, hem hat\u0131r\u00e2t, hem de y\u00e2dig\u00e2r t\u00fcr\u00fcnde bir eser. H\u00fcseyin Cahit bu k\u00fc\u00e7\u00fck hacimli ve fakat \u00e7ok b\u00fcy\u00fck tarih\u00ee ve fikr\u00ee k\u0131ymeti h\u00e2iz<span class=\"excerpt-hellip\"> [\u2026]<\/span><\/p>\n","protected":false},"featured_media":0,"template":"","meta":{"_monsterinsights_skip_tracking":false,"_monsterinsights_sitenote_active":false,"_monsterinsights_sitenote_note":"","_monsterinsights_sitenote_category":0},"product_brand":[],"product_cat":[13946,12304],"product_tag":[],"class_list":{"0":"post-713218","1":"product","2":"type-product","3":"status-publish","5":"product_cat-biyografi-otobiyografi","6":"product_cat-tarih","7":"pa_cilt-ciltsiz","8":"pa_tur-kitap","9":"pa_yayinevi-otuken-nesriyat","10":"pa_yazar-huseyin-cahit-yalcin","12":"first","13":"instock","14":"sale","15":"shipping-taxable","16":"purchasable","17":"product-type-simple"},"_links":{"self":[{"href":"https:\/\/roveyayinevi.com.tr\/index.php\/wp-json\/wp\/v2\/product\/713218","targetHints":{"allow":["GET"]}}],"collection":[{"href":"https:\/\/roveyayinevi.com.tr\/index.php\/wp-json\/wp\/v2\/product"}],"about":[{"href":"https:\/\/roveyayinevi.com.tr\/index.php\/wp-json\/wp\/v2\/types\/product"}],"wp:attachment":[{"href":"https:\/\/roveyayinevi.com.tr\/index.php\/wp-json\/wp\/v2\/media?parent=713218"}],"wp:term":[{"taxonomy":"product_brand","embeddable":true,"href":"https:\/\/roveyayinevi.com.tr\/index.php\/wp-json\/wp\/v2\/product_brand?post=713218"},{"taxonomy":"product_cat","embeddable":true,"href":"https:\/\/roveyayinevi.com.tr\/index.php\/wp-json\/wp\/v2\/product_cat?post=713218"},{"taxonomy":"product_tag","embeddable":true,"href":"https:\/\/roveyayinevi.com.tr\/index.php\/wp-json\/wp\/v2\/product_tag?post=713218"}],"curies":[{"name":"wp","href":"https:\/\/api.w.org\/{rel}","templated":true}]}}