{"id":713217,"date":"2025-08-27T17:05:13","date_gmt":"2025-08-27T14:05:13","guid":{"rendered":"https:\/\/roveyayinevi.com.tr\/index.php\/urun\/mirket-nineler-uyuyamiyor\/"},"modified":"2026-04-16T02:21:44","modified_gmt":"2026-04-15T23:21:44","slug":"mirket-nineler-uyuyamiyor","status":"publish","type":"product","link":"https:\/\/roveyayinevi.com.tr\/index.php\/urun\/mirket-nineler-uyuyamiyor\/","title":{"rendered":"Mirket Nineler Uyuyam\u0131yor"},"content":{"rendered":"<p>Mirket Nineler Parti Veriyor ile tan\u0131\u015ft\u0131\u011f\u0131m\u0131z Nene ve Nana adl\u0131 \u015firin mirketler yine dalg\u0131nl\u0131klar\u0131, hayalleri ve ilgin\u00e7 fikirleri ile \u00e7ocuklar\u0131 g\u00fcld\u00fcrecek. Mirket Nineler bu kez uyuyamamaktan yak\u0131n\u0131yor, bah\u00e7elerini en g\u00fczel \u015fekilde d\u00fczenlemek istiyor ve orman hayvanlar\u0131yla beraber yak\u0131nlardaki bir kasabaya konser vermeye gidiyor. Ama eyvah, m\u00fczik aletlerini yanlar\u0131na almay\u0131 unutmu\u015f olmas\u0131nlar sak\u0131n!Nihan Temiz\u2019in esprili \u00f6yk\u00fcleri ve \u015eebnem Ayd\u0131n G\u00fcnd\u00fcz\u2019\u00fcn ne\u015feli resimleriyle Mirket Nineler Uyuyam\u0131yor, hem \u00e7ocuklar\u0131n okuma becerisini peki\u015ftirecek hem de onlar\u0131 \u00e7ok e\u011flendirecek. <\/p>\n","protected":false},"excerpt":{"rendered":"<p>Mirket Nineler Parti Veriyor ile tan\u0131\u015ft\u0131\u011f\u0131m\u0131z Nene ve Nana adl\u0131 \u015firin mirketler yine dalg\u0131nl\u0131klar\u0131, hayalleri ve ilgin\u00e7 fikirleri ile \u00e7ocuklar\u0131 g\u00fcld\u00fcrecek. Mirket Nineler bu kez uyuyamamaktan<span class=\"excerpt-hellip\"> [\u2026]<\/span><\/p>\n","protected":false},"featured_media":0,"template":"","meta":{"_monsterinsights_skip_tracking":false,"_monsterinsights_sitenote_active":false,"_monsterinsights_sitenote_note":"","_monsterinsights_sitenote_category":0},"product_brand":[],"product_cat":[12275,12274],"product_tag":[],"class_list":{"0":"post-713217","1":"product","2":"type-product","3":"status-publish","5":"product_cat-6-12-yas-kitaplari","6":"product_cat-cocuk-ve-genclik-kitaplari","7":"pa_cilt-ciltsiz","8":"pa_tur-kitap","9":"pa_yayinevi-redhouse-kidz-yayinlari","10":"pa_yazar-nihan-temiz","12":"first","13":"instock","14":"sale","15":"shipping-taxable","16":"purchasable","17":"product-type-simple"},"_links":{"self":[{"href":"https:\/\/roveyayinevi.com.tr\/index.php\/wp-json\/wp\/v2\/product\/713217","targetHints":{"allow":["GET"]}}],"collection":[{"href":"https:\/\/roveyayinevi.com.tr\/index.php\/wp-json\/wp\/v2\/product"}],"about":[{"href":"https:\/\/roveyayinevi.com.tr\/index.php\/wp-json\/wp\/v2\/types\/product"}],"wp:attachment":[{"href":"https:\/\/roveyayinevi.com.tr\/index.php\/wp-json\/wp\/v2\/media?parent=713217"}],"wp:term":[{"taxonomy":"product_brand","embeddable":true,"href":"https:\/\/roveyayinevi.com.tr\/index.php\/wp-json\/wp\/v2\/product_brand?post=713217"},{"taxonomy":"product_cat","embeddable":true,"href":"https:\/\/roveyayinevi.com.tr\/index.php\/wp-json\/wp\/v2\/product_cat?post=713217"},{"taxonomy":"product_tag","embeddable":true,"href":"https:\/\/roveyayinevi.com.tr\/index.php\/wp-json\/wp\/v2\/product_tag?post=713217"}],"curies":[{"name":"wp","href":"https:\/\/api.w.org\/{rel}","templated":true}]}}