{"id":713214,"date":"2025-08-27T17:05:12","date_gmt":"2025-08-27T14:05:12","guid":{"rendered":"https:\/\/roveyayinevi.com.tr\/index.php\/urun\/her-yonuyle-cocuk-yetistirme-sanati\/"},"modified":"2026-04-16T02:21:44","modified_gmt":"2026-04-15T23:21:44","slug":"her-yonuyle-cocuk-yetistirme-sanati","status":"publish","type":"product","link":"https:\/\/roveyayinevi.com.tr\/index.php\/urun\/her-yonuyle-cocuk-yetistirme-sanati\/","title":{"rendered":"Her Y\u00f6n\u00fcyle \u00c7ocuk Yeti\u015ftirme Sanat\u0131"},"content":{"rendered":"<p>\u201c\u00c7ocuk yeti\u015ftirme konusunda, herkes i\u00e7in tek \u00e7\u00f6z\u00fcm diye bir \u015fey yoktur. Her \u00e7ocuk, bizim gibi, anne babas\u0131 gibi kendine \u00f6zg\u00fc huylara ve karakterlere sahiptir. Benim kitab\u0131mda do\u011fru yol, size do\u011fru hissettiren, sizin ve \u00e7ocu\u011funuz i\u00e7in uygun olan yoldur.\u201d Dr. Christopher Green, \u00e7ocuklarla ve anne babalarla ge\u00e7irdi\u011fi 30 y\u0131ldan sonra, etkili bir ebeveyn olman\u0131n yolunun, neyin normal oldu\u011funu bilmekten ve \u00e7ocuklar\u0131n yaramazl\u0131k de\u011fil, sadece \u00e7ocukluk yapt\u0131\u011f\u0131n\u0131 kabullenmekten ge\u00e7ti\u011fini s\u00f6yl\u00fcyor. Y\u0131llard\u0131r milyonlarca ebeveyne \u0131\u015f\u0131k tutmu\u015f, arkada\u015f\u00e7a tavsiyelerle dolu bu kitap sayesinde, \u00e7ocu\u011funuzun 1 ile 4 ya\u015f aras\u0131ndaki o b\u00fcy\u00fcl\u00fc d\u00f6neminin tad\u0131n\u0131 \u00e7\u0131karmay\u0131 \u00f6\u011frenecek ve \u00e7ocuk yeti\u015ftirmenin asl\u0131nda o kadar zor bir \u015fey olmad\u0131\u011f\u0131n\u0131 fark edeceksiniz. <\/p>\n","protected":false},"excerpt":{"rendered":"<p>\u201c\u00c7ocuk yeti\u015ftirme konusunda, herkes i\u00e7in tek \u00e7\u00f6z\u00fcm diye bir \u015fey yoktur. Her \u00e7ocuk, bizim gibi, anne babas\u0131 gibi kendine \u00f6zg\u00fc huylara ve karakterlere sahiptir. Benim kitab\u0131mda<span class=\"excerpt-hellip\"> [\u2026]<\/span><\/p>\n","protected":false},"featured_media":0,"template":"","meta":{"_monsterinsights_skip_tracking":false,"_monsterinsights_sitenote_active":false,"_monsterinsights_sitenote_note":"","_monsterinsights_sitenote_category":0},"product_brand":[],"product_cat":[12831,12324],"product_tag":[],"class_list":{"0":"post-713214","1":"product","2":"type-product","3":"status-publish","5":"product_cat-aile-ve-cocuk","6":"product_cat-sosyoloji","7":"pa_cilt-ciltsiz","8":"pa_tur-kitap","9":"pa_yayinevi-yakamoz-yayinevi","10":"pa_yazar-christopher-green","12":"first","13":"instock","14":"sale","15":"shipping-taxable","16":"purchasable","17":"product-type-simple"},"_links":{"self":[{"href":"https:\/\/roveyayinevi.com.tr\/index.php\/wp-json\/wp\/v2\/product\/713214","targetHints":{"allow":["GET"]}}],"collection":[{"href":"https:\/\/roveyayinevi.com.tr\/index.php\/wp-json\/wp\/v2\/product"}],"about":[{"href":"https:\/\/roveyayinevi.com.tr\/index.php\/wp-json\/wp\/v2\/types\/product"}],"wp:attachment":[{"href":"https:\/\/roveyayinevi.com.tr\/index.php\/wp-json\/wp\/v2\/media?parent=713214"}],"wp:term":[{"taxonomy":"product_brand","embeddable":true,"href":"https:\/\/roveyayinevi.com.tr\/index.php\/wp-json\/wp\/v2\/product_brand?post=713214"},{"taxonomy":"product_cat","embeddable":true,"href":"https:\/\/roveyayinevi.com.tr\/index.php\/wp-json\/wp\/v2\/product_cat?post=713214"},{"taxonomy":"product_tag","embeddable":true,"href":"https:\/\/roveyayinevi.com.tr\/index.php\/wp-json\/wp\/v2\/product_tag?post=713214"}],"curies":[{"name":"wp","href":"https:\/\/api.w.org\/{rel}","templated":true}]}}