{"id":713213,"date":"2025-08-27T17:05:11","date_gmt":"2025-08-27T14:05:11","guid":{"rendered":"https:\/\/roveyayinevi.com.tr\/index.php\/urun\/dusler-kabuslar-ve-gelecek-masallar\/"},"modified":"2026-04-13T02:27:06","modified_gmt":"2026-04-12T23:27:06","slug":"dusler-kabuslar-ve-gelecek-masallar","status":"publish","type":"product","link":"https:\/\/roveyayinevi.com.tr\/index.php\/urun\/dusler-kabuslar-ve-gelecek-masallar\/","title":{"rendered":"D\u00fc\u015fler, Kabuslar Ve Gelecek Masallar"},"content":{"rendered":"<p>\u201cHayallerin adam\u0131n\u0131 anlatmam\u0131 istiyorsunuz benden. \u00d6yleyse anlatacaklar\u0131m\u0131n da hayal\u00ee olabilece\u011fi konusunda uyarmal\u0131y\u0131m sizi. Ger\u00e7e\u011fin g\u00f6lgesinden ba\u015fka bir \u015fey elde edemeyebilirsiniz konu\u015fmam\u0131n sonunda.\u201d D\u00fc\u015fler, K\u00e2buslar ve Gelecek Masallar\u0131\u2019n\u0131 okuyunca, Do\u011fu Y\u00fccel\u2019in 2000 y\u0131l\u0131nda bas\u0131lan bu ilk kitab\u0131nda yolunu \u00e7izdi\u011fini g\u00f6receksiniz: D\u00fc\u015fler ya\u015fam\u0131m\u0131z\u0131n vazge\u00e7ilmez bir par\u00e7as\u0131d\u0131r ve ger\u00e7eklik dedi\u011fimiz \u015feyin de d\u0131\u015f\u0131nda de\u011fildir. Bu nedenle, gelece\u011fimizi de onlar belirleyebilir. B\u00fcy\u00fcl\u00fc ger\u00e7ek\u00e7ilikten bilimkurguya, korku anlat\u0131lar\u0131ndan masal edebiyat\u0131na uzanan bu \u00f6yk\u00fclerde d\u00fc\u015fler ve k\u00e2buslar\u0131n h\u00fck\u00fcm s\u00fcrd\u00fc\u011f\u00fc bir d\u00fcnyaya ad\u0131m at\u0131yorsunuz. Bu d\u00fcnyada \u00f6l\u00fcm\u00fcn e\u015fi\u011findeki bir tiyatro oyuncusu hayat\u0131n\u0131n en b\u00fcy\u00fcl\u00fc performans\u0131n\u0131 sahneye koyuyor, uzak galaksilerden gelen bir uzayl\u0131 \u00f6l\u00fcms\u00fczl\u00fc\u011f\u00fcn s\u0131rr\u0131n\u0131 insanl\u0131\u011fa bah\u015fediyor, i\u00e7ine \u015feytan giren bir otopark bariyeri mahalleye deh\u015fet sa\u00e7\u0131yor. Her an her \u015feyin olabilece\u011fi, tuhaf bir boyut buras\u0131 ama ger\u00e7eklikten hi\u00e7 uzak de\u011fil. S\u0131navlar\u0131n ve kurallar\u0131n g\u00f6lgesinde ya\u015fayan gen\u00e7ler, sava\u015flar\u0131n ve paran\u0131n ekseninde d\u00f6nen bir d\u00fcnya t\u00fcm hik\u00e2yelerde kar\u015f\u0131m\u0131za \u00e7\u0131k\u0131yor. Do\u011fu Y\u00fccel alacakaranl\u0131k ku\u015fa\u011f\u0131n\u0131n puslu atmosferinden kimi zaman \u00fcrk\u00fcterek kimi zamansa g\u00fcl\u00fcmseterek sesleniyor. <\/p>\n","protected":false},"excerpt":{"rendered":"<p>\u201cHayallerin adam\u0131n\u0131 anlatmam\u0131 istiyorsunuz benden. \u00d6yleyse anlatacaklar\u0131m\u0131n da hayal\u00ee olabilece\u011fi konusunda uyarmal\u0131y\u0131m sizi. Ger\u00e7e\u011fin g\u00f6lgesinden ba\u015fka bir \u015fey elde edemeyebilirsiniz konu\u015fmam\u0131n sonunda.\u201d D\u00fc\u015fler, K\u00e2buslar ve Gelecek<span class=\"excerpt-hellip\"> [\u2026]<\/span><\/p>\n","protected":false},"featured_media":0,"template":"","meta":{"_monsterinsights_skip_tracking":false,"_monsterinsights_sitenote_active":false,"_monsterinsights_sitenote_note":"","_monsterinsights_sitenote_category":0},"product_brand":[],"product_cat":[12291,12711],"product_tag":[],"class_list":{"0":"post-713213","1":"product","2":"type-product","3":"status-publish","5":"product_cat-edebiyat","6":"product_cat-roman-oyku","7":"pa_cilt-ciltsiz","8":"pa_tur-kitap","9":"pa_yayinevi-can-yayinlari","10":"pa_yazar-dogu-yucel","12":"first","13":"instock","14":"sale","15":"shipping-taxable","16":"purchasable","17":"product-type-simple"},"_links":{"self":[{"href":"https:\/\/roveyayinevi.com.tr\/index.php\/wp-json\/wp\/v2\/product\/713213","targetHints":{"allow":["GET"]}}],"collection":[{"href":"https:\/\/roveyayinevi.com.tr\/index.php\/wp-json\/wp\/v2\/product"}],"about":[{"href":"https:\/\/roveyayinevi.com.tr\/index.php\/wp-json\/wp\/v2\/types\/product"}],"wp:attachment":[{"href":"https:\/\/roveyayinevi.com.tr\/index.php\/wp-json\/wp\/v2\/media?parent=713213"}],"wp:term":[{"taxonomy":"product_brand","embeddable":true,"href":"https:\/\/roveyayinevi.com.tr\/index.php\/wp-json\/wp\/v2\/product_brand?post=713213"},{"taxonomy":"product_cat","embeddable":true,"href":"https:\/\/roveyayinevi.com.tr\/index.php\/wp-json\/wp\/v2\/product_cat?post=713213"},{"taxonomy":"product_tag","embeddable":true,"href":"https:\/\/roveyayinevi.com.tr\/index.php\/wp-json\/wp\/v2\/product_tag?post=713213"}],"curies":[{"name":"wp","href":"https:\/\/api.w.org\/{rel}","templated":true}]}}