{"id":713212,"date":"2025-08-27T17:05:11","date_gmt":"2025-08-27T14:05:11","guid":{"rendered":"https:\/\/roveyayinevi.com.tr\/index.php\/urun\/hayalet-kitap\/"},"modified":"2026-04-16T02:21:44","modified_gmt":"2026-04-15T23:21:44","slug":"hayalet-kitap","status":"publish","type":"product","link":"https:\/\/roveyayinevi.com.tr\/index.php\/urun\/hayalet-kitap\/","title":{"rendered":"Hayalet Kitap"},"content":{"rendered":"<p>\u201cBu yazd\u0131klar\u0131m\u0131 bir intihar mektubu olarak g\u00f6rme. Derler ya, \u2018Her intihar mektubu bir a\u015fk mektubudur,\u2019 diye. Asl\u0131nda, \u2018Her intihar mektubu bir a\u015fk roman\u0131d\u0131r,\u2019 ayn\u0131 zamanda. Yani bu ald\u0131\u011f\u0131n son mektup sana daha \u00f6nce yazd\u0131klar\u0131mdan farkl\u0131 de\u011fil. Bu da bir a\u015fk mektubu, bu da bir hik\u00e2ye.\u201d Hayalet Kitap\u2019\u0131n kahraman\u0131 G\u00fcldem, bir sabah posta kutusunda bir mektup bulur. Mektubun yazar\u0131 ona kar\u015f\u0131l\u0131ks\u0131z a\u015fkla ba\u011fl\u0131 olan G\u00f6kalp\u2019tir. G\u00f6kalp bir intihar mektubuyla G\u00fcldem\u2019e veda eder. G\u00f6kalp\u2019in \u00f6l\u00fcm\u00fcn\u00fcn birinci y\u0131ld\u00f6n\u00fcm\u00fcyle birlikte tuhaf olaylar ba\u015f g\u00f6sterir. \u015eimdi G\u00fcldem ve arkada\u015flar\u0131 \u0130zmir\u2019in \u00e7e\u015fitli yerlerinde ve \u00fcniversite kamp\u00fcs\u00fcnde bir hayaletle m\u00fccadele etmek durumundad\u0131r. Do\u011fu Y\u00fccel\u2019in ilk olarak 2002\u2019de yay\u0131mlanan kitab\u0131 bir\u00e7ok defa bask\u0131 g\u00f6rm\u00fc\u015f, 2004\u2019te ise Taylan Biraderler taraf\u0131ndan sinemaya uyarlanm\u0131\u015ft\u0131. Hayalet Kitap, bir hayalet hik\u00e2yesi olmas\u0131n\u0131n yan\u0131 s\u0131ra e\u011fitim sistemine ele\u015ftirel bak\u0131\u015f\u0131yla ve \u00fcniversite \u00f6\u011frencilerinin kamp\u00fcs hayat\u0131n\u0131 t\u00fcm detaylar\u0131yla resmetmesiyle yay\u0131mland\u0131\u011f\u0131 g\u00fcnden bu yana ilgi g\u00f6rm\u00fc\u015f bir roman. &#8220;Fantastik ile ger\u00e7ekli\u011fin s\u0131n\u0131rlar\u0131n\u0131 zorlayan bu s\u00fcr\u00fckleyici macera, m\u00fczi\u011fe ve edebiyata yapt\u0131\u011f\u0131 \u015f\u0131k g\u00f6ndermelerle kalbinizi \u00e7alacak. Sadece ilk sayfay\u0131 \u00e7evirin, yeter.&#8221; Karin Karaka\u015fl\u0131 <\/p>\n","protected":false},"excerpt":{"rendered":"<p>\u201cBu yazd\u0131klar\u0131m\u0131 bir intihar mektubu olarak g\u00f6rme. Derler ya, \u2018Her intihar mektubu bir a\u015fk mektubudur,\u2019 diye. Asl\u0131nda, \u2018Her intihar mektubu bir a\u015fk roman\u0131d\u0131r,\u2019 ayn\u0131 zamanda. Yani<span class=\"excerpt-hellip\"> [\u2026]<\/span><\/p>\n","protected":false},"featured_media":0,"template":"","meta":{"_monsterinsights_skip_tracking":false,"_monsterinsights_sitenote_active":false,"_monsterinsights_sitenote_note":"","_monsterinsights_sitenote_category":0},"product_brand":[],"product_cat":[12291,12711],"product_tag":[],"class_list":{"0":"post-713212","1":"product","2":"type-product","3":"status-publish","5":"product_cat-edebiyat","6":"product_cat-roman-oyku","7":"pa_cilt-ciltsiz","8":"pa_tur-kitap","9":"pa_yayinevi-can-yayinlari","10":"pa_yazar-dogu-yucel","12":"first","13":"instock","14":"sale","15":"shipping-taxable","16":"purchasable","17":"product-type-simple"},"_links":{"self":[{"href":"https:\/\/roveyayinevi.com.tr\/index.php\/wp-json\/wp\/v2\/product\/713212","targetHints":{"allow":["GET"]}}],"collection":[{"href":"https:\/\/roveyayinevi.com.tr\/index.php\/wp-json\/wp\/v2\/product"}],"about":[{"href":"https:\/\/roveyayinevi.com.tr\/index.php\/wp-json\/wp\/v2\/types\/product"}],"wp:attachment":[{"href":"https:\/\/roveyayinevi.com.tr\/index.php\/wp-json\/wp\/v2\/media?parent=713212"}],"wp:term":[{"taxonomy":"product_brand","embeddable":true,"href":"https:\/\/roveyayinevi.com.tr\/index.php\/wp-json\/wp\/v2\/product_brand?post=713212"},{"taxonomy":"product_cat","embeddable":true,"href":"https:\/\/roveyayinevi.com.tr\/index.php\/wp-json\/wp\/v2\/product_cat?post=713212"},{"taxonomy":"product_tag","embeddable":true,"href":"https:\/\/roveyayinevi.com.tr\/index.php\/wp-json\/wp\/v2\/product_tag?post=713212"}],"curies":[{"name":"wp","href":"https:\/\/api.w.org\/{rel}","templated":true}]}}