{"id":713210,"date":"2025-08-27T17:05:09","date_gmt":"2025-08-27T14:05:09","guid":{"rendered":"https:\/\/roveyayinevi.com.tr\/index.php\/urun\/baska-dunyadan-gelen-kiz\/"},"modified":"2026-03-23T02:26:38","modified_gmt":"2026-03-22T23:26:38","slug":"baska-dunyadan-gelen-kiz","status":"publish","type":"product","link":"https:\/\/roveyayinevi.com.tr\/index.php\/urun\/baska-dunyadan-gelen-kiz\/","title":{"rendered":"Ba\u015fka D\u00fcnyadan Gelen K\u0131z"},"content":{"rendered":"<p>Adam\u2019\u0131n annesi onu ormana getirdi\u011finde, geri d\u00f6nece\u011fine ve Adam\u2019\u0131 alaca\u011f\u0131na s\u00f6z verir. Ayn\u0131 g\u00fcn Adam, ormanda s\u0131n\u0131f arkada\u015f\u0131 Thomas\u2019la kar\u015f\u0131la\u015f\u0131r. Thomas\u2019\u0131n annesi de o\u011flunu saklamak i\u00e7in buraya getirmi\u015ftir. Sava\u015f patlak verdi\u011finde, annelerinin hemen d\u00f6nemeyece\u011fini anlayan iki \u00e7ocu\u011fun ormanda hayatta kalman\u0131n bir yolunu bulmalar\u0131 gerekir. Adam ve Thomas etraftan toplad\u0131klar\u0131 dallarla kendilerine k\u00fc\u00e7\u00fck bir a\u011fa\u00e7 ev in\u015fa ederler. \u015eans eseri kar\u015f\u0131la\u015ft\u0131klar\u0131 eski okul arkada\u015flar\u0131 Mina, onlara gizli gizli yiyecek getirerek hayat\u0131n\u0131 tehlikeye atar. K\u0131\u015f \u015fiddetini art\u0131rd\u0131\u011f\u0131nda, \u0131s\u0131nmak ve yiyecek bulmak zorla\u015f\u0131r. Sava\u015f\u0131n sesleri ormanda b\u00fcsb\u00fct\u00fcn hissedilmekte ve i\u015fler daha k\u00f6t\u00fcye gitmektedir. En \u00e7ok ihtiya\u00e7 duyduklar\u0131 anda bir mucize ger\u00e7ekle\u015fir. Ba\u015fka D\u00fcnyadan Gelen K\u0131z, dokuz ya\u015f\u0131ndaki Adam ve Thomas\u2019\u0131n \u0130kinci D\u00fcnya Sava\u015f\u0131 s\u0131ras\u0131nda, bir ormanda saklanarak hayatta kalmalar\u0131n\u0131n ak\u0131llardan kolay kolay \u00e7\u0131kmayacak hik\u00e2yesi. \u00d6d\u00fcll\u00fc yazar Aharon Appelfeld, kendi deneyiminden ilhamla yazd\u0131\u011f\u0131 bu hik\u00e2yede insanl\u0131\u011f\u0131n evrensel konular\u0131n\u0131, sevgiyi, cesareti ve arkada\u015fl\u0131\u011f\u0131 sakin ve hassas bir tonla ele al\u0131yor. <\/p>\n","protected":false},"excerpt":{"rendered":"<p>Adam\u2019\u0131n annesi onu ormana getirdi\u011finde, geri d\u00f6nece\u011fine ve Adam\u2019\u0131 alaca\u011f\u0131na s\u00f6z verir. Ayn\u0131 g\u00fcn Adam, ormanda s\u0131n\u0131f arkada\u015f\u0131 Thomas\u2019la kar\u015f\u0131la\u015f\u0131r. Thomas\u2019\u0131n annesi de o\u011flunu saklamak i\u00e7in<span class=\"excerpt-hellip\"> [\u2026]<\/span><\/p>\n","protected":false},"featured_media":0,"template":"","meta":{"_monsterinsights_skip_tracking":false,"_monsterinsights_sitenote_active":false,"_monsterinsights_sitenote_note":"","_monsterinsights_sitenote_category":0},"product_brand":[],"product_cat":[12274,12284],"product_tag":[],"class_list":{"0":"post-713210","1":"product","2":"type-product","3":"status-publish","5":"product_cat-cocuk-ve-genclik-kitaplari","6":"product_cat-hikayeler","7":"pa_cilt-ciltsiz","8":"pa_tur-kitap","9":"pa_yayinevi-can-cocuk-yayinlari","10":"pa_yazar-aharon-appelfeld","12":"first","13":"instock","14":"sale","15":"shipping-taxable","16":"purchasable","17":"product-type-simple"},"_links":{"self":[{"href":"https:\/\/roveyayinevi.com.tr\/index.php\/wp-json\/wp\/v2\/product\/713210","targetHints":{"allow":["GET"]}}],"collection":[{"href":"https:\/\/roveyayinevi.com.tr\/index.php\/wp-json\/wp\/v2\/product"}],"about":[{"href":"https:\/\/roveyayinevi.com.tr\/index.php\/wp-json\/wp\/v2\/types\/product"}],"wp:attachment":[{"href":"https:\/\/roveyayinevi.com.tr\/index.php\/wp-json\/wp\/v2\/media?parent=713210"}],"wp:term":[{"taxonomy":"product_brand","embeddable":true,"href":"https:\/\/roveyayinevi.com.tr\/index.php\/wp-json\/wp\/v2\/product_brand?post=713210"},{"taxonomy":"product_cat","embeddable":true,"href":"https:\/\/roveyayinevi.com.tr\/index.php\/wp-json\/wp\/v2\/product_cat?post=713210"},{"taxonomy":"product_tag","embeddable":true,"href":"https:\/\/roveyayinevi.com.tr\/index.php\/wp-json\/wp\/v2\/product_tag?post=713210"}],"curies":[{"name":"wp","href":"https:\/\/api.w.org\/{rel}","templated":true}]}}