{"id":713208,"date":"2025-08-27T17:05:08","date_gmt":"2025-08-27T14:05:08","guid":{"rendered":"https:\/\/roveyayinevi.com.tr\/index.php\/urun\/ada-masallari\/"},"modified":"2026-04-16T02:21:44","modified_gmt":"2026-04-15T23:21:44","slug":"ada-masallari","status":"publish","type":"product","link":"https:\/\/roveyayinevi.com.tr\/index.php\/urun\/ada-masallari\/","title":{"rendered":"Ada Masallar\u0131"},"content":{"rendered":"<p>Bir ada, bir \u00e7ocuk, mart\u0131lar, korsanlar, Denizk\u0131z\u0131 ve masal var bu kitapta&#8230; Alaz, Ada\u2019n\u0131n do\u011fayla i\u00e7 i\u00e7e, oyunlu ve dondurmal\u0131 g\u00fcnlerinde, d\u00fc\u015fsel bir yolculu\u011fa \u00e7\u0131k\u0131yor. Alaz\u2019\u0131n bu yolculu\u011funda adalar\u0131n nas\u0131l olu\u015ftu\u011funu, Z\u00fcmr\u00fcd\u00fcanka\u2019n\u0131n s\u0131rr\u0131n\u0131, Benekli\u2019nin cesaretini, Denizk\u0131z\u0131\u2019n\u0131n tutsakl\u0131\u011f\u0131n\u0131, K\u0131z\u0131lsakal korsan\u0131n zalimli\u011fini ya\u015f\u0131yoruz. Levent Turhan G\u00fcm\u00fc\u015f Ada Masallar\u0131\u2019nda hayallerin rehber oldu\u011fu bir masalla tan\u0131\u015ft\u0131r\u0131yor bizleri. <\/p>\n","protected":false},"excerpt":{"rendered":"<p>Bir ada, bir \u00e7ocuk, mart\u0131lar, korsanlar, Denizk\u0131z\u0131 ve masal var bu kitapta&#8230; Alaz, Ada\u2019n\u0131n do\u011fayla i\u00e7 i\u00e7e, oyunlu ve dondurmal\u0131 g\u00fcnlerinde, d\u00fc\u015fsel bir yolculu\u011fa \u00e7\u0131k\u0131yor. Alaz\u2019\u0131n<span class=\"excerpt-hellip\"> [\u2026]<\/span><\/p>\n","protected":false},"featured_media":0,"template":"","meta":{"_monsterinsights_skip_tracking":false,"_monsterinsights_sitenote_active":false,"_monsterinsights_sitenote_note":"","_monsterinsights_sitenote_category":0},"product_brand":[],"product_cat":[12274,12284],"product_tag":[],"class_list":{"0":"post-713208","1":"product","2":"type-product","3":"status-publish","5":"product_cat-cocuk-ve-genclik-kitaplari","6":"product_cat-hikayeler","7":"pa_cilt-ciltsiz","8":"pa_tur-kitap","9":"pa_yayinevi-dinozor-cocuk","10":"pa_yazar-levent-turhan-gumus","12":"first","13":"instock","14":"sale","15":"shipping-taxable","16":"purchasable","17":"product-type-simple"},"_links":{"self":[{"href":"https:\/\/roveyayinevi.com.tr\/index.php\/wp-json\/wp\/v2\/product\/713208","targetHints":{"allow":["GET"]}}],"collection":[{"href":"https:\/\/roveyayinevi.com.tr\/index.php\/wp-json\/wp\/v2\/product"}],"about":[{"href":"https:\/\/roveyayinevi.com.tr\/index.php\/wp-json\/wp\/v2\/types\/product"}],"wp:attachment":[{"href":"https:\/\/roveyayinevi.com.tr\/index.php\/wp-json\/wp\/v2\/media?parent=713208"}],"wp:term":[{"taxonomy":"product_brand","embeddable":true,"href":"https:\/\/roveyayinevi.com.tr\/index.php\/wp-json\/wp\/v2\/product_brand?post=713208"},{"taxonomy":"product_cat","embeddable":true,"href":"https:\/\/roveyayinevi.com.tr\/index.php\/wp-json\/wp\/v2\/product_cat?post=713208"},{"taxonomy":"product_tag","embeddable":true,"href":"https:\/\/roveyayinevi.com.tr\/index.php\/wp-json\/wp\/v2\/product_tag?post=713208"}],"curies":[{"name":"wp","href":"https:\/\/api.w.org\/{rel}","templated":true}]}}