{"id":713207,"date":"2025-08-27T17:05:07","date_gmt":"2025-08-27T14:05:07","guid":{"rendered":"https:\/\/roveyayinevi.com.tr\/index.php\/urun\/dedem-nerede\/"},"modified":"2026-04-16T02:21:44","modified_gmt":"2026-04-15T23:21:44","slug":"dedem-nerede","status":"publish","type":"product","link":"https:\/\/roveyayinevi.com.tr\/index.php\/urun\/dedem-nerede\/","title":{"rendered":"Dedem Nerede?"},"content":{"rendered":"<p>Sevmek, payla\u015fmak, yitirmek ve bulmak \u00fczerine bir aray\u0131\u015f roman\u0131 17 Eyl\u00fcl 2016, Sorgun Talha i\u00e7in kesinlikle s\u0131radan bir g\u00fcn de\u011fildi. U\u011furlu \u00e7oraplar\u0131 \u00e7ama\u015f\u0131r makinesinden \u00e7\u0131kmad\u0131, iki ya\u015f\u0131ndaki karde\u015fi ona, \u201cD\u00f6viz \u00e7\u0131pas\u0131.\u201d dedi, Erimeyen Kardan Adam \u015fiiriyle Pusluvadi \u015eiir Yar\u0131\u015fmas\u0131\u2019n\u0131 kazand\u0131 ve dedesi ortadan kayboldu! Dedesinin b\u0131rakt\u0131\u011f\u0131 ipu\u00e7lar\u0131n\u0131n izini s\u00fcrmeye karar veren Sorgun Talha, i\u015finin hi\u00e7 kolay olmad\u0131\u011f\u0131n\u0131n fark\u0131nda. Ama onu bulana kadar, bu maceran\u0131n pe\u015fini b\u0131rakmaya niyeti yok. Peki, sen bir haber ald\u0131n m\u0131? Sorgun Talha\u2019n\u0131n dedesi nerede? \u201cBu kitap o kadar komik ki, \u2018Ke\u015fke dedeyi y\u00fcz bininci b\u00f6l\u00fcmde bulsalard\u0131.\u2019 diyeceksiniz.\u201d Pusluvadi gazetesi \ufffc<\/p>\n","protected":false},"excerpt":{"rendered":"<p>Sevmek, payla\u015fmak, yitirmek ve bulmak \u00fczerine bir aray\u0131\u015f roman\u0131 17 Eyl\u00fcl 2016, Sorgun Talha i\u00e7in kesinlikle s\u0131radan bir g\u00fcn de\u011fildi. U\u011furlu \u00e7oraplar\u0131 \u00e7ama\u015f\u0131r makinesinden \u00e7\u0131kmad\u0131, iki<span class=\"excerpt-hellip\"> [\u2026]<\/span><\/p>\n","protected":false},"featured_media":0,"template":"","meta":{"_monsterinsights_skip_tracking":false,"_monsterinsights_sitenote_active":false,"_monsterinsights_sitenote_note":"","_monsterinsights_sitenote_category":0},"product_brand":[],"product_cat":[12275,12274],"product_tag":[],"class_list":{"0":"post-713207","1":"product","2":"type-product","3":"status-publish","5":"product_cat-6-12-yas-kitaplari","6":"product_cat-cocuk-ve-genclik-kitaplari","7":"pa_cilt-ciltsiz","8":"pa_tur-kitap","9":"pa_yayinevi-altin-kitaplar-ozel-urun","10":"pa_yazar-hanzade-servi","12":"first","13":"instock","14":"sale","15":"shipping-taxable","16":"purchasable","17":"product-type-simple"},"_links":{"self":[{"href":"https:\/\/roveyayinevi.com.tr\/index.php\/wp-json\/wp\/v2\/product\/713207","targetHints":{"allow":["GET"]}}],"collection":[{"href":"https:\/\/roveyayinevi.com.tr\/index.php\/wp-json\/wp\/v2\/product"}],"about":[{"href":"https:\/\/roveyayinevi.com.tr\/index.php\/wp-json\/wp\/v2\/types\/product"}],"wp:attachment":[{"href":"https:\/\/roveyayinevi.com.tr\/index.php\/wp-json\/wp\/v2\/media?parent=713207"}],"wp:term":[{"taxonomy":"product_brand","embeddable":true,"href":"https:\/\/roveyayinevi.com.tr\/index.php\/wp-json\/wp\/v2\/product_brand?post=713207"},{"taxonomy":"product_cat","embeddable":true,"href":"https:\/\/roveyayinevi.com.tr\/index.php\/wp-json\/wp\/v2\/product_cat?post=713207"},{"taxonomy":"product_tag","embeddable":true,"href":"https:\/\/roveyayinevi.com.tr\/index.php\/wp-json\/wp\/v2\/product_tag?post=713207"}],"curies":[{"name":"wp","href":"https:\/\/api.w.org\/{rel}","templated":true}]}}