{"id":713205,"date":"2025-08-27T17:05:06","date_gmt":"2025-08-27T14:05:06","guid":{"rendered":"https:\/\/roveyayinevi.com.tr\/index.php\/urun\/keci-yetistiriciligi-hastaliklari-ve-tedavileri\/"},"modified":"2026-04-16T02:21:44","modified_gmt":"2026-04-15T23:21:44","slug":"keci-yetistiriciligi-hastaliklari-ve-tedavileri","status":"publish","type":"product","link":"https:\/\/roveyayinevi.com.tr\/index.php\/urun\/keci-yetistiriciligi-hastaliklari-ve-tedavileri\/","title":{"rendered":"Ke\u00e7i Yeti\u015ftiricili\u011fi Hastal\u0131klar\u0131 Ve Tedavileri"},"content":{"rendered":"<p>\u00dclkemiz ko\u015fullar\u0131nda Ke\u00e7i yeti\u015ftiricili\u011fi kolayl\u0131kla yap\u0131labilmektedir. Ke\u00e7inin B\u00fcy\u00fckba\u015f\u2019a oranla 1\/20 oranda daha az yem t\u00fcketmesi ve her t\u00fcrl\u00fc yemli bitkiden b\u00fcy\u00fckba\u015f\u2019a oranla daha iyi yaralanabilmesi nedeniyle ke\u00e7i yeti\u015ftiricili\u011fi cazip hale gelmi\u015ftir. Ke\u00e7i yeti\u015ftiricili\u011finde daha az i\u015fg\u00fcc\u00fcne ihtiya\u00e7 vard\u0131r. Ke\u00e7inin bak\u0131m\u0131 ve beslenmesi b\u00fcy\u00fckba\u015f\u2019a g\u00f6re \u00e7ok daha kolayd\u0131r. Son y\u0131llarda ke\u00e7i s\u00fct\u00fc ve ke\u00e7i s\u00fct\u00fc \u00fcr\u00fcnlerine de halk\u0131m\u0131z b\u00fcy\u00fck bir ilgi g\u00f6stermektedir. \u00dclkemiz ko\u015fullar\u0131nda en iyi yat\u0131r\u0131m\u0131n Ke\u00e7i yeti\u015ftiricili\u011fi olaca\u011f\u0131 kan\u0131s\u0131nday\u0131m. Bu kitapta Ke\u00e7i ve Ke\u00e7i Yeti\u015ftiricili\u011fi en ince ayr\u0131nt\u0131lar\u0131na kadar anlat\u0131lm\u0131\u015ft\u0131r. Ayr\u0131ca \u00e7o\u011fu kitaplarda bulunmayan Ke\u00e7i Hastal\u0131klar\u0131, Hastal\u0131klardan korunma, Tedavileri ve Ke\u00e7ilerde yap\u0131lan A\u015f\u0131lamalarda ayr\u0131nt\u0131l\u0131 olarak anlat\u0131lm\u0131\u015ft\u0131r. Bu Kitab\u0131n \u00dclkemiz Ke\u00e7i Yeti\u015ftiricilerine b\u00fcy\u00fck bir yol g\u00f6sterici olaca\u011f\u0131ndan eminim. <\/p>\n","protected":false},"excerpt":{"rendered":"<p>\u00dclkemiz ko\u015fullar\u0131nda Ke\u00e7i yeti\u015ftiricili\u011fi kolayl\u0131kla yap\u0131labilmektedir. Ke\u00e7inin B\u00fcy\u00fckba\u015f\u2019a oranla 1\/20 oranda daha az yem t\u00fcketmesi ve her t\u00fcrl\u00fc yemli bitkiden b\u00fcy\u00fckba\u015f\u2019a oranla daha iyi yaralanabilmesi nedeniyle<span class=\"excerpt-hellip\"> [\u2026]<\/span><\/p>\n","protected":false},"featured_media":0,"template":"","meta":{"_monsterinsights_skip_tracking":false,"_monsterinsights_sitenote_active":false,"_monsterinsights_sitenote_note":"","_monsterinsights_sitenote_category":0},"product_brand":[],"product_cat":[12312,12304],"product_tag":[],"class_list":{"0":"post-713205","1":"product","2":"type-product","3":"status-publish","5":"product_cat-diger","6":"product_cat-tarih","7":"pa_cilt-ciltsiz","8":"pa_tur-kitap","9":"pa_yayinevi-altinordu-yayinlari","10":"pa_yazar-ali-ayyildiz","12":"first","13":"instock","14":"sale","15":"shipping-taxable","16":"purchasable","17":"product-type-simple"},"_links":{"self":[{"href":"https:\/\/roveyayinevi.com.tr\/index.php\/wp-json\/wp\/v2\/product\/713205","targetHints":{"allow":["GET"]}}],"collection":[{"href":"https:\/\/roveyayinevi.com.tr\/index.php\/wp-json\/wp\/v2\/product"}],"about":[{"href":"https:\/\/roveyayinevi.com.tr\/index.php\/wp-json\/wp\/v2\/types\/product"}],"wp:attachment":[{"href":"https:\/\/roveyayinevi.com.tr\/index.php\/wp-json\/wp\/v2\/media?parent=713205"}],"wp:term":[{"taxonomy":"product_brand","embeddable":true,"href":"https:\/\/roveyayinevi.com.tr\/index.php\/wp-json\/wp\/v2\/product_brand?post=713205"},{"taxonomy":"product_cat","embeddable":true,"href":"https:\/\/roveyayinevi.com.tr\/index.php\/wp-json\/wp\/v2\/product_cat?post=713205"},{"taxonomy":"product_tag","embeddable":true,"href":"https:\/\/roveyayinevi.com.tr\/index.php\/wp-json\/wp\/v2\/product_tag?post=713205"}],"curies":[{"name":"wp","href":"https:\/\/api.w.org\/{rel}","templated":true}]}}