{"id":713203,"date":"2025-08-27T17:05:05","date_gmt":"2025-08-27T14:05:05","guid":{"rendered":"https:\/\/roveyayinevi.com.tr\/index.php\/urun\/felsefe-101\/"},"modified":"2026-04-16T02:21:44","modified_gmt":"2026-04-15T23:21:44","slug":"felsefe-101","status":"publish","type":"product","link":"https:\/\/roveyayinevi.com.tr\/index.php\/urun\/felsefe-101\/","title":{"rendered":"Felsefe 101"},"content":{"rendered":"<p>Ders kitaplar\u0131, felsefenin \u00f6nemli teorilerini, ilkelerini ve fig\u00fcrlerini filozoflar\u0131 bile \u00e7ileden \u00e7\u0131karacak kadar s\u0131k\u0131c\u0131 metinlere d\u00f6n\u00fc\u015ft\u00fcrebiliyor zaman zaman. Felsefe 101 gereksiz detaylara ve yorucu felsefi kuramlara yer vermek yerine insan\u0131n b\u00fcy\u00fcleyici d\u00fc\u015f\u00fcnce ve sorgulama tarihinin kap\u0131lar\u0131n\u0131 size a\u00e7\u0131yor; Aristoteles ve Heidegger\u2019den, isten\u00e7 ve metafizi\u011fe, ba\u015fka yerde bulamayaca\u011f\u0131n\u0131z y\u00fczlerce ilgin\u00e7 felsefi bilgi ve d\u00fc\u015f\u00fcnce sunuyor. Varolu\u015f\u00e7ulu\u011fun gizemini mi \u00e7\u00f6zmek istiyorsunuz yoksa sadece Voltaire\u2019in ku\u015fkuculuk hakk\u0131ndaki d\u00fc\u015f\u00fcncelerini \u00f6\u011frenmek mi? Felsefe 101 merak etti\u011finiz t\u00fcm sorular\u0131 yan\u0131tl\u0131yor. <\/p>\n","protected":false},"excerpt":{"rendered":"<p>Ders kitaplar\u0131, felsefenin \u00f6nemli teorilerini, ilkelerini ve fig\u00fcrlerini filozoflar\u0131 bile \u00e7ileden \u00e7\u0131karacak kadar s\u0131k\u0131c\u0131 metinlere d\u00f6n\u00fc\u015ft\u00fcrebiliyor zaman zaman. Felsefe 101 gereksiz detaylara ve yorucu felsefi kuramlara<span class=\"excerpt-hellip\"> [\u2026]<\/span><\/p>\n","protected":false},"featured_media":0,"template":"","meta":{"_monsterinsights_skip_tracking":false,"_monsterinsights_sitenote_active":false,"_monsterinsights_sitenote_note":"","_monsterinsights_sitenote_category":0},"product_brand":[],"product_cat":[12312,12304],"product_tag":[],"class_list":{"0":"post-713203","1":"product","2":"type-product","3":"status-publish","5":"product_cat-diger","6":"product_cat-tarih","7":"pa_cilt-ciltsiz","8":"pa_tur-kitap","9":"pa_yayinevi-say-yayinlari","10":"pa_yazar-paul-kleinman","12":"first","13":"instock","14":"sale","15":"shipping-taxable","16":"purchasable","17":"product-type-simple"},"_links":{"self":[{"href":"https:\/\/roveyayinevi.com.tr\/index.php\/wp-json\/wp\/v2\/product\/713203","targetHints":{"allow":["GET"]}}],"collection":[{"href":"https:\/\/roveyayinevi.com.tr\/index.php\/wp-json\/wp\/v2\/product"}],"about":[{"href":"https:\/\/roveyayinevi.com.tr\/index.php\/wp-json\/wp\/v2\/types\/product"}],"wp:attachment":[{"href":"https:\/\/roveyayinevi.com.tr\/index.php\/wp-json\/wp\/v2\/media?parent=713203"}],"wp:term":[{"taxonomy":"product_brand","embeddable":true,"href":"https:\/\/roveyayinevi.com.tr\/index.php\/wp-json\/wp\/v2\/product_brand?post=713203"},{"taxonomy":"product_cat","embeddable":true,"href":"https:\/\/roveyayinevi.com.tr\/index.php\/wp-json\/wp\/v2\/product_cat?post=713203"},{"taxonomy":"product_tag","embeddable":true,"href":"https:\/\/roveyayinevi.com.tr\/index.php\/wp-json\/wp\/v2\/product_tag?post=713203"}],"curies":[{"name":"wp","href":"https:\/\/api.w.org\/{rel}","templated":true}]}}