{"id":713202,"date":"2025-08-27T17:05:05","date_gmt":"2025-08-27T14:05:05","guid":{"rendered":"https:\/\/roveyayinevi.com.tr\/index.php\/urun\/incelikli-seyler\/"},"modified":"2026-04-16T02:21:44","modified_gmt":"2026-04-15T23:21:44","slug":"incelikli-seyler","status":"publish","type":"product","link":"https:\/\/roveyayinevi.com.tr\/index.php\/urun\/incelikli-seyler\/","title":{"rendered":"\u0130ncelikli \u015eeyler"},"content":{"rendered":"<p>K\u00fc\u00e7\u00fcc\u00fck bir ayr\u0131nt\u0131 bile d\u00fcnyay\u0131 de\u011fi\u015ftirmeye yeter.  \u0130svi\u00e7reli yazar Germano Zullo ile ill\u00fcstrat\u00f6r Albertine\u2019den, hayatta ke\u015ffedilmeyi bekleyen k\u00fc\u00e7\u00fck ayr\u0131nt\u0131lar \u00fczerine bir kitap: \u0130ncelikli \u015eeyler2011 Sorci\u00e8res \u00d6d\u00fcl\u00fc\u2019n\u00fcn yan\u0131 s\u0131ra 2012 New York Times En iyi Resimli Kitap \u00d6d\u00fcl\u00fc ve 2014 S\u00e3o Paulo B\u00fcy\u00fck \u00d6d\u00fcl\u00fc\u2019ne de\u011fer g\u00f6r\u00fclen \u0130ncelikli \u015eeyler okurlar\u0131 umut veren bir d\u00fcnyaya davet ediyor. \u0130ncelikli \u015eeyler, ucu a\u00e7\u0131k metni ve kendine \u00f6zg\u00fc minimal resimleriyle her ya\u015ftan kitapseverin ilgisini cezbedecek evrensel bir hik\u00e2ye anlat\u0131yor. Kamyonun arkas\u0131ndaki t\u00fcm ku\u015flar\u0131 g\u00f6ky\u00fcz\u00fcne salan bir adam, en k\u00f6\u015fede ufac\u0131k, utanga\u00e7 bir ku\u015f g\u00f6r\u00fcr. Bu ufak, siyah ku\u015fun u\u00e7up arkada\u015flar\u0131n\u0131n pe\u015fine tak\u0131lmak gibi bir niyeti yoktur. \u00c7\u00fcnk\u00fc baz\u0131 g\u00fcnler farkl\u0131d\u0131r. Bu g\u00fcnleri farkl\u0131 k\u0131lansa ayr\u0131nt\u0131lard\u0131r ve biri bile d\u00fcnyay\u0131 de\u011fi\u015ftirmeye yeter\u2026 \u015eiirsel dili ve \u00e7arp\u0131c\u0131 resimleriyle okurlar\u0131n\u0131 k\u00fc\u00e7\u00fck ayr\u0131nt\u0131lar\u0131n yaratt\u0131\u011f\u0131 c\u00f6mert bir evrene davet eden \u0130ncelikli \u015eeyle, ayr\u0131nt\u0131lar\u0131n insan\u0131n d\u00fcnyaya bak\u0131\u015f\u0131n\u0131 ne kadar de\u011fi\u015ftirebilece\u011fini g\u00f6zler \u00f6n\u00fcne seriyor. Ciltli bask\u0131s\u0131yla \u00f6zel bir koleksiyon kitab\u0131 olan \u0130ncelikli \u015eeyler, ak\u0131p giden hayatta, insana mutluluk veren k\u00fc\u00e7\u00fck anlara dokunuyor. <\/p>\n","protected":false},"excerpt":{"rendered":"<p>K\u00fc\u00e7\u00fcc\u00fck bir ayr\u0131nt\u0131 bile d\u00fcnyay\u0131 de\u011fi\u015ftirmeye yeter. \u0130svi\u00e7reli yazar Germano Zullo ile ill\u00fcstrat\u00f6r Albertine\u2019den, hayatta ke\u015ffedilmeyi bekleyen k\u00fc\u00e7\u00fck ayr\u0131nt\u0131lar \u00fczerine bir kitap: \u0130ncelikli \u015eeyler2011 Sorci\u00e8res \u00d6d\u00fcl\u00fc\u2019n\u00fcn<span class=\"excerpt-hellip\"> [\u2026]<\/span><\/p>\n","protected":false},"featured_media":0,"template":"","meta":{"_monsterinsights_skip_tracking":false,"_monsterinsights_sitenote_active":false,"_monsterinsights_sitenote_note":"","_monsterinsights_sitenote_category":0},"product_brand":[],"product_cat":[12275,12274],"product_tag":[],"class_list":{"0":"post-713202","1":"product","2":"type-product","3":"status-publish","5":"product_cat-6-12-yas-kitaplari","6":"product_cat-cocuk-ve-genclik-kitaplari","7":"pa_cilt-ciltli","8":"pa_tur-kitap","9":"pa_yayinevi-desen-yayinlari","10":"pa_yazar-germano-zullo","12":"first","13":"instock","14":"sale","15":"shipping-taxable","16":"purchasable","17":"product-type-simple"},"_links":{"self":[{"href":"https:\/\/roveyayinevi.com.tr\/index.php\/wp-json\/wp\/v2\/product\/713202","targetHints":{"allow":["GET"]}}],"collection":[{"href":"https:\/\/roveyayinevi.com.tr\/index.php\/wp-json\/wp\/v2\/product"}],"about":[{"href":"https:\/\/roveyayinevi.com.tr\/index.php\/wp-json\/wp\/v2\/types\/product"}],"wp:attachment":[{"href":"https:\/\/roveyayinevi.com.tr\/index.php\/wp-json\/wp\/v2\/media?parent=713202"}],"wp:term":[{"taxonomy":"product_brand","embeddable":true,"href":"https:\/\/roveyayinevi.com.tr\/index.php\/wp-json\/wp\/v2\/product_brand?post=713202"},{"taxonomy":"product_cat","embeddable":true,"href":"https:\/\/roveyayinevi.com.tr\/index.php\/wp-json\/wp\/v2\/product_cat?post=713202"},{"taxonomy":"product_tag","embeddable":true,"href":"https:\/\/roveyayinevi.com.tr\/index.php\/wp-json\/wp\/v2\/product_tag?post=713202"}],"curies":[{"name":"wp","href":"https:\/\/api.w.org\/{rel}","templated":true}]}}