{"id":713199,"date":"2025-08-27T17:05:03","date_gmt":"2025-08-27T14:05:03","guid":{"rendered":"https:\/\/roveyayinevi.com.tr\/index.php\/urun\/hamidiye-ticaret-mekteb-i-alisi\/"},"modified":"2026-04-16T02:21:44","modified_gmt":"2026-04-15T23:21:44","slug":"hamidiye-ticaret-mekteb-i-alisi","status":"publish","type":"product","link":"https:\/\/roveyayinevi.com.tr\/index.php\/urun\/hamidiye-ticaret-mekteb-i-alisi\/","title":{"rendered":"Hamidiye Ticaret Mekteb-i Alisi"},"content":{"rendered":"<p>Osmanl\u0131 Devleti\u2019nde 18. as\u0131r ile birlikte ba\u015flayan yeni e\u011fitim kurumlar\u0131 a\u00e7ma d\u00fc\u015f\u00fcncesi Tanzimat Ferman\u0131\u2019n\u0131n ilan\u0131 ile h\u0131zlanm\u0131\u015ft\u0131r. Devlet d\u00e2hilinde zaman\u0131n ihtiyac\u0131na g\u00f6re Askeri, m\u00fclk\u00ee, zira\u00ee ve t\u0131p alanlar\u0131nda kaliteli insan e\u011fitecek kurumlar a\u00e7\u0131l\u0131rken memleketin ticaretini ileri seviyeye ta\u015f\u0131ma, geli\u015ftirme; ticaret erbab\u0131 ve malumat yeti\u015ftirme ad\u0131na bir de ticaret mektebi a\u00e7\u0131lmas\u0131na karar verilmi\u015ftir. Bunun i\u00e7in ilk ad\u0131m 1861 y\u0131l\u0131nda at\u0131lm\u0131\u015fsa da ba\u015far\u0131s\u0131z olmu\u015ftur.  Bir\u00e7ok te\u015febb\u00fcs\u00fcn ard\u0131ndan Sultan II. Abd\u00fclhamid\u2019in himayesinde 1883 tarihinde Ticaret Nez\u00e2reti taraf\u0131ndan kurulan ve 1884\u2019te e\u011fitime ba\u015flayan Ticaret Mektebi\u2019nin Fransa\u2019n\u0131n \u00f6nemli bir ticaret okulundan ilham al\u0131narak haz\u0131rlanan detayl\u0131 ders program\u0131 ile e\u011fitime ba\u015flamas\u0131 te\u015febb\u00fcs\u00fcn ne kadar ciddi ve hedefe y\u00f6nelik oldu\u011funu g\u00f6stermektedir. Bug\u00fcn Avrupa\u2019n\u0131n en \u00f6nemli ticaret okullar\u0131ndan \u00f6nce kurulmu\u015f olan Hamidiye Ticaret Mekteb-i \u00c2l\u00eesi Osmanl\u0131 Devleti ve T\u00fcrkiye i\u00e7in \u00e7ok \u00f6nemlidir. Z\u00eer\u00e2 devlet taraf\u0131ndan kurulan ilk ticaret mektebi hem bug\u00fcnk\u00fc ticaret okullar\u0131n\u0131n hem de Marmara \u00dcniversitesi\u2019nin temelini te\u015fkil etmektedir. Bu \u00e7al\u0131\u015fman\u0131n amac\u0131 da her anlamda bir ilk olan Hamidiye Ticaret Mekteb-i \u00c2lisi\u2019nin kurulu\u015f amac\u0131, kurulmas\u0131 yolunda at\u0131lan ad\u0131mlar, te\u015fkilat\u0131 ve idari yap\u0131s\u0131n\u0131 \u00f6zellikle Osmanl\u0131 Ar\u015fivi\u2019nde bulunan belgeler \u0131\u015f\u0131\u011f\u0131nda t\u00fcm y\u00f6nleri ile ortaya koyabilmektir. <\/p>\n","protected":false},"excerpt":{"rendered":"<p>Osmanl\u0131 Devleti\u2019nde 18. as\u0131r ile birlikte ba\u015flayan yeni e\u011fitim kurumlar\u0131 a\u00e7ma d\u00fc\u015f\u00fcncesi Tanzimat Ferman\u0131\u2019n\u0131n ilan\u0131 ile h\u0131zlanm\u0131\u015ft\u0131r. Devlet d\u00e2hilinde zaman\u0131n ihtiyac\u0131na g\u00f6re Askeri, m\u00fclk\u00ee, zira\u00ee ve<span class=\"excerpt-hellip\"> [\u2026]<\/span><\/p>\n","protected":false},"featured_media":0,"template":"","meta":{"_monsterinsights_skip_tracking":false,"_monsterinsights_sitenote_active":false,"_monsterinsights_sitenote_note":"","_monsterinsights_sitenote_category":0},"product_brand":[],"product_cat":[13517,12304],"product_tag":[],"class_list":{"0":"post-713199","1":"product","2":"type-product","3":"status-publish","5":"product_cat-osmanli-tarihi","6":"product_cat-tarih","7":"pa_cilt-ciltsiz","8":"pa_tur-kitap","9":"pa_yayinevi-yeditepe-yayinevi","10":"pa_yazar-aysenur-erdogan","12":"first","13":"instock","14":"sale","15":"shipping-taxable","16":"purchasable","17":"product-type-simple"},"_links":{"self":[{"href":"https:\/\/roveyayinevi.com.tr\/index.php\/wp-json\/wp\/v2\/product\/713199","targetHints":{"allow":["GET"]}}],"collection":[{"href":"https:\/\/roveyayinevi.com.tr\/index.php\/wp-json\/wp\/v2\/product"}],"about":[{"href":"https:\/\/roveyayinevi.com.tr\/index.php\/wp-json\/wp\/v2\/types\/product"}],"wp:attachment":[{"href":"https:\/\/roveyayinevi.com.tr\/index.php\/wp-json\/wp\/v2\/media?parent=713199"}],"wp:term":[{"taxonomy":"product_brand","embeddable":true,"href":"https:\/\/roveyayinevi.com.tr\/index.php\/wp-json\/wp\/v2\/product_brand?post=713199"},{"taxonomy":"product_cat","embeddable":true,"href":"https:\/\/roveyayinevi.com.tr\/index.php\/wp-json\/wp\/v2\/product_cat?post=713199"},{"taxonomy":"product_tag","embeddable":true,"href":"https:\/\/roveyayinevi.com.tr\/index.php\/wp-json\/wp\/v2\/product_tag?post=713199"}],"curies":[{"name":"wp","href":"https:\/\/api.w.org\/{rel}","templated":true}]}}