{"id":713195,"date":"2025-08-27T17:05:01","date_gmt":"2025-08-27T14:05:01","guid":{"rendered":"https:\/\/roveyayinevi.com.tr\/index.php\/urun\/japon-yasam-sanati-ikigai-sabah-yataktan-kalkmak-icin-sebebiniz-olmali\/"},"modified":"2026-04-11T02:27:24","modified_gmt":"2026-04-10T23:27:24","slug":"japon-yasam-sanati-ikigai-sabah-yataktan-kalkmak-icin-sebebiniz-olmali","status":"publish","type":"product","link":"https:\/\/roveyayinevi.com.tr\/index.php\/urun\/japon-yasam-sanati-ikigai-sabah-yataktan-kalkmak-icin-sebebiniz-olmali\/","title":{"rendered":"Japon Ya\u015fam Sanat\u0131 \u0130kigai (Sabah Yataktan Kalkmak \u0130\u00e7in Sebebiniz Olmal\u0131)"},"content":{"rendered":"<p>D\u00fcnyan\u0131n en huzurlu, en uzun ya\u015fayan insanlar\u0131 aras\u0131nda yer alan Japonlar\u0131n ya\u015fam felsefesinin temelini olu\u015fturan ikigaidir. Her sabah yataktan kalkmak i\u00e7in bir sebep olmas\u0131 gerekti\u011fine inanan Japonlar buna ikigai diyorlar. Ve do\u011frusu, ger\u00e7ek Japon mucizesi budur&#8230; \u0130kigai, uzun, mutlu ve huzurlu bir ya\u015fam s\u00fcrmenin ad\u0131d\u0131r. \u0130kigai, yapt\u0131\u011f\u0131n\u0131z her \u015feyden tatmin olman\u0131n, sevin\u00e7 duyup tat alman\u0131n ve fark\u0131ndal\u0131k ya\u015faman\u0131n ad\u0131d\u0131r. \u0130ster Shinkansen treninde bir temizlik\u00e7i, ister Tokyo&#8217;da Michelin y\u0131ld\u0131zl\u0131 bir su\u015fi \u015fefi, ister Osaka&#8217;da yeni do\u011fmu\u015f bebe\u011fiyle ilgilenen bir anne olsun, ikigai Japonlar\u0131 hayata ba\u011flayan, her \u015feyin kalbinde yatan \u015feydir. Peki, Japonlar gibi sizin de ikigainiz olabilir mi? E\u011fer \u00f6yleyse bunu nas\u0131l ke\u015ffedeceksiniz? \u0130kigai ya\u015fam\u0131n\u0131za ne katacak? Tokyo&#8217;da ya\u015fayan Japon yazar Ken Mogi bu sorular\u0131n yan\u0131t\u0131n\u0131 verirken herkesin kendi ikigaisini bulmas\u0131na yard\u0131mc\u0131 oluyor. Mogi&#8217;nin bilimsel ara\u015ft\u0131rmalar ve ya\u015fanm\u0131\u015f deneyimler e\u015fli\u011finde, Japon k\u00fclt\u00fcr\u00fc ve tarihinin renkli bir anlat\u0131m\u0131yla birlikte sundu\u011fu bu Japon mucizesi sizin de ya\u015fam\u0131n\u0131za dokunacakt\u0131r. Mogi&#8217;nin pratik \u00f6nerilerini uygular, bilgece i\u00e7g\u00f6r\u00fclerine kulak verir ve tavsiyelerine uyarsan\u0131z art\u0131k sabahlar\u0131 kalkmak i\u00e7in sizin de bir sebebiniz olacak. <\/p>\n","protected":false},"excerpt":{"rendered":"<p>D\u00fcnyan\u0131n en huzurlu, en uzun ya\u015fayan insanlar\u0131 aras\u0131nda yer alan Japonlar\u0131n ya\u015fam felsefesinin temelini olu\u015fturan ikigaidir. Her sabah yataktan kalkmak i\u00e7in bir sebep olmas\u0131 gerekti\u011fine inanan<span class=\"excerpt-hellip\"> [\u2026]<\/span><\/p>\n","protected":false},"featured_media":0,"template":"","meta":{"_monsterinsights_skip_tracking":false,"_monsterinsights_sitenote_active":false,"_monsterinsights_sitenote_note":"","_monsterinsights_sitenote_category":0},"product_brand":[],"product_cat":[12364,12376],"product_tag":[],"class_list":{"0":"post-713195","1":"product","2":"type-product","3":"status-publish","5":"product_cat-genel-konular","6":"product_cat-kisisel-gelisim","7":"pa_cilt-ciltsiz","8":"pa_tur-kitap","9":"pa_yayinevi-kuraldisi-yayinevi","10":"pa_yazar-ken-mogi","12":"first","13":"instock","14":"sale","15":"shipping-taxable","16":"purchasable","17":"product-type-simple"},"_links":{"self":[{"href":"https:\/\/roveyayinevi.com.tr\/index.php\/wp-json\/wp\/v2\/product\/713195","targetHints":{"allow":["GET"]}}],"collection":[{"href":"https:\/\/roveyayinevi.com.tr\/index.php\/wp-json\/wp\/v2\/product"}],"about":[{"href":"https:\/\/roveyayinevi.com.tr\/index.php\/wp-json\/wp\/v2\/types\/product"}],"wp:attachment":[{"href":"https:\/\/roveyayinevi.com.tr\/index.php\/wp-json\/wp\/v2\/media?parent=713195"}],"wp:term":[{"taxonomy":"product_brand","embeddable":true,"href":"https:\/\/roveyayinevi.com.tr\/index.php\/wp-json\/wp\/v2\/product_brand?post=713195"},{"taxonomy":"product_cat","embeddable":true,"href":"https:\/\/roveyayinevi.com.tr\/index.php\/wp-json\/wp\/v2\/product_cat?post=713195"},{"taxonomy":"product_tag","embeddable":true,"href":"https:\/\/roveyayinevi.com.tr\/index.php\/wp-json\/wp\/v2\/product_tag?post=713195"}],"curies":[{"name":"wp","href":"https:\/\/api.w.org\/{rel}","templated":true}]}}