{"id":713194,"date":"2025-08-27T17:05:00","date_gmt":"2025-08-27T14:05:00","guid":{"rendered":"https:\/\/roveyayinevi.com.tr\/index.php\/urun\/ihlamur-kokulu-hikayeler\/"},"modified":"2026-03-22T02:32:50","modified_gmt":"2026-03-21T23:32:50","slug":"ihlamur-kokulu-hikayeler","status":"publish","type":"product","link":"https:\/\/roveyayinevi.com.tr\/index.php\/urun\/ihlamur-kokulu-hikayeler\/","title":{"rendered":"Ihlamur Kokulu Hikayeler"},"content":{"rendered":"<p>\u0130nsanlar seni yanl\u0131\u015f anlad\u0131\u011f\u0131nda dert etme, duyduklar\u0131 senin sesin, fakat akl\u0131ndan ge\u00e7irdikleri kendi d\u00fc\u015f\u00fcnceleridir. Hz. Mevl\u00e2n\u00e2Ihlamur Kokulu Hikayeler\u201cHayat\u0131nda olup biten \u015feylerin, diledi\u011fin \u015fekilde olmas\u0131n\u0131 isteme. Nas\u0131l oluyorlarsa \u00f6yle olmalar\u0131n\u0131 iste. B\u00f6ylece her zaman mutlu olursun. EpiktetosOkurken i\u00e7inizi huzurla dolduracak, y\u00fcre\u011finizi \u0131s\u0131tacak, iyilik, sevgi, dostluk ve mutlulu\u011fu dile getiren birbirinden g\u00fczel 46 adet hik\u00e2yeden derlenen bu kitapla hayata keyifli bir mola verip karga\u015fadan s\u0131k\u0131nt\u0131lardan uzakla\u015facaks\u0131n\u0131z. <\/p>\n","protected":false},"excerpt":{"rendered":"<p>\u0130nsanlar seni yanl\u0131\u015f anlad\u0131\u011f\u0131nda dert etme, duyduklar\u0131 senin sesin, fakat akl\u0131ndan ge\u00e7irdikleri kendi d\u00fc\u015f\u00fcnceleridir. Hz. Mevl\u00e2n\u00e2Ihlamur Kokulu Hikayeler\u201cHayat\u0131nda olup biten \u015feylerin, diledi\u011fin \u015fekilde olmas\u0131n\u0131 isteme. Nas\u0131l<span class=\"excerpt-hellip\"> [\u2026]<\/span><\/p>\n","protected":false},"featured_media":0,"template":"","meta":{"_monsterinsights_skip_tracking":false,"_monsterinsights_sitenote_active":false,"_monsterinsights_sitenote_note":"","_monsterinsights_sitenote_category":0},"product_brand":[],"product_cat":[12291,12711],"product_tag":[],"class_list":{"0":"post-713194","1":"product","2":"type-product","3":"status-publish","5":"product_cat-edebiyat","6":"product_cat-roman-oyku","7":"pa_cilt-ciltsiz","8":"pa_tur-kitap","9":"pa_yayinevi-yakamoz-yayinevi","10":"pa_yazar-kollektif","12":"first","13":"instock","14":"sale","15":"shipping-taxable","16":"purchasable","17":"product-type-simple"},"_links":{"self":[{"href":"https:\/\/roveyayinevi.com.tr\/index.php\/wp-json\/wp\/v2\/product\/713194","targetHints":{"allow":["GET"]}}],"collection":[{"href":"https:\/\/roveyayinevi.com.tr\/index.php\/wp-json\/wp\/v2\/product"}],"about":[{"href":"https:\/\/roveyayinevi.com.tr\/index.php\/wp-json\/wp\/v2\/types\/product"}],"wp:attachment":[{"href":"https:\/\/roveyayinevi.com.tr\/index.php\/wp-json\/wp\/v2\/media?parent=713194"}],"wp:term":[{"taxonomy":"product_brand","embeddable":true,"href":"https:\/\/roveyayinevi.com.tr\/index.php\/wp-json\/wp\/v2\/product_brand?post=713194"},{"taxonomy":"product_cat","embeddable":true,"href":"https:\/\/roveyayinevi.com.tr\/index.php\/wp-json\/wp\/v2\/product_cat?post=713194"},{"taxonomy":"product_tag","embeddable":true,"href":"https:\/\/roveyayinevi.com.tr\/index.php\/wp-json\/wp\/v2\/product_tag?post=713194"}],"curies":[{"name":"wp","href":"https:\/\/api.w.org\/{rel}","templated":true}]}}