{"id":713191,"date":"2025-08-27T17:04:58","date_gmt":"2025-08-27T14:04:58","guid":{"rendered":"https:\/\/roveyayinevi.com.tr\/index.php\/urun\/eve-giden-uzun-yol\/"},"modified":"2026-04-16T02:21:44","modified_gmt":"2026-04-15T23:21:44","slug":"eve-giden-uzun-yol","status":"publish","type":"product","link":"https:\/\/roveyayinevi.com.tr\/index.php\/urun\/eve-giden-uzun-yol\/","title":{"rendered":"Eve Giden Uzun Yol"},"content":{"rendered":"<p>Aile sevgisi her \u015feyin \u00fcstesinden gelir&#8230; Sava\u015f At\u0131 kitab\u0131n\u0131n bol \u00f6d\u00fcll\u00fc yazar\u0131 Michael Morpurgo\u2019dan umut dolu bir aray\u0131\u015f \u00f6yk\u00fcs\u00fc: Eve Giden Uzun Yol10 ya\u015f ve \u00fczerindeki her ya\u015ftan kitapseverin y\u00fcre\u011fine dokunmay\u0131 ba\u015faran Eve Giden Uzun Yol, yetimhanede ya\u015fayan ve ait olabilece\u011fi bir aile hayali kuran 12 ya\u015f\u0131ndaki George\u2019un esrarengiz olaylarla s\u0131nanan ya\u015fam \u00f6yk\u00fcs\u00fcn\u00fc anlat\u0131yor.Payla\u015fman\u0131n, umudun, sevginin ve azmin \u00f6nemini vurgulayan Eve Giden Uzun Yol, okurlar\u0131n dama\u011f\u0131nda klasik eserlere has bir tat b\u0131rak\u0131yor. George, yetimhanede ya\u015fayan ve yeni bir aile bulma umuduyla, yaz tatillerini farkl\u0131 koruyucu ailelerin yan\u0131nda ge\u00e7iren i\u00e7ine kapan\u0131k bir \u00e7ocuktur. Her yaz yeni hayallerle yola koyulan George \u00f6zlemini \u00e7ekti\u011fi mutlu yuvaya kavu\u015famadan yetimhaneye geri d\u00f6ner. George i\u00e7in y\u0131llar boyunca s\u00fcren hayal k\u0131r\u0131kl\u0131klar\u0131 bir yaz gitmeye mecbur b\u0131rak\u0131ld\u0131\u011f\u0131 ailenin evine ula\u015ft\u0131\u011f\u0131nda de\u011fi\u015fir. Bir \u00e7iftlik evinde ya\u015fayan ve iki \u00e7ocu\u011fu daha olan yeni koruyucu ailesinin yan\u0131nda kendisini hayat\u0131nda ilk kez bir yere ait hisseder. Acaba George\u2019un sevgi dolu kocaman bir aileye sahip olma hayali nihayet ger\u00e7ekle\u015fecek midir? 2003 y\u0131l\u0131nda \u0130ngiliz \u00c7ocuk Edebiyat\u0131 El\u00e7isi se\u00e7ilen Michael Morpurgo\u2019nun evrensel manevi de\u011ferlerle yo\u011frulmu\u015f bu zamans\u0131z eseri, severek ve umut ederek her zorlu\u011fun \u00fcstesinden gelinebilece\u011fini savunuyor. <\/p>\n","protected":false},"excerpt":{"rendered":"<p>Aile sevgisi her \u015feyin \u00fcstesinden gelir&#8230; Sava\u015f At\u0131 kitab\u0131n\u0131n bol \u00f6d\u00fcll\u00fc yazar\u0131 Michael Morpurgo\u2019dan umut dolu bir aray\u0131\u015f \u00f6yk\u00fcs\u00fc: Eve Giden Uzun Yol10 ya\u015f ve \u00fczerindeki<span class=\"excerpt-hellip\"> [\u2026]<\/span><\/p>\n","protected":false},"featured_media":0,"template":"","meta":{"_monsterinsights_skip_tracking":false,"_monsterinsights_sitenote_active":false,"_monsterinsights_sitenote_note":"","_monsterinsights_sitenote_category":0},"product_brand":[],"product_cat":[12275,12274],"product_tag":[],"class_list":{"0":"post-713191","1":"product","2":"type-product","3":"status-publish","5":"product_cat-6-12-yas-kitaplari","6":"product_cat-cocuk-ve-genclik-kitaplari","7":"pa_cilt-ciltsiz","8":"pa_tur-kitap","9":"pa_yayinevi-tudem-yayinlari","10":"pa_yazar-michael-morpurgo","12":"first","13":"instock","14":"sale","15":"shipping-taxable","16":"purchasable","17":"product-type-simple"},"_links":{"self":[{"href":"https:\/\/roveyayinevi.com.tr\/index.php\/wp-json\/wp\/v2\/product\/713191","targetHints":{"allow":["GET"]}}],"collection":[{"href":"https:\/\/roveyayinevi.com.tr\/index.php\/wp-json\/wp\/v2\/product"}],"about":[{"href":"https:\/\/roveyayinevi.com.tr\/index.php\/wp-json\/wp\/v2\/types\/product"}],"wp:attachment":[{"href":"https:\/\/roveyayinevi.com.tr\/index.php\/wp-json\/wp\/v2\/media?parent=713191"}],"wp:term":[{"taxonomy":"product_brand","embeddable":true,"href":"https:\/\/roveyayinevi.com.tr\/index.php\/wp-json\/wp\/v2\/product_brand?post=713191"},{"taxonomy":"product_cat","embeddable":true,"href":"https:\/\/roveyayinevi.com.tr\/index.php\/wp-json\/wp\/v2\/product_cat?post=713191"},{"taxonomy":"product_tag","embeddable":true,"href":"https:\/\/roveyayinevi.com.tr\/index.php\/wp-json\/wp\/v2\/product_tag?post=713191"}],"curies":[{"name":"wp","href":"https:\/\/api.w.org\/{rel}","templated":true}]}}